{"id":128146,"date":"2023-07-20T10:53:40","date_gmt":"2023-07-20T15:53:40","guid":{"rendered":"https:\/\/zonales.quito.gob.ec\/?page_id=128146"},"modified":"2025-12-31T07:53:03","modified_gmt":"2025-12-31T12:53:03","slug":"ferias-inclusivas-la-delicia","status":"publish","type":"page","link":"https:\/\/zonales.quito.gob.ec\/?page_id=128146","title":{"rendered":"Ferias Inclusivas La Delicia"},"content":{"rendered":"\t\t<div data-elementor-type=\"wp-page\" data-elementor-id=\"128146\" class=\"elementor elementor-128146\" data-elementor-post-type=\"page\">\n\t\t\t\t\t\t<section class=\"elementor-section elementor-top-section elementor-element elementor-element-c980ad4 elementor-section-boxed elementor-section-height-default elementor-section-height-default\" data-id=\"c980ad4\" data-element_type=\"section\" data-settings=\"{&quot;background_background&quot;:&quot;classic&quot;}\">\n\t\t\t\t\t\t\t<div class=\"elementor-background-overlay\"><\/div>\n\t\t\t\t\t\t\t<div class=\"elementor-container elementor-column-gap-no\">\n\t\t\t\t\t<div class=\"elementor-column elementor-col-100 elementor-top-column elementor-element elementor-element-3af4df7\" data-id=\"3af4df7\" data-element_type=\"column\">\n\t\t\t<div class=\"elementor-widget-wrap elementor-element-populated\">\n\t\t\t\t\t\t<div class=\"elementor-element elementor-element-1c6676e elementor-icon-list--layout-traditional elementor-list-item-link-full_width elementor-widget elementor-widget-icon-list\" data-id=\"1c6676e\" data-element_type=\"widget\" data-widget_type=\"icon-list.default\">\n\t\t\t\t<div class=\"elementor-widget-container\">\n\t\t\t\t\t\t\t<ul class=\"elementor-icon-list-items\">\n\t\t\t\t\t\t\t<li class=\"elementor-icon-list-item\">\n\t\t\t\t\t\t\t\t\t\t\t<span class=\"elementor-icon-list-icon\">\n\t\t\t\t\t\t\t<svg aria-hidden=\"true\" class=\"e-font-icon-svg e-far-calendar-alt\" viewBox=\"0 0 448 512\" xmlns=\"http:\/\/www.w3.org\/2000\/svg\"><path d=\"M148 288h-40c-6.6 0-12-5.4-12-12v-40c0-6.6 5.4-12 12-12h40c6.6 0 12 5.4 12 12v40c0 6.6-5.4 12-12 12zm108-12v-40c0-6.6-5.4-12-12-12h-40c-6.6 0-12 5.4-12 12v40c0 6.6 5.4 12 12 12h40c6.6 0 12-5.4 12-12zm96 0v-40c0-6.6-5.4-12-12-12h-40c-6.6 0-12 5.4-12 12v40c0 6.6 5.4 12 12 12h40c6.6 0 12-5.4 12-12zm-96 96v-40c0-6.6-5.4-12-12-12h-40c-6.6 0-12 5.4-12 12v40c0 6.6 5.4 12 12 12h40c6.6 0 12-5.4 12-12zm-96 0v-40c0-6.6-5.4-12-12-12h-40c-6.6 0-12 5.4-12 12v40c0 6.6 5.4 12 12 12h40c6.6 0 12-5.4 12-12zm192 0v-40c0-6.6-5.4-12-12-12h-40c-6.6 0-12 5.4-12 12v40c0 6.6 5.4 12 12 12h40c6.6 0 12-5.4 12-12zm96-260v352c0 26.5-21.5 48-48 48H48c-26.5 0-48-21.5-48-48V112c0-26.5 21.5-48 48-48h48V12c0-6.6 5.4-12 12-12h40c6.6 0 12 5.4 12 12v52h128V12c0-6.6 5.4-12 12-12h40c6.6 0 12 5.4 12 12v52h48c26.5 0 48 21.5 48 48zm-48 346V160H48v298c0 3.3 2.7 6 6 6h340c3.3 0 6-2.7 6-6z\"><\/path><\/svg>\t\t\t\t\t\t<\/span>\n\t\t\t\t\t\t\t\t\t\t<span class=\"elementor-icon-list-text\">Ferias Inclusivas<\/span>\n\t\t\t\t\t\t\t\t\t<\/li>\n\t\t\t\t\t\t<\/ul>\n\t\t\t\t\t\t<\/div>\n\t\t\t\t<\/div>\n\t\t\t\t<div class=\"elementor-element elementor-element-5a68dd5 elementor-widget elementor-widget-heading\" data-id=\"5a68dd5\" data-element_type=\"widget\" data-widget_type=\"heading.default\">\n\t\t\t\t<div class=\"elementor-widget-container\">\n\t\t\t\t\t<h1 class=\"elementor-heading-title elementor-size-default\">Administraci\u00f3n Zonal La Delicia<\/h1>\t\t\t\t<\/div>\n\t\t\t\t<\/div>\n\t\t\t\t\t<\/div>\n\t\t<\/div>\n\t\t\t\t\t<\/div>\n\t\t<\/section>\n\t\t\t\t<section class=\"elementor-section elementor-top-section elementor-element elementor-element-7f827fe elementor-section-full_width elementor-section-height-default elementor-section-height-default\" data-id=\"7f827fe\" data-element_type=\"section\" data-settings=\"{&quot;background_background&quot;:&quot;classic&quot;}\">\n\t\t\t\t\t\t<div class=\"elementor-container elementor-column-gap-default\">\n\t\t\t\t\t<div class=\"elementor-column elementor-col-100 elementor-top-column elementor-element elementor-element-d914679\" data-id=\"d914679\" data-element_type=\"column\">\n\t\t\t<div class=\"elementor-widget-wrap elementor-element-populated\">\n\t\t\t\t\t\t<div class=\"elementor-element elementor-element-951aa46 hfe-nav-menu__align-center hfe-submenu-icon-plus hfe-submenu-animation-slide_up hfe-link-redirect-self_link hfe-nav-menu__breakpoint-mobile elementor-widget elementor-widget-navigation-menu\" data-id=\"951aa46\" data-element_type=\"widget\" data-settings=\"{&quot;distance_from_menu_mobile&quot;:{&quot;unit&quot;:&quot;px&quot;,&quot;size&quot;:-3,&quot;sizes&quot;:[]},&quot;padding_horizontal_menu_item&quot;:{&quot;unit&quot;:&quot;px&quot;,&quot;size&quot;:15,&quot;sizes&quot;:[]},&quot;padding_horizontal_menu_item_tablet&quot;:{&quot;unit&quot;:&quot;px&quot;,&quot;size&quot;:&quot;&quot;,&quot;sizes&quot;:[]},&quot;padding_horizontal_menu_item_mobile&quot;:{&quot;unit&quot;:&quot;px&quot;,&quot;size&quot;:&quot;&quot;,&quot;sizes&quot;:[]},&quot;padding_vertical_menu_item&quot;:{&quot;unit&quot;:&quot;px&quot;,&quot;size&quot;:15,&quot;sizes&quot;:[]},&quot;padding_vertical_menu_item_tablet&quot;:{&quot;unit&quot;:&quot;px&quot;,&quot;size&quot;:&quot;&quot;,&quot;sizes&quot;:[]},&quot;padding_vertical_menu_item_mobile&quot;:{&quot;unit&quot;:&quot;px&quot;,&quot;size&quot;:&quot;&quot;,&quot;sizes&quot;:[]},&quot;menu_space_between&quot;:{&quot;unit&quot;:&quot;px&quot;,&quot;size&quot;:&quot;&quot;,&quot;sizes&quot;:[]},&quot;menu_space_between_tablet&quot;:{&quot;unit&quot;:&quot;px&quot;,&quot;size&quot;:&quot;&quot;,&quot;sizes&quot;:[]},&quot;menu_space_between_mobile&quot;:{&quot;unit&quot;:&quot;px&quot;,&quot;size&quot;:&quot;&quot;,&quot;sizes&quot;:[]},&quot;menu_row_space&quot;:{&quot;unit&quot;:&quot;px&quot;,&quot;size&quot;:&quot;&quot;,&quot;sizes&quot;:[]},&quot;menu_row_space_tablet&quot;:{&quot;unit&quot;:&quot;px&quot;,&quot;size&quot;:&quot;&quot;,&quot;sizes&quot;:[]},&quot;menu_row_space_mobile&quot;:{&quot;unit&quot;:&quot;px&quot;,&quot;size&quot;:&quot;&quot;,&quot;sizes&quot;:[]},&quot;dropdown_border_radius&quot;:{&quot;unit&quot;:&quot;px&quot;,&quot;top&quot;:&quot;&quot;,&quot;right&quot;:&quot;&quot;,&quot;bottom&quot;:&quot;&quot;,&quot;left&quot;:&quot;&quot;,&quot;isLinked&quot;:true},&quot;dropdown_border_radius_tablet&quot;:{&quot;unit&quot;:&quot;px&quot;,&quot;top&quot;:&quot;&quot;,&quot;right&quot;:&quot;&quot;,&quot;bottom&quot;:&quot;&quot;,&quot;left&quot;:&quot;&quot;,&quot;isLinked&quot;:true},&quot;dropdown_border_radius_mobile&quot;:{&quot;unit&quot;:&quot;px&quot;,&quot;top&quot;:&quot;&quot;,&quot;right&quot;:&quot;&quot;,&quot;bottom&quot;:&quot;&quot;,&quot;left&quot;:&quot;&quot;,&quot;isLinked&quot;:true},&quot;width_dropdown_item&quot;:{&quot;unit&quot;:&quot;px&quot;,&quot;size&quot;:&quot;220&quot;,&quot;sizes&quot;:[]},&quot;width_dropdown_item_tablet&quot;:{&quot;unit&quot;:&quot;px&quot;,&quot;size&quot;:&quot;&quot;,&quot;sizes&quot;:[]},&quot;width_dropdown_item_mobile&quot;:{&quot;unit&quot;:&quot;px&quot;,&quot;size&quot;:&quot;&quot;,&quot;sizes&quot;:[]},&quot;padding_horizontal_dropdown_item&quot;:{&quot;unit&quot;:&quot;px&quot;,&quot;size&quot;:&quot;&quot;,&quot;sizes&quot;:[]},&quot;padding_horizontal_dropdown_item_tablet&quot;:{&quot;unit&quot;:&quot;px&quot;,&quot;size&quot;:&quot;&quot;,&quot;sizes&quot;:[]},&quot;padding_horizontal_dropdown_item_mobile&quot;:{&quot;unit&quot;:&quot;px&quot;,&quot;size&quot;:&quot;&quot;,&quot;sizes&quot;:[]},&quot;padding_vertical_dropdown_item&quot;:{&quot;unit&quot;:&quot;px&quot;,&quot;size&quot;:15,&quot;sizes&quot;:[]},&quot;padding_vertical_dropdown_item_tablet&quot;:{&quot;unit&quot;:&quot;px&quot;,&quot;size&quot;:&quot;&quot;,&quot;sizes&quot;:[]},&quot;padding_vertical_dropdown_item_mobile&quot;:{&quot;unit&quot;:&quot;px&quot;,&quot;size&quot;:&quot;&quot;,&quot;sizes&quot;:[]},&quot;distance_from_menu&quot;:{&quot;unit&quot;:&quot;px&quot;,&quot;size&quot;:&quot;&quot;,&quot;sizes&quot;:[]},&quot;distance_from_menu_tablet&quot;:{&quot;unit&quot;:&quot;px&quot;,&quot;size&quot;:&quot;&quot;,&quot;sizes&quot;:[]},&quot;toggle_size&quot;:{&quot;unit&quot;:&quot;px&quot;,&quot;size&quot;:&quot;&quot;,&quot;sizes&quot;:[]},&quot;toggle_size_tablet&quot;:{&quot;unit&quot;:&quot;px&quot;,&quot;size&quot;:&quot;&quot;,&quot;sizes&quot;:[]},&quot;toggle_size_mobile&quot;:{&quot;unit&quot;:&quot;px&quot;,&quot;size&quot;:&quot;&quot;,&quot;sizes&quot;:[]},&quot;toggle_border_width&quot;:{&quot;unit&quot;:&quot;px&quot;,&quot;size&quot;:&quot;&quot;,&quot;sizes&quot;:[]},&quot;toggle_border_width_tablet&quot;:{&quot;unit&quot;:&quot;px&quot;,&quot;size&quot;:&quot;&quot;,&quot;sizes&quot;:[]},&quot;toggle_border_width_mobile&quot;:{&quot;unit&quot;:&quot;px&quot;,&quot;size&quot;:&quot;&quot;,&quot;sizes&quot;:[]},&quot;toggle_border_radius&quot;:{&quot;unit&quot;:&quot;px&quot;,&quot;size&quot;:&quot;&quot;,&quot;sizes&quot;:[]},&quot;toggle_border_radius_tablet&quot;:{&quot;unit&quot;:&quot;px&quot;,&quot;size&quot;:&quot;&quot;,&quot;sizes&quot;:[]},&quot;toggle_border_radius_mobile&quot;:{&quot;unit&quot;:&quot;px&quot;,&quot;size&quot;:&quot;&quot;,&quot;sizes&quot;:[]}}\" data-widget_type=\"navigation-menu.default\">\n\t\t\t\t<div class=\"elementor-widget-container\">\n\t\t\t\t\t\t\t\t<div class=\"hfe-nav-menu hfe-layout-horizontal hfe-nav-menu-layout horizontal hfe-pointer__underline hfe-animation__fade\" data-layout=\"horizontal\">\n\t\t\t\t<div role=\"button\" class=\"hfe-nav-menu__toggle elementor-clickable\" tabindex=\"0\" aria-label=\"Alternar men\u00fa\">\n\t\t\t\t\t<span class=\"screen-reader-text\">Men\u00fa<\/span>\n\t\t\t\t\t<div class=\"hfe-nav-menu-icon\">\n\t\t\t\t\t\t<svg aria-hidden=\"true\"  class=\"e-font-icon-svg e-fas-align-justify\" viewBox=\"0 0 448 512\" xmlns=\"http:\/\/www.w3.org\/2000\/svg\"><path d=\"M432 416H16a16 16 0 0 0-16 16v32a16 16 0 0 0 16 16h416a16 16 0 0 0 16-16v-32a16 16 0 0 0-16-16zm0-128H16a16 16 0 0 0-16 16v32a16 16 0 0 0 16 16h416a16 16 0 0 0 16-16v-32a16 16 0 0 0-16-16zm0-128H16a16 16 0 0 0-16 16v32a16 16 0 0 0 16 16h416a16 16 0 0 0 16-16v-32a16 16 0 0 0-16-16zm0-128H16A16 16 0 0 0 0 48v32a16 16 0 0 0 16 16h416a16 16 0 0 0 16-16V48a16 16 0 0 0-16-16z\"><\/path><\/svg>\t\t\t\t\t<\/div>\n\t\t\t\t<\/div>\n\t\t\t\t<nav itemscope=\"itemscope\" itemtype=\"https:\/\/schema.org\/SiteNavigationElement\" class=\"hfe-nav-menu__layout-horizontal hfe-nav-menu__submenu-plus\" data-toggle-icon=\"&lt;svg aria-hidden=&quot;true&quot; tabindex=&quot;0&quot; class=&quot;e-font-icon-svg e-fas-align-justify&quot; viewBox=&quot;0 0 448 512&quot; xmlns=&quot;http:\/\/www.w3.org\/2000\/svg&quot;&gt;&lt;path d=&quot;M432 416H16a16 16 0 0 0-16 16v32a16 16 0 0 0 16 16h416a16 16 0 0 0 16-16v-32a16 16 0 0 0-16-16zm0-128H16a16 16 0 0 0-16 16v32a16 16 0 0 0 16 16h416a16 16 0 0 0 16-16v-32a16 16 0 0 0-16-16zm0-128H16a16 16 0 0 0-16 16v32a16 16 0 0 0 16 16h416a16 16 0 0 0 16-16v-32a16 16 0 0 0-16-16zm0-128H16A16 16 0 0 0 0 48v32a16 16 0 0 0 16 16h416a16 16 0 0 0 16-16V48a16 16 0 0 0-16-16z&quot;&gt;&lt;\/path&gt;&lt;\/svg&gt;\" data-close-icon=\"&lt;svg aria-hidden=&quot;true&quot; tabindex=&quot;0&quot; class=&quot;e-font-icon-svg e-far-window-close&quot; viewBox=&quot;0 0 512 512&quot; xmlns=&quot;http:\/\/www.w3.org\/2000\/svg&quot;&gt;&lt;path d=&quot;M464 32H48C21.5 32 0 53.5 0 80v352c0 26.5 21.5 48 48 48h416c26.5 0 48-21.5 48-48V80c0-26.5-21.5-48-48-48zm0 394c0 3.3-2.7 6-6 6H54c-3.3 0-6-2.7-6-6V86c0-3.3 2.7-6 6-6h404c3.3 0 6 2.7 6 6v340zM356.5 194.6L295.1 256l61.4 61.4c4.6 4.6 4.6 12.1 0 16.8l-22.3 22.3c-4.6 4.6-12.1 4.6-16.8 0L256 295.1l-61.4 61.4c-4.6 4.6-12.1 4.6-16.8 0l-22.3-22.3c-4.6-4.6-4.6-12.1 0-16.8l61.4-61.4-61.4-61.4c-4.6-4.6-4.6-12.1 0-16.8l22.3-22.3c4.6-4.6 12.1-4.6 16.8 0l61.4 61.4 61.4-61.4c4.6-4.6 12.1-4.6 16.8 0l22.3 22.3c4.7 4.6 4.7 12.1 0 16.8z&quot;&gt;&lt;\/path&gt;&lt;\/svg&gt;\" data-full-width=\"yes\">\n\t\t\t\t\t<ul id=\"menu-1-951aa46\" class=\"hfe-nav-menu\"><li id=\"menu-item-148613\" itemprop=\"name\" class=\"menu-item menu-item-type-post_type menu-item-object-page parent hfe-creative-menu\"><a href=\"https:\/\/zonales.quito.gob.ec\/?page_id=148408\" itemprop=\"url\" class = \"hfe-menu-item\">Secretar\u00eda<\/a><\/li>\n<li id=\"menu-item-148625\" itemprop=\"name\" class=\"menu-item menu-item-type-post_type menu-item-object-page parent hfe-creative-menu\"><a href=\"https:\/\/zonales.quito.gob.ec\/?page_id=29381\" itemprop=\"url\" class = \"hfe-menu-item\">Calder\u00f3n<\/a><\/li>\n<li id=\"menu-item-331896\" itemprop=\"name\" class=\"menu-item menu-item-type-post_type menu-item-object-page parent hfe-creative-menu\"><a href=\"https:\/\/zonales.quito.gob.ec\/?page_id=331886\" itemprop=\"url\" class = \"hfe-menu-item\">Choco Andino<\/a><\/li>\n<li id=\"menu-item-148618\" itemprop=\"name\" class=\"menu-item menu-item-type-post_type menu-item-object-page parent hfe-creative-menu\"><a href=\"https:\/\/zonales.quito.gob.ec\/?page_id=132644\" itemprop=\"url\" class = \"hfe-menu-item\">Eloy Alfaro<\/a><\/li>\n<li id=\"menu-item-148617\" itemprop=\"name\" class=\"menu-item menu-item-type-post_type menu-item-object-page parent hfe-creative-menu\"><a href=\"https:\/\/zonales.quito.gob.ec\/?page_id=51928\" itemprop=\"url\" class = \"hfe-menu-item\">Eugenio Espejo<\/a><\/li>\n<li id=\"menu-item-148616\" itemprop=\"name\" class=\"menu-item menu-item-type-post_type menu-item-object-page parent hfe-creative-menu\"><a href=\"https:\/\/zonales.quito.gob.ec\/?page_id=128146\" itemprop=\"url\" class = \"hfe-menu-item\">La Delicia<\/a><\/li>\n<li id=\"menu-item-148615\" itemprop=\"name\" class=\"menu-item menu-item-type-post_type menu-item-object-page parent hfe-creative-menu\"><a href=\"https:\/\/zonales.quito.gob.ec\/?page_id=52400\" itemprop=\"url\" class = \"hfe-menu-item\">La Mariscal<\/a><\/li>\n<li id=\"menu-item-148614\" itemprop=\"name\" class=\"menu-item menu-item-type-post_type menu-item-object-page parent hfe-creative-menu\"><a href=\"https:\/\/zonales.quito.gob.ec\/?page_id=50758\" itemprop=\"url\" class = \"hfe-menu-item\">Quitumbe<\/a><\/li>\n<\/ul> \n\t\t\t\t<\/nav>\n\t\t\t<\/div>\n\t\t\t\t\t\t\t<\/div>\n\t\t\t\t<\/div>\n\t\t\t\t\t<\/div>\n\t\t<\/div>\n\t\t\t\t\t<\/div>\n\t\t<\/section>\n\t\t\t\t<section class=\"elementor-section elementor-top-section elementor-element elementor-element-56d3581 elementor-section-boxed elementor-section-height-default elementor-section-height-default\" data-id=\"56d3581\" data-element_type=\"section\" data-settings=\"{&quot;background_background&quot;:&quot;classic&quot;}\">\n\t\t\t\t\t\t<div class=\"elementor-container elementor-column-gap-default\">\n\t\t\t\t\t<div class=\"elementor-column elementor-col-100 elementor-top-column elementor-element elementor-element-d500869\" data-id=\"d500869\" data-element_type=\"column\">\n\t\t\t<div class=\"elementor-widget-wrap elementor-element-populated\">\n\t\t\t\t\t\t<div class=\"elementor-element elementor-element-1b36101 elementor-tabs-alignment-center elementor-tabs-view-horizontal elementor-widget elementor-widget-tabs\" data-id=\"1b36101\" data-element_type=\"widget\" data-widget_type=\"tabs.default\">\n\t\t\t\t<div class=\"elementor-widget-container\">\n\t\t\t\t\t\t\t<div class=\"elementor-tabs\">\n\t\t\t<div class=\"elementor-tabs-wrapper\" role=\"tablist\" >\n\t\t\t\t\t\t\t\t\t<div id=\"elementor-tab-title-2851\" class=\"elementor-tab-title elementor-tab-desktop-title\" aria-selected=\"true\" data-tab=\"1\" role=\"tab\" tabindex=\"0\" aria-controls=\"elementor-tab-content-2851\" aria-expanded=\"false\">A\u00f1o 2025<\/div>\n\t\t\t\t\t\t\t\t\t<div id=\"elementor-tab-title-2852\" class=\"elementor-tab-title elementor-tab-desktop-title\" aria-selected=\"false\" data-tab=\"2\" role=\"tab\" tabindex=\"-1\" aria-controls=\"elementor-tab-content-2852\" aria-expanded=\"false\">A\u00f1o 2024<\/div>\n\t\t\t\t\t\t\t\t\t<div id=\"elementor-tab-title-2853\" class=\"elementor-tab-title elementor-tab-desktop-title\" aria-selected=\"false\" data-tab=\"3\" role=\"tab\" tabindex=\"-1\" aria-controls=\"elementor-tab-content-2853\" aria-expanded=\"false\">A\u00f1o 2023<\/div>\n\t\t\t\t\t\t\t<\/div>\n\t\t\t<div class=\"elementor-tabs-content-wrapper\" role=\"tablist\" aria-orientation=\"vertical\">\n\t\t\t\t\t\t\t\t\t<div class=\"elementor-tab-title elementor-tab-mobile-title\" aria-selected=\"true\" data-tab=\"1\" role=\"tab\" tabindex=\"0\" aria-controls=\"elementor-tab-content-2851\" aria-expanded=\"false\">A\u00f1o 2025<\/div>\n\t\t\t\t\t<div id=\"elementor-tab-content-2851\" class=\"elementor-tab-content elementor-clearfix\" data-tab=\"1\" role=\"tabpanel\" aria-labelledby=\"elementor-tab-title-2851\" tabindex=\"0\" hidden=\"false\"><p><a href=\"https:\/\/zonales.quito.gob.ec\/wp-content\/uploads\/1-Convocatoria_Feria_Inclusiva_signed.pdf\"><span style=\"text-decoration: underline;\">PROVISI\u00d3N DE MOBILIARIO, MAQUINARIAS Y EQUIPOS PARA LA CASA SOMOS COLINAS DEL NORTE<\/span><\/a><\/p><p><a href=\"https:\/\/zonales.quito.gob.ec\/wp-content\/uploads\/01-Convocatoria-Feria-Inclusiva-516.pdf\"><span style=\"text-decoration: underline;\">CONTRATACI\u00d3N DEL SERVICIO DE VEH\u00cdCULOS PARA LA MOVILIZACI\u00d3N DEL PERSONAL DE LA INSTITUCI\u00d3N EN LA EJECUCI\u00d3N DE PROYECTOS CON LA COMUNIDAD<\/span><\/a><\/p><p><a href=\"https:\/\/zonales.quito.gob.ec\/wp-content\/uploads\/1_Convocatoria_Feria_Inclusiva_515_signed.pdf\"><span style=\"text-decoration: underline;\">MANTENIMIENTO Y REPARACI\u00d3N DE PREDIOS DE LA ADMINISTRACI\u00d3N ZONAL LA DELICIA II ETAPA<\/span><\/a><\/p><p><a href=\"https:\/\/zonales.quito.gob.ec\/wp-content\/uploads\/Convocatoria_Feria_Inclusiva514_signed.pdf\"><span style=\"text-decoration: underline;\">SERVICIO DE REFACCI\u00d3N EN PARQUES ALZD<\/span><\/a><\/p><p><a href=\"https:\/\/zonales.quito.gob.ec\/wp-content\/uploads\/2-Convocatoria_Feria_Inclusiva_513_signed.pdf\"><span style=\"text-decoration: underline;\">MANTENIMIENTO PREVENTIVO Y CORRECTIVO DE LOS 5 CENTROS COMUNITARIOS CASAS SOMOS AZLD<\/span><\/a><\/p><p><a href=\"https:\/\/zonales.quito.gob.ec\/wp-content\/uploads\/CONVOCATORIO_FIE508_signed.pdf\"><span style=\"text-decoration: underline;\">TALLERES PROYECTO INFRAESTRUCTURA, ESPACIO P\u00daBLICO Y DESARROLLO SOCIAL CON PRIORIZACI\u00d3N CIUDADANA AZLD 2025<\/span><\/a><\/p><p><a href=\"https:\/\/zonales.quito.gob.ec\/wp-content\/uploads\/CONVOCATORIO_FIE509_signed.pdf\"><span style=\"text-decoration: underline;\">CAPACITACI\u00d3N PARA EL FORTALECIMIENTO DE LA COMUNIDAD DZPC-AZLD<\/span><\/a><\/p><p><a href=\"https:\/\/zonales.quito.gob.ec\/wp-content\/uploads\/CONVOCATORIO_FIE511_signed.pdf\"><span style=\"text-decoration: underline;\">ADQUISICI\u00d3N DE MATERIALES PARA LA RECUPERACI\u00d3N Y APROPIACI\u00d3N DE LOS ESPACIOS P\u00daBLICOS EN EL TERRITORIO DE LA ADMINISTRACI\u00d3N ZONAL LA DELICIA<\/span><\/a><\/p><p><a href=\"https:\/\/zonales.quito.gob.ec\/wp-content\/uploads\/CONVOCATORIO_FIE510_signed.pdf\"><span style=\"text-decoration: underline;\">CONTRATACI\u00d3N DEL SERVICIO DE TRANSPORTE INSTITUCIONAL PARA EL PERSONALDE LA ADMINISTRACION LA DELICIA-AZLD<\/span><\/a><\/p><p><a href=\"https:\/\/zonales.quito.gob.ec\/wp-content\/uploads\/CONVOCATORIO_FIE507_signed.pdf\"><span style=\"text-decoration: underline;\">CAPACITACI\u00d3N PARA LA CIUDADAN\u00cdA EN GENERAL &#8211; PROYECTOS PRODUCTIVOS AZLD 2025<\/span><\/a><\/p><p><a href=\"https:\/\/zonales.quito.gob.ec\/wp-content\/uploads\/CONVOCATORIO_FIE504_signed.pdf\"><span style=\"text-decoration: underline;\">EVENTOS P\u00daBLICOS PROMOCIONALES PROYECTO INFRAESTRUCTURA, ESPACIO P\u00daBLICO Y DESARROLLO SOCIAL CON PRIORIZACI\u00d3N CIUDADANA AZLD 2025<\/span><\/a><\/p><p><a href=\"https:\/\/zonales.quito.gob.ec\/wp-content\/uploads\/CONVOCATORIO_FIE506_signed.pdf\"><span style=\"text-decoration: underline;\">MANTENIMIENTO PREVENTIVO Y CORRECTIVO DE LOS 5 CENTROS COMUNITARIOS CASAS SOMOS AZLD<\/span><\/a><\/p><p><a href=\"https:\/\/zonales.quito.gob.ec\/wp-content\/uploads\/CONVOCATORIO-FIE-505-signed.pdf\"><span style=\"text-decoration: underline;\">CONTRATACION DE EVENTOS P\u00daBLICOS PROMOCIONALES DE LOS CENTROS <\/span><span style=\"text-decoration: underline;\">COMUNITARIOS CASAS SOMOS AZLD<\/span><\/a><\/p><p><a href=\"https:\/\/zonales.quito.gob.ec\/wp-content\/uploads\/CONVOCATORIO-FIE-503-signed.pdf\"><span style=\"text-decoration: underline;\">CONTRATACI\u00d3N EVENTOS PARA LA DIRECCI\u00d3N DE DESARROLLO SOCIAL YECON\u00d3MICO AZLD 2025<\/span><\/a><\/p><p><a href=\"https:\/\/zonales.quito.gob.ec\/wp-content\/uploads\/CONVOCATORIO-FIE-502-signed.pdf\"><span style=\"text-decoration: underline;\">CONTRATACI\u00d3N SERVICIO DE VEH\u00cdCULOS PARA MOVILIZACI\u00d3N DEL PERSONAL DE LA INSTITUCI\u00d3N PARA EJECUCI\u00d3N DE PROYECTOS 2025 AZLD<\/span><\/a><\/p><p><a href=\"https:\/\/zonales.quito.gob.ec\/wp-content\/uploads\/CONVOCATORIO-FIE-501-signed-1.pdf\"><span style=\"text-decoration: underline;\">CONTRATACI\u00d3N SERVICIO DE CUADRILLA PARA REFORESTACI\u00d3N, CERCADO Y LIMPIEZA DE BORDES DE QUEBRADA, \u00c1REA DE PROTECCI\u00d3N Y ESPACIOS P\u00daBLICOS AZLD<\/span><\/a><\/p><\/div>\n\t\t\t\t\t\t\t\t\t<div class=\"elementor-tab-title elementor-tab-mobile-title\" aria-selected=\"false\" data-tab=\"2\" role=\"tab\" tabindex=\"-1\" aria-controls=\"elementor-tab-content-2852\" aria-expanded=\"false\">A\u00f1o 2024<\/div>\n\t\t\t\t\t<div id=\"elementor-tab-content-2852\" class=\"elementor-tab-content elementor-clearfix\" data-tab=\"2\" role=\"tabpanel\" aria-labelledby=\"elementor-tab-title-2852\" tabindex=\"0\" hidden=\"hidden\"><p><a href=\"https:\/\/zonales.quito.gob.ec\/wp-content\/uploads\/convocatorio_fie-504ok4501-signed.pdf\"><span style=\"text-decoration: underline;\">CONTRATACI\u00d3N EVENTOS P\u00daBLICOS PROMOCIONALES DE LA DIRECCI\u00d3N DE DESARROLLO SOCIAL Y ECON\u00d3MICO Y DIRECCI\u00d3N DE PARTICIPACI\u00d3N CIUDADANA, AZLD 2024<\/span><\/a><\/p><p><a href=\"https:\/\/zonales.quito.gob.ec\/wp-content\/uploads\/convocatoria-1.pdf\"><span style=\"text-decoration: underline;\">ADQUISICI\u00d3N DE MATERIALES PARA LA RECUPERACI\u00d3N Y APROPIACI\u00d3N DE LOS ESPACIOS P\u00daBLICOS EN EL TERRITORIO DE LA ADMINISTRACI\u00d3N ZONAL LA DELICIA 2024 <\/span><\/a><\/p><p><a href=\"https:\/\/zonales.quito.gob.ec\/wp-content\/uploads\/convocatorio-signed-1-1.pdf\"><span style=\"text-decoration: underline;\">CONTRATACI\u00d3N EVENTOS P\u00daBLICOS PROMOCIONALES DE LA UNIDAD DE CULTURA Y EL PROYECTO INFRAESTRUCTURA, ESPACIO P\u00daBLICO Y DESARROLLO SOCIAL CON PRIORIZACI\u00d3N CIUDADANA AZLD 2024 <\/span><\/a><\/p><p><a href=\"https:\/\/zonales.quito.gob.ec\/wp-content\/uploads\/convocatorio_fie-503_firmado.pdf\"><span style=\"text-decoration: underline;\">CONTRATACI\u00d3N DEL SERVICIO DE TRANSPORTEINSTITUCIONAL PARA EL PERSONAL DE LA ADMINISTRACI\u00d3N LA DELICIA-AZLD<\/span><\/a><\/p><\/div>\n\t\t\t\t\t\t\t\t\t<div class=\"elementor-tab-title elementor-tab-mobile-title\" aria-selected=\"false\" data-tab=\"3\" role=\"tab\" tabindex=\"-1\" aria-controls=\"elementor-tab-content-2853\" aria-expanded=\"false\">A\u00f1o 2023<\/div>\n\t\t\t\t\t<div id=\"elementor-tab-content-2853\" class=\"elementor-tab-content elementor-clearfix\" data-tab=\"3\" role=\"tabpanel\" aria-labelledby=\"elementor-tab-title-2853\" tabindex=\"0\" hidden=\"hidden\"><p><a href=\"https:\/\/zonales.quito.gob.ec\/wp-content\/uploads\/convocatorio_ok.pdf\"><span style=\"text-decoration: underline;\">CONTRATACI\u00d3N DEL SERVICIO DE TRANSPORTE <\/span><span style=\"text-decoration: underline;\">INSTITUCIONAL PARA EL PERSONAL DE LA <\/span><span style=\"text-decoration: underline;\">ADMINISTRACI\u00d3N LA DELICIA-AZLD<\/span><\/a><\/p><p><span style=\"text-decoration: underline;\"><a href=\"https:\/\/zonales.quito.gob.ec\/wp-content\/uploads\/convocatorio-signed.pdf\">SERVICIO DE CAPACITACI\u00d3N PARA LA CIUDADAN\u00cdA EN GENERAL DE LA DIRECCI\u00d3N DE GESTI\u00d3N PARTICIPATIVA 2023<\/a><\/span><\/p><p><a href=\"https:\/\/zonales.quito.gob.ec\/wp-content\/uploads\/convocatorio_fi-mdmq-2023-502-signed.pdf\"><span style=\"text-decoration: underline;\">CONTRATACION EVENTOS PUBLICOS PROMOCIONALES PARA LA DIRECCION DE GESTION PARTICIPATIVA 2023 <\/span><\/a><\/p><\/div>\n\t\t\t\t\t\t\t<\/div>\n\t\t<\/div>\n\t\t\t\t\t\t<\/div>\n\t\t\t\t<\/div>\n\t\t\t\t\t<\/div>\n\t\t<\/div>\n\t\t\t\t\t<\/div>\n\t\t<\/section>\n\t\t\t\t<\/div>\n\t\t","protected":false},"excerpt":{"rendered":"<p>Ferias Inclusivas Administraci\u00f3n Zonal La Delicia Men\u00fa Secretar\u00eda Calder\u00f3n Choco Andino Eloy Alfaro Eugenio Espejo La Delicia La Mariscal Quitumbe A\u00f1o 2025 A\u00f1o 2024 A\u00f1o 2023 A\u00f1o 2025 PROVISI\u00d3N DE MOBILIARIO, MAQUINARIAS Y EQUIPOS PARA LA CASA SOMOS COLINAS DEL NORTE CONTRATACI\u00d3N DEL SERVICIO DE VEH\u00cdCULOS PARA LA MOVILIZACI\u00d3N DEL PERSONAL DE LA INSTITUCI\u00d3N EN [&hellip;]<\/p>\n","protected":false},"author":1,"featured_media":0,"parent":0,"menu_order":0,"comment_status":"closed","ping_status":"closed","template":"elementor_header_footer","meta":{"_monsterinsights_skip_tracking":false,"_monsterinsights_sitenote_active":false,"_monsterinsights_sitenote_note":"","_monsterinsights_sitenote_category":0,"footnotes":""},"class_list":["post-128146","page","type-page","status-publish","hentry"],"_links":{"self":[{"href":"https:\/\/zonales.quito.gob.ec\/index.php?rest_route=\/wp\/v2\/pages\/128146","targetHints":{"allow":["GET"]}}],"collection":[{"href":"https:\/\/zonales.quito.gob.ec\/index.php?rest_route=\/wp\/v2\/pages"}],"about":[{"href":"https:\/\/zonales.quito.gob.ec\/index.php?rest_route=\/wp\/v2\/types\/page"}],"author":[{"embeddable":true,"href":"https:\/\/zonales.quito.gob.ec\/index.php?rest_route=\/wp\/v2\/users\/1"}],"replies":[{"embeddable":true,"href":"https:\/\/zonales.quito.gob.ec\/index.php?rest_route=%2Fwp%2Fv2%2Fcomments&post=128146"}],"version-history":[{"count":85,"href":"https:\/\/zonales.quito.gob.ec\/index.php?rest_route=\/wp\/v2\/pages\/128146\/revisions"}],"predecessor-version":[{"id":341653,"href":"https:\/\/zonales.quito.gob.ec\/index.php?rest_route=\/wp\/v2\/pages\/128146\/revisions\/341653"}],"wp:attachment":[{"href":"https:\/\/zonales.quito.gob.ec\/index.php?rest_route=%2Fwp%2Fv2%2Fmedia&parent=128146"}],"curies":[{"name":"wp","href":"https:\/\/api.w.org\/{rel}","templated":true}]}}