{"id":187740,"date":"2024-06-03T14:30:29","date_gmt":"2024-06-03T19:30:29","guid":{"rendered":"https:\/\/zonales.quito.gob.ec\/?page_id=187740"},"modified":"2024-06-06T15:21:40","modified_gmt":"2024-06-06T20:21:40","slug":"estrategia-quito-rural","status":"publish","type":"page","link":"https:\/\/zonales.quito.gob.ec\/?page_id=187740","title":{"rendered":"Estrategia Quito Rural"},"content":{"rendered":"\t\t<div data-elementor-type=\"wp-page\" data-elementor-id=\"187740\" class=\"elementor elementor-187740\" data-elementor-post-type=\"page\">\n\t\t\t\t<div class=\"elementor-element elementor-element-c31bafb e-flex e-con-boxed e-con e-parent\" data-id=\"c31bafb\" data-element_type=\"container\" data-settings=\"{&quot;background_background&quot;:&quot;classic&quot;}\">\n\t\t\t\t\t<div class=\"e-con-inner\">\n\t\t\t\t<div class=\"elementor-element elementor-element-5d5685d elementor-widget elementor-widget-heading\" data-id=\"5d5685d\" data-element_type=\"widget\" data-widget_type=\"heading.default\">\n\t\t\t\t<div class=\"elementor-widget-container\">\n\t\t\t\t\t<h2 class=\"elementor-heading-title elementor-size-default\">Estrategia Quito Rural<\/h2>\t\t\t\t<\/div>\n\t\t\t\t<\/div>\n\t\t\t\t\t<\/div>\n\t\t\t\t<\/div>\n\t\t<div class=\"elementor-element elementor-element-1246174 e-flex e-con-boxed e-con e-parent\" data-id=\"1246174\" data-element_type=\"container\" data-settings=\"{&quot;background_background&quot;:&quot;classic&quot;}\">\n\t\t\t\t\t<div class=\"e-con-inner\">\n\t\t\t\t<div class=\"elementor-element elementor-element-04b203f elementor-widget elementor-widget-text-editor\" data-id=\"04b203f\" data-element_type=\"widget\" data-widget_type=\"text-editor.default\">\n\t\t\t\t<div class=\"elementor-widget-container\">\n\t\t\t\t\t\t\t\t\t<p>La &#8220;Estrategia de Gesti\u00f3n Integral de La Ruralidad&#8221; (EGIR) es un esfuerzo significativo del Municipio de Quito para abordar las necesidades y potencialidades del entorno rural, buscando una integraci\u00f3n efectiva con las zonas urbanas. Esta estrategia, impulsada por la Secretar\u00eda General de Coordinaci\u00f3n Territorial, Gobernabilidad y Participaci\u00f3n, tiene como principales objetivos: <br \/>\u2022 Establecer un marco de inversiones para el desarrollo rural mediante proyectos ejecutados por los GAD parroquiales rurales con financiamiento municipal.<br \/>\u2022 Promover la ejecuci\u00f3n de acciones intersectoriales que fomenten la articulaci\u00f3n entre distintas instancias municipales en favor de un desarrollo rural integral.<\/p><p>La EGIR, por lo tanto, se convierte en una herramienta clave para promover el desarrollo rural sostenible, fomentando una mayor equidad y cohesi\u00f3n entre las \u00e1reas urbanas y rurales de Quito.<\/p>\t\t\t\t\t\t\t\t<\/div>\n\t\t\t\t<\/div>\n\t\t\t\t\t<\/div>\n\t\t\t\t<\/div>\n\t\t<div class=\"elementor-element elementor-element-6e38594 e-flex e-con-boxed e-con e-parent\" data-id=\"6e38594\" data-element_type=\"container\" data-settings=\"{&quot;background_background&quot;:&quot;classic&quot;}\">\n\t\t\t\t\t<div class=\"e-con-inner\">\n\t\t\t\t<div class=\"elementor-element elementor-element-2fc1d7a elementor-widget elementor-widget-shortcode\" data-id=\"2fc1d7a\" data-element_type=\"widget\" data-widget_type=\"shortcode.default\">\n\t\t\t\t<div class=\"elementor-widget-container\">\n\t\t\t\t\t\t\t<div class=\"elementor-shortcode\"><div class=\"_df_book df-lite\" id=\"df_188052\"  _slug=\"quito-rural\" data-title=\"quito-rural\" wpoptions=\"true\" thumbtype=\"\" ><\/div><script class=\"df-shortcode-script\" nowprocket type=\"application\/javascript\">window.option_df_188052 = {\"outline\":[],\"backgroundColor\":\"#fff\",\"autoEnableOutline\":\"false\",\"autoEnableThumbnail\":\"false\",\"overwritePDFOutline\":\"false\",\"direction\":\"1\",\"pageSize\":\"0\",\"source\":\"https:\\\/\\\/zonales.quito.gob.ec\\\/wp-content\\\/uploads\\\/QUITO-RURAL-1.pdf\",\"wpOptions\":\"true\"}; if(window.DFLIP && window.DFLIP.parseBooks){window.DFLIP.parseBooks();}<\/script><\/div>\n\t\t\t\t\t\t<\/div>\n\t\t\t\t<\/div>\n\t\t\t\t\t<\/div>\n\t\t\t\t<\/div>\n\t\t\t\t<section class=\"elementor-section elementor-top-section elementor-element elementor-element-893bdaa elementor-section-boxed elementor-section-height-default elementor-section-height-default\" data-id=\"893bdaa\" data-element_type=\"section\" data-settings=\"{&quot;background_background&quot;:&quot;classic&quot;}\">\n\t\t\t\t\t\t<div class=\"elementor-container elementor-column-gap-default\">\n\t\t\t\t\t<div class=\"elementor-column elementor-col-100 elementor-top-column elementor-element elementor-element-111a5b2\" data-id=\"111a5b2\" data-element_type=\"column\">\n\t\t\t<div class=\"elementor-widget-wrap elementor-element-populated\">\n\t\t\t\t\t\t<div class=\"elementor-element elementor-element-2e92f56 elementor-align-center elementor-mobile-align-center elementor-widget elementor-widget-button\" data-id=\"2e92f56\" data-element_type=\"widget\" data-widget_type=\"button.default\">\n\t\t\t\t<div class=\"elementor-widget-container\">\n\t\t\t\t\t\t\t\t\t<div class=\"elementor-button-wrapper\">\n\t\t\t\t\t<a class=\"elementor-button elementor-button-link elementor-size-sm elementor-animation-grow\" href=\"https:\/\/zonales.quito.gob.ec\/wp-content\/uploads\/QUITO-RURAL-1.pdf\" id=\"boton\">\n\t\t\t\t\t\t<span class=\"elementor-button-content-wrapper\">\n\t\t\t\t\t\t\t\t\t<span class=\"elementor-button-text\">desacargar<\/span>\n\t\t\t\t\t<\/span>\n\t\t\t\t\t<\/a>\n\t\t\t\t<\/div>\n\t\t\t\t\t\t\t\t<\/div>\n\t\t\t\t<\/div>\n\t\t\t\t\t<\/div>\n\t\t<\/div>\n\t\t\t\t\t<\/div>\n\t\t<\/section>\n\t\t\t\t<\/div>\n\t\t","protected":false},"excerpt":{"rendered":"<p>Estrategia Quito Rural La &#8220;Estrategia de Gesti\u00f3n Integral de La Ruralidad&#8221; (EGIR) es un esfuerzo significativo del Municipio de Quito para abordar las necesidades y potencialidades del entorno rural, buscando una integraci\u00f3n efectiva con las zonas urbanas. Esta estrategia, impulsada por la Secretar\u00eda General de Coordinaci\u00f3n Territorial, Gobernabilidad y Participaci\u00f3n, tiene como principales objetivos: \u2022 [&hellip;]<\/p>\n","protected":false},"author":1,"featured_media":0,"parent":0,"menu_order":0,"comment_status":"closed","ping_status":"closed","template":"elementor_header_footer","meta":{"_monsterinsights_skip_tracking":false,"_monsterinsights_sitenote_active":false,"_monsterinsights_sitenote_note":"","_monsterinsights_sitenote_category":0,"footnotes":""},"class_list":["post-187740","page","type-page","status-publish","hentry"],"_links":{"self":[{"href":"https:\/\/zonales.quito.gob.ec\/index.php?rest_route=\/wp\/v2\/pages\/187740","targetHints":{"allow":["GET"]}}],"collection":[{"href":"https:\/\/zonales.quito.gob.ec\/index.php?rest_route=\/wp\/v2\/pages"}],"about":[{"href":"https:\/\/zonales.quito.gob.ec\/index.php?rest_route=\/wp\/v2\/types\/page"}],"author":[{"embeddable":true,"href":"https:\/\/zonales.quito.gob.ec\/index.php?rest_route=\/wp\/v2\/users\/1"}],"replies":[{"embeddable":true,"href":"https:\/\/zonales.quito.gob.ec\/index.php?rest_route=%2Fwp%2Fv2%2Fcomments&post=187740"}],"version-history":[{"count":16,"href":"https:\/\/zonales.quito.gob.ec\/index.php?rest_route=\/wp\/v2\/pages\/187740\/revisions"}],"predecessor-version":[{"id":188535,"href":"https:\/\/zonales.quito.gob.ec\/index.php?rest_route=\/wp\/v2\/pages\/187740\/revisions\/188535"}],"wp:attachment":[{"href":"https:\/\/zonales.quito.gob.ec\/index.php?rest_route=%2Fwp%2Fv2%2Fmedia&parent=187740"}],"curies":[{"name":"wp","href":"https:\/\/api.w.org\/{rel}","templated":true}]}}