{"id":277368,"date":"2025-06-05T14:17:12","date_gmt":"2025-06-05T19:17:12","guid":{"rendered":"https:\/\/zonales.quito.gob.ec\/?page_id=277368"},"modified":"2025-06-06T10:22:21","modified_gmt":"2025-06-06T15:22:21","slug":"politicas-de-cookies","status":"publish","type":"page","link":"https:\/\/zonales.quito.gob.ec\/?page_id=277368","title":{"rendered":"Pol\u00edticas de Cookies"},"content":{"rendered":"\t\t<div data-elementor-type=\"wp-page\" data-elementor-id=\"277368\" class=\"elementor elementor-277368\" data-elementor-post-type=\"page\">\n\t\t\t\t<div class=\"elementor-element elementor-element-594bc363 e-flex e-con-boxed e-con e-parent\" data-id=\"594bc363\" data-element_type=\"container\" data-settings=\"{&quot;background_background&quot;:&quot;classic&quot;}\">\n\t\t\t\t\t<div class=\"e-con-inner\">\n\t\t\t\t<div class=\"elementor-element elementor-element-40cd3be9 elementor-widget elementor-widget-shortcode\" data-id=\"40cd3be9\" data-element_type=\"widget\" data-widget_type=\"shortcode.default\">\n\t\t\t\t<div class=\"elementor-widget-container\">\n\t\t\t\t\t\t\t<div class=\"elementor-shortcode\">\t\t\t<!-- Flexy Breadcrumb -->\r\n\t\t\t<div class=\"fbc fbc-page\">\r\n\r\n\t\t\t\t<!-- Breadcrumb wrapper -->\r\n\t\t\t\t<div class=\"fbc-wrap\">\r\n\r\n\t\t\t\t\t<!-- Ordered list-->\r\n\t\t\t\t\t<ol class=\"fbc-items\" itemscope itemtype=\"https:\/\/schema.org\/BreadcrumbList\">\r\n\t\t\t\t\t\t            <li itemprop=\"itemListElement\" itemscope itemtype=\"https:\/\/schema.org\/ListItem\">\r\n                <span itemprop=\"name\">\r\n                    <!-- Home Link -->\r\n                    <a itemprop=\"item\" href=\"https:\/\/zonales.quito.gob.ec\">\r\n                    \r\n                                                    <i class=\"fa fa-home\" aria-hidden=\"true\"><\/i>Home                    <\/a>\r\n                <\/span>\r\n                <meta itemprop=\"position\" content=\"1\" \/><!-- Meta Position-->\r\n             <\/li><li><span class=\"fbc-separator\">\/<\/span><\/li><li class=\"active\" itemprop=\"itemListElement\" itemscope itemtype=\"https:\/\/schema.org\/ListItem\"><span itemprop=\"name\" title=\"Pol\u00edticas de Cookies\">Pol\u00edticas de Cookies<\/span><meta itemprop=\"position\" content=\"2\" \/><\/li>\t\t\t\t\t<\/ol>\r\n\t\t\t\t\t<div class=\"clearfix\"><\/div>\r\n\t\t\t\t<\/div>\r\n\t\t\t<\/div>\r\n\t\t\t<\/div>\n\t\t\t\t\t\t<\/div>\n\t\t\t\t<\/div>\n\t\t\t\t\t<\/div>\n\t\t\t\t<\/div>\n\t\t<div class=\"elementor-element elementor-element-5b594521 e-flex e-con-boxed e-con e-parent\" data-id=\"5b594521\" data-element_type=\"container\" data-settings=\"{&quot;background_background&quot;:&quot;classic&quot;}\">\n\t\t\t\t\t<div class=\"e-con-inner\">\n\t\t<div class=\"elementor-element elementor-element-6fcd6608 e-con-full e-flex e-con e-child\" data-id=\"6fcd6608\" data-element_type=\"container\">\n\t\t\t\t<div class=\"elementor-element elementor-element-489f5492 elementor-widget-divider--view-line elementor-widget elementor-widget-divider\" data-id=\"489f5492\" data-element_type=\"widget\" data-widget_type=\"divider.default\">\n\t\t\t\t<div class=\"elementor-widget-container\">\n\t\t\t\t\t\t\t<div class=\"elementor-divider\">\n\t\t\t<span class=\"elementor-divider-separator\">\n\t\t\t\t\t\t<\/span>\n\t\t<\/div>\n\t\t\t\t\t\t<\/div>\n\t\t\t\t<\/div>\n\t\t\t\t<\/div>\n\t\t<div class=\"elementor-element elementor-element-3c33d9a4 e-con-full e-flex e-con e-child\" data-id=\"3c33d9a4\" data-element_type=\"container\">\n\t\t\t\t<div class=\"elementor-element elementor-element-638a8fed elementor-widget elementor-widget-heading\" data-id=\"638a8fed\" data-element_type=\"widget\" data-widget_type=\"heading.default\">\n\t\t\t\t<div class=\"elementor-widget-container\">\n\t\t\t\t\t<h2 class=\"elementor-heading-title elementor-size-default\">Pol\u00edtica de Cookies<\/h2>\t\t\t\t<\/div>\n\t\t\t\t<\/div>\n\t\t\t\t<\/div>\n\t\t<div class=\"elementor-element elementor-element-13e8b39f e-con-full e-flex e-con e-child\" data-id=\"13e8b39f\" data-element_type=\"container\">\n\t\t\t\t<div class=\"elementor-element elementor-element-71c2db93 elementor-widget-divider--view-line elementor-widget elementor-widget-divider\" data-id=\"71c2db93\" data-element_type=\"widget\" data-widget_type=\"divider.default\">\n\t\t\t\t<div class=\"elementor-widget-container\">\n\t\t\t\t\t\t\t<div class=\"elementor-divider\">\n\t\t\t<span class=\"elementor-divider-separator\">\n\t\t\t\t\t\t<\/span>\n\t\t<\/div>\n\t\t\t\t\t\t<\/div>\n\t\t\t\t<\/div>\n\t\t\t\t<\/div>\n\t\t\t\t\t<\/div>\n\t\t\t\t<\/div>\n\t\t<div class=\"elementor-element elementor-element-58c92a37 e-flex e-con-boxed e-con e-parent\" data-id=\"58c92a37\" data-element_type=\"container\" data-settings=\"{&quot;background_background&quot;:&quot;classic&quot;}\">\n\t\t\t\t\t<div class=\"e-con-inner\">\n\t\t\t\t<div class=\"elementor-element elementor-element-3fb90f63 elementor-widget elementor-widget-text-editor\" data-id=\"3fb90f63\" data-element_type=\"widget\" data-widget_type=\"text-editor.default\">\n\t\t\t\t<div class=\"elementor-widget-container\">\n\t\t\t\t\t\t\t\t\t<p style=\"text-align: justify;\">En el Gobierno Aut\u00f3nomo Descentralizado del Distrito Metropolitano de Quito valoramos tu privacidad, por eso a trav\u00e9s de esta Pol\u00edtica de Cookies, explicamos c\u00f3mo utilizamos cookies y otros dispositivos de almacenamiento y recuperaci\u00f3n de datos en nuestro sitio web.<\/p><p style=\"text-align: justify;\">Este documento complementa nuestra Pol\u00edtica de <a href=\"https:\/\/zonales.quito.gob.ec\/?page_id=277383\">Protecci\u00f3n de Datos Personales<\/a>, que puedes consultar para mayor informaci\u00f3n sobre el tratamiento de tus datos.<\/p>\t\t\t\t\t\t\t\t<\/div>\n\t\t\t\t<\/div>\n\t\t\t\t\t<\/div>\n\t\t\t\t<\/div>\n\t\t<div class=\"elementor-element elementor-element-427fce8 e-flex e-con-boxed e-con e-parent\" data-id=\"427fce8\" data-element_type=\"container\" data-settings=\"{&quot;background_background&quot;:&quot;classic&quot;}\">\n\t\t\t\t\t<div class=\"e-con-inner\">\n\t\t\t\t<div class=\"elementor-element elementor-element-2c7cef83 elementor-widget elementor-widget-text-editor\" data-id=\"2c7cef83\" data-element_type=\"widget\" data-widget_type=\"text-editor.default\">\n\t\t\t\t<div class=\"elementor-widget-container\">\n\t\t\t\t\t\t\t\t\t<ol><li style=\"color: #000; font-size: 18px;\"><strong> \u00bfQu\u00e9 son las cookies y dispositivos de almacenamiento?<\/strong><\/li><\/ol><p style=\"text-align: justify;\">Las cookies y dispositivos de almacenamiento son herramientas que permiten almacenar y recuperar informaci\u00f3n en tu dispositivo (computador, tableta, smartphone, etc.) durante la navegaci\u00f3n. Esto incluye:<\/p><ul><li style=\"list-style-type: none;\"><ul><li style=\"text-align: left;\"><strong>Archivos de texto peque\u00f1os:<\/strong> conocidos como cookies.<\/li><li style=\"text-align: left;\"><strong>Tecnolog\u00edas similares:<\/strong> como web beacons, p\u00edxeles, HTML5 o SDKs.<\/li><\/ul><\/li><\/ul><p style=\"text-align: justify;\">Estos elementos no da\u00f1an tus dispositivos y ayudan a mejorar tu experiencia en nuestro sitio web al facilitar funcionalidades, personalizar contenido y analizar c\u00f3mo interact\u00faas con nuestra plataforma.<\/p><ol start=\"2\"><li style=\"color: #000; font-size: 18px;\"><strong> \u00bfQu\u00e9 tipos de cookies utilizamos?<\/strong><\/li><\/ol><p>En funci\u00f3n de su finalidad y gesti\u00f3n, las cookies que utilizamos se clasifican en:<\/p><ul><li style=\"list-style-type: none;\"><ul><li><strong>Cookies propias:<\/strong> gestionadas directamente por el GAD-DMQ.<\/li><li><strong>Cookies de terceros:<\/strong> gestionadas por entidades externas, aunque se utilizan en nuestro sitio web.<\/li><\/ul><\/li><\/ul><p>Seg\u00fan su prop\u00f3sito:<\/p><ul><li style=\"list-style-type: none;\"><ul><li style=\"text-align: justify;\"><strong>Cookies funcionales: <\/strong>Las cookies necesarias se utilizan para que un sitio web funcione correctamente y, por lo general, no se usan para rastrear. A menudo se emplean para la autenticaci\u00f3n de usuarios, permitiendo que un sitio web recuerde qui\u00e9n ha iniciado sesi\u00f3n cuando el usuario navega entre diferentes p\u00e1ginas o actualiza el sitio. Las cookies necesarias tambi\u00e9n pueden usarse para realizar un seguimiento de los elementos en un carrito de compras o para proporcionar informaci\u00f3n de balanceo de carga.<\/li><li style=\"text-align: justify;\"><strong>Cookies anal\u00edticas: <\/strong>Las cookies anal\u00edticas no son esenciales, pero se usan para recopilar informaci\u00f3n valiosa sobre c\u00f3mo se est\u00e1 utilizando un sitio web. Esta informaci\u00f3n puede ayudar a identificar problemas, determinar qu\u00e9 se necesita mejorar en el sitio y qu\u00e9 contenido es \u00fatil para los usuarios. En la mayor\u00eda de los casos, la informaci\u00f3n recopilada por las cookies anal\u00edticas es an\u00f3nima, aunque algunos servicios de an\u00e1lisis pueden recopilar informaci\u00f3n que permita identificar al usuario.<\/li><li style=\"text-align: justify;\">\u00a0<b>Cookies necesarias:<\/b> Las\u00a0cookies necesarias\u00a0son requeridas para habilitar las funciones b\u00e1sicas de este sitio, como proporcionar un inicio de sesi\u00f3n seguro o ajustar tus preferencias de consentimiento. Estas cookies no almacenan ning\u00fan dato que pueda identificarte personalmente.<\/li><li style=\"text-align: justify;\"><strong>Cookies de rendimiento: <\/strong>Las cookies de rendimiento se emplean para comprender y analizar los indicadores clave de rendimiento del sitio web, lo que contribuye a brindar una mejor experiencia al usuario.<\/li><li><strong><strong>Cookies publicitarias:<\/strong><\/strong><br \/><p style=\"text-align: justify;\">Las cookies de publicidad se utilizan para ofrecer a los visitantes anuncios personalizados basados en las p\u00e1ginas que visit\u00f3 anteriormente y para analizar la efectividad de las campa\u00f1as publicitarias.<\/p><\/li><\/ul><\/li><\/ul><ol start=\"3\"><li style=\"color: #000; font-size: 18px;\"><strong> Cookies espec\u00edficas utilizadas<\/strong><\/li><\/ol><p>El siguiente es un detalle de las cookies empleadas en nuestro sitio:<\/p>\t\t\t\t\t\t\t\t<\/div>\n\t\t\t\t<\/div>\n\t\t\t\t\t<\/div>\n\t\t\t\t<\/div>\n\t\t<div class=\"elementor-element elementor-element-2663620e e-flex e-con-boxed e-con e-parent\" data-id=\"2663620e\" data-element_type=\"container\" data-settings=\"{&quot;background_background&quot;:&quot;classic&quot;}\">\n\t\t\t\t\t<div class=\"e-con-inner\">\n\t\t\t\t\t<\/div>\n\t\t\t\t<\/div>\n\t\t<div class=\"elementor-element elementor-element-65484520 e-flex e-con-boxed e-con e-parent\" data-id=\"65484520\" data-element_type=\"container\" data-settings=\"{&quot;background_background&quot;:&quot;classic&quot;}\">\n\t\t\t\t\t<div class=\"e-con-inner\">\n\t\t\t\t<div class=\"elementor-element elementor-element-1520ea27 elementor-widget elementor-widget-text-editor\" data-id=\"1520ea27\" data-element_type=\"widget\" data-widget_type=\"text-editor.default\">\n\t\t\t\t<div class=\"elementor-widget-container\">\n\t\t\t\t\t\t\t\t\t<p style=\"text-align: justify;\">Para m\u00e1s detalles sobre las cookies y su gesti\u00f3n, consulta nuestro panel de configuraci\u00f3n de cookies accesible en todo momento desde el sitio web.<\/p><ol start=\"4\"><li style=\"color: #000; font-size: 18px;\"><strong> Gesti\u00f3n de cookies<\/strong><\/li><\/ol><p style=\"text-align: justify;\">Puedes gestionar o desactivar las cookies a trav\u00e9s de:<\/p><ul><li style=\"list-style-type: none;\"><ul><li><strong>Nuestro panel de configuraci\u00f3n de cookies:<\/strong> ajusta tus preferencias en tiempo real.<\/li><li><strong>Configuraci\u00f3n de tu navegador:<\/strong> consulta las opciones espec\u00edficas de tu navegador para bloquear o eliminar cookies.<\/li><\/ul><\/li><\/ul><p style=\"text-align: justify;\"><strong>Nota:<\/strong> Las configuraciones realizadas son espec\u00edficas para cada navegador y dispositivo, si deseas replicarlas en otros dispositivos, deber\u00e1s configurarlas por separado.<\/p><ol start=\"5\"><li style=\"color: #000; font-size: 18px;\"><strong> Uso y acceso a la informaci\u00f3n de cookies<\/strong><\/li><\/ol><p style=\"text-align: justify;\">La informaci\u00f3n almacenada en las cookies es utilizada exclusivamente por el GAD-DMQ., salvo las cookies de terceros, gestionadas por entidades colaboradoras.<\/p><p style=\"text-align: justify;\">Para m\u00e1s informaci\u00f3n sobre la gesti\u00f3n de datos personales, incluyendo transferencias internacionales, te recomendamos revisar nuestra Pol\u00edtica de <a href=\"https:\/\/zonales.quito.gob.ec\/?page_id=277383\">Protecci\u00f3n de Datos Personales<\/a>.<\/p><p>Si tienes alguna duda o consulta sobre esta Pol\u00edtica de Cookies, cont\u00e1ctanos a trav\u00e9s de nuestro formulario de contacto.<\/p><ol start=\"6\"><li style=\"color: #000; font-size: 18px;\"><strong> Responsabilidad sobre Cookies de terceros y Sitios Vinculados<\/strong><\/li><\/ol><p style=\"text-align: justify;\">No somos responsables por las pr\u00e1cticas de privacidad, el manejo de cookies o cualquier otro mecanismo de recolecci\u00f3n de datos implementado por sitios web de terceros que est\u00e9n vinculados a los canales del GAD. Recomendamos a los usuarios que, al interactuar con dichos sitios, revisen cuidadosamente sus pol\u00edticas de privacidad y uso de cookies para entender c\u00f3mo recopilan, almacenan y utilizan la informaci\u00f3n personal. Esto incluye cualquier dato que pueda ser procesado a trav\u00e9s de cookies, herramientas anal\u00edticas u otros medios utilizados por estas plataformas externas.<\/p>\t\t\t\t\t\t\t\t<\/div>\n\t\t\t\t<\/div>\n\t\t\t\t\t<\/div>\n\t\t\t\t<\/div>\n\t\t<div class=\"elementor-element elementor-element-292d47e3 e-flex e-con-boxed e-con e-parent\" data-id=\"292d47e3\" data-element_type=\"container\" data-settings=\"{&quot;background_background&quot;:&quot;classic&quot;}\">\n\t\t\t\t\t<div class=\"e-con-inner\">\n\t\t\t\t\t<\/div>\n\t\t\t\t<\/div>\n\t\t\t\t<\/div>\n\t\t","protected":false},"excerpt":{"rendered":"<p>Pol\u00edtica de Cookies En el Gobierno Aut\u00f3nomo Descentralizado del Distrito Metropolitano de Quito valoramos tu privacidad, por eso a trav\u00e9s de esta Pol\u00edtica de Cookies, explicamos c\u00f3mo utilizamos cookies y otros dispositivos de almacenamiento y recuperaci\u00f3n de datos en nuestro sitio web. Este documento complementa nuestra Pol\u00edtica de Protecci\u00f3n de Datos Personales, que puedes consultar [&hellip;]<\/p>\n","protected":false},"author":1,"featured_media":0,"parent":0,"menu_order":0,"comment_status":"closed","ping_status":"closed","template":"elementor_header_footer","meta":{"_monsterinsights_skip_tracking":false,"_monsterinsights_sitenote_active":false,"_monsterinsights_sitenote_note":"","_monsterinsights_sitenote_category":0,"footnotes":""},"class_list":["post-277368","page","type-page","status-publish","hentry"],"_links":{"self":[{"href":"https:\/\/zonales.quito.gob.ec\/index.php?rest_route=\/wp\/v2\/pages\/277368","targetHints":{"allow":["GET"]}}],"collection":[{"href":"https:\/\/zonales.quito.gob.ec\/index.php?rest_route=\/wp\/v2\/pages"}],"about":[{"href":"https:\/\/zonales.quito.gob.ec\/index.php?rest_route=\/wp\/v2\/types\/page"}],"author":[{"embeddable":true,"href":"https:\/\/zonales.quito.gob.ec\/index.php?rest_route=\/wp\/v2\/users\/1"}],"replies":[{"embeddable":true,"href":"https:\/\/zonales.quito.gob.ec\/index.php?rest_route=%2Fwp%2Fv2%2Fcomments&post=277368"}],"version-history":[{"count":13,"href":"https:\/\/zonales.quito.gob.ec\/index.php?rest_route=\/wp\/v2\/pages\/277368\/revisions"}],"predecessor-version":[{"id":277506,"href":"https:\/\/zonales.quito.gob.ec\/index.php?rest_route=\/wp\/v2\/pages\/277368\/revisions\/277506"}],"wp:attachment":[{"href":"https:\/\/zonales.quito.gob.ec\/index.php?rest_route=%2Fwp%2Fv2%2Fmedia&parent=277368"}],"curies":[{"name":"wp","href":"https:\/\/api.w.org\/{rel}","templated":true}]}}