{"id":29157,"date":"2022-09-20T08:02:17","date_gmt":"2022-09-20T13:02:17","guid":{"rendered":"https:\/\/zonales.quito.gob.ec\/?page_id=29157"},"modified":"2023-06-16T09:26:36","modified_gmt":"2023-06-16T14:26:36","slug":"capacitaciones-para-la-ciudadania","status":"publish","type":"page","link":"https:\/\/zonales.quito.gob.ec\/?page_id=29157","title":{"rendered":"Capacitaciones para la ciudadan\u00eda"},"content":{"rendered":"\t\t<div data-elementor-type=\"wp-page\" data-elementor-id=\"29157\" class=\"elementor elementor-29157\" data-elementor-post-type=\"page\">\n\t\t\t\t\t\t<section class=\"elementor-section elementor-top-section elementor-element elementor-element-p7p9crz elementor-section-height-min-height elementor-section-boxed elementor-section-height-default elementor-section-items-middle\" data-id=\"p7p9crz\" data-element_type=\"section\" data-settings=\"{&quot;background_background&quot;:&quot;classic&quot;}\">\n\t\t\t\t\t\t\t<div class=\"elementor-background-overlay\"><\/div>\n\t\t\t\t\t\t\t<div class=\"elementor-container elementor-column-gap-no\">\n\t\t\t\t\t<div class=\"elementor-column elementor-col-100 elementor-top-column elementor-element elementor-element-08eb22e\" data-id=\"08eb22e\" data-element_type=\"column\">\n\t\t\t<div class=\"elementor-widget-wrap elementor-element-populated\">\n\t\t\t\t\t\t<div class=\"elementor-element elementor-element-03f27d6 elementor-widget elementor-widget-heading\" data-id=\"03f27d6\" data-element_type=\"widget\" data-widget_type=\"heading.default\">\n\t\t\t\t<div class=\"elementor-widget-container\">\n\t\t\t\t\t<p class=\"elementor-heading-title elementor-size-default\">PARTICIPACI\u00d3N CIUDADANA <\/p>\t\t\t\t<\/div>\n\t\t\t\t<\/div>\n\t\t\t\t<div class=\"elementor-element elementor-element-215268d elementor-widget elementor-widget-heading\" data-id=\"215268d\" data-element_type=\"widget\" data-widget_type=\"heading.default\">\n\t\t\t\t<div class=\"elementor-widget-container\">\n\t\t\t\t\t<h1 class=\"elementor-heading-title elementor-size-default\">CAPACITACIONES <\/h1>\t\t\t\t<\/div>\n\t\t\t\t<\/div>\n\t\t\t\t<div class=\"elementor-element elementor-element-01ba851 elementor-widget elementor-widget-text-editor\" data-id=\"01ba851\" data-element_type=\"widget\" data-widget_type=\"text-editor.default\">\n\t\t\t\t<div class=\"elementor-widget-container\">\n\t\t\t\t\t\t\t\t\t<p>La Secretar\u00eda General de Coordinaci\u00f3n Territorial busca fortalecer las capacitaciones referentes a participaci\u00f3n ciudadana en untrabajo articulado con otras organizaciones, fundaciones y empresas\u00a0<\/p>\t\t\t\t\t\t\t\t<\/div>\n\t\t\t\t<\/div>\n\t\t\t\t\t<\/div>\n\t\t<\/div>\n\t\t\t\t\t<\/div>\n\t\t<\/section>\n\t\t\t\t<section class=\"elementor-section elementor-top-section elementor-element elementor-element-lmqv9jr elementor-section-full_width elementor-section-height-default elementor-section-height-default\" data-id=\"lmqv9jr\" data-element_type=\"section\" data-settings=\"{&quot;background_background&quot;:&quot;classic&quot;}\">\n\t\t\t\t\t\t<div class=\"elementor-container elementor-column-gap-no\">\n\t\t\t\t\t<div class=\"elementor-column elementor-col-100 elementor-top-column elementor-element elementor-element-b938884\" data-id=\"b938884\" data-element_type=\"column\">\n\t\t\t<div class=\"elementor-widget-wrap elementor-element-populated\">\n\t\t\t\t\t\t<div class=\"elementor-element elementor-element-47b6586 elementor-widget elementor-widget-heading\" data-id=\"47b6586\" data-element_type=\"widget\" id=\"capacitacion\" data-widget_type=\"heading.default\">\n\t\t\t\t<div class=\"elementor-widget-container\">\n\t\t\t\t\t<h2 class=\"elementor-heading-title elementor-size-default\">\u00a1Construye la ciudad que quieres!<\/h2>\t\t\t\t<\/div>\n\t\t\t\t<\/div>\n\t\t\t\t<div class=\"elementor-element elementor-element-c7b1598 elementor-widget elementor-widget-heading\" data-id=\"c7b1598\" data-element_type=\"widget\" data-widget_type=\"heading.default\">\n\t\t\t\t<div class=\"elementor-widget-container\">\n\t\t\t\t\t<h2 class=\"elementor-heading-title elementor-size-default\">Inscr\u00edbete y participa <\/h2>\t\t\t\t<\/div>\n\t\t\t\t<\/div>\n\t\t\t\t\t<\/div>\n\t\t<\/div>\n\t\t\t\t\t<\/div>\n\t\t<\/section>\n\t\t\t\t<section class=\"elementor-section elementor-top-section elementor-element elementor-element-ae54042 elementor-section-full_width elementor-section-height-default elementor-section-height-default\" data-id=\"ae54042\" data-element_type=\"section\" data-settings=\"{&quot;background_background&quot;:&quot;classic&quot;}\">\n\t\t\t\t\t\t<div class=\"elementor-container elementor-column-gap-default\">\n\t\t\t\t\t<div class=\"elementor-column elementor-col-100 elementor-top-column elementor-element elementor-element-779abbd\" data-id=\"779abbd\" data-element_type=\"column\">\n\t\t\t<div class=\"elementor-widget-wrap elementor-element-populated\">\n\t\t\t\t\t\t<div class=\"elementor-element elementor-element-aef1ea6 elementor-tabs-alignment-center elementor-tabs-view-horizontal elementor-widget elementor-widget-tabs\" data-id=\"aef1ea6\" data-element_type=\"widget\" data-widget_type=\"tabs.default\">\n\t\t\t\t<div class=\"elementor-widget-container\">\n\t\t\t\t\t\t\t<div class=\"elementor-tabs\">\n\t\t\t<div class=\"elementor-tabs-wrapper\" role=\"tablist\" >\n\t\t\t\t\t\t\t\t\t<div id=\"elementor-tab-title-1831\" class=\"elementor-tab-title elementor-tab-desktop-title\" aria-selected=\"true\" data-tab=\"1\" role=\"tab\" tabindex=\"0\" aria-controls=\"elementor-tab-content-1831\" aria-expanded=\"false\">Capacitaciones Abiertas<\/div>\n\t\t\t\t\t\t\t\t\t<div id=\"elementor-tab-title-1832\" class=\"elementor-tab-title elementor-tab-desktop-title\" aria-selected=\"false\" data-tab=\"2\" role=\"tab\" tabindex=\"-1\" aria-controls=\"elementor-tab-content-1832\" aria-expanded=\"false\">Capacitaciones Finalizadas<\/div>\n\t\t\t\t\t\t\t<\/div>\n\t\t\t<div class=\"elementor-tabs-content-wrapper\" role=\"tablist\" aria-orientation=\"vertical\">\n\t\t\t\t\t\t\t\t\t<div class=\"elementor-tab-title elementor-tab-mobile-title\" aria-selected=\"true\" data-tab=\"1\" role=\"tab\" tabindex=\"0\" aria-controls=\"elementor-tab-content-1831\" aria-expanded=\"false\">Capacitaciones Abiertas<\/div>\n\t\t\t\t\t<div id=\"elementor-tab-content-1831\" class=\"elementor-tab-content elementor-clearfix\" data-tab=\"1\" role=\"tabpanel\" aria-labelledby=\"elementor-tab-title-1831\" tabindex=\"0\" hidden=\"false\"><p><div class=\"pt-cv-wrapper\"><div class=\"pt-cv-view pt-cv-grid pt-cv-colsys\" id=\"pt-cv-view-2b0cc0750u\"><div data-id=\"pt-cv-page-1\" class=\"pt-cv-page cv-npf\" data-cvc=\"3\"><div class=\"col-md-4 col-sm-6 col-xs-12 pt-cv-content-item pt-cv-1-col\" ><div class='pt-cv-ifield'><div class=\"pt-cv-no-post\">No se han encontrado entradas.<\/div><\/div><\/div><\/div><\/div><\/div><\/p><\/div>\n\t\t\t\t\t\t\t\t\t<div class=\"elementor-tab-title elementor-tab-mobile-title\" aria-selected=\"false\" data-tab=\"2\" role=\"tab\" tabindex=\"-1\" aria-controls=\"elementor-tab-content-1832\" aria-expanded=\"false\">Capacitaciones Finalizadas<\/div>\n\t\t\t\t\t<div id=\"elementor-tab-content-1832\" class=\"elementor-tab-content elementor-clearfix\" data-tab=\"2\" role=\"tabpanel\" aria-labelledby=\"elementor-tab-title-1832\" tabindex=\"0\" hidden=\"hidden\"><p><div class=\"pt-cv-wrapper\"><div class=\"pt-cv-view pt-cv-grid pt-cv-colsys\" id=\"pt-cv-view-7733eddwgd\"><div data-id=\"pt-cv-page-1\" class=\"pt-cv-page\" data-cvc=\"3\"><div class=\"col-md-4 col-sm-6 col-xs-12 pt-cv-content-item pt-cv-1-col\" ><div class='pt-cv-ifield'><a href=\"https:\/\/zonales.quito.gob.ec\/?p=139849\" class=\"_self pt-cv-href-thumbnail pt-cv-thumb-default\" target=\"_self\" ><img fetchpriority=\"high\" decoding=\"async\" width=\"450\" height=\"250\" src=\"https:\/\/zonales.quito.gob.ec\/wp-content\/uploads\/WhatsApp-Image-2023-09-25-at-3.28.53-PM-450x250.jpeg\" class=\"pt-cv-thumbnail\" alt=\"\" \/><\/a>\n<h3 class=\"pt-cv-title\"><a href=\"https:\/\/zonales.quito.gob.ec\/?p=139849\" class=\"_self\" target=\"_self\" >Capacitaci\u00f3n: Presentaci\u00f3n Efectiva para proyectos sociales<\/a><\/h3>\n<div class=\"pt-cv-content\">Quito + Inclusivo Capacitaci\u00f3n magistral para presentar proyectos sociales La &#8230;<br \/><div class=\"pt-cv-rmwrap\"><a href=\"https:\/\/zonales.quito.gob.ec\/?p=139849\" class=\"_self pt-cv-readmore btn btn-success\" target=\"_self\">No hay m\u00e1s inscripciones\/ M\u00e1s Informaci\u00f3n<\/a><\/div><\/div><\/div><\/div>\n<div class=\"col-md-4 col-sm-6 col-xs-12 pt-cv-content-item pt-cv-1-col\" ><div class='pt-cv-ifield'><a href=\"https:\/\/zonales.quito.gob.ec\/?p=126924\" class=\"_self pt-cv-href-thumbnail pt-cv-thumb-default\" target=\"_self\" ><img decoding=\"async\" width=\"450\" height=\"250\" src=\"https:\/\/zonales.quito.gob.ec\/wp-content\/uploads\/EF3-1-450x250.jpg\" class=\"pt-cv-thumbnail\" alt=\"\" \/><\/a>\n<h3 class=\"pt-cv-title\"><a href=\"https:\/\/zonales.quito.gob.ec\/?p=126924\" class=\"_self\" target=\"_self\" >Ciclo de capacitaciones sobre educaci\u00f3n financiera a jefas de hogar<\/a><\/h3>\n<div class=\"pt-cv-content\">Quito + Inclusivo Ciclo de capacitaciones sobre educaci\u00f3n financiera a &#8230;<br \/><div class=\"pt-cv-rmwrap\"><a href=\"https:\/\/zonales.quito.gob.ec\/?p=126924\" class=\"_self pt-cv-readmore btn btn-success\" target=\"_self\">No hay m\u00e1s inscripciones\/ M\u00e1s Informaci\u00f3n<\/a><\/div><\/div><\/div><\/div>\n<div class=\"col-md-4 col-sm-6 col-xs-12 pt-cv-content-item pt-cv-1-col\" ><div class='pt-cv-ifield'><a href=\"https:\/\/zonales.quito.gob.ec\/?p=106023\" class=\"_self pt-cv-href-thumbnail pt-cv-thumb-default\" target=\"_self\" ><img decoding=\"async\" width=\"450\" height=\"250\" src=\"https:\/\/zonales.quito.gob.ec\/wp-content\/uploads\/1-3-450x250.png\" class=\"pt-cv-thumbnail\" alt=\"\" \/><\/a>\n<h3 class=\"pt-cv-title\"><a href=\"https:\/\/zonales.quito.gob.ec\/?p=106023\" class=\"_self\" target=\"_self\" >Capacitaciones Gobierno Abierto &#8211; Hito 3<\/a><\/h3>\n<div class=\"pt-cv-content\">WEBINAR Fortalecimiento de la participaci\u00f3n ciudadana a trav\u00e9s del uso &#8230;<br \/><div class=\"pt-cv-rmwrap\"><a href=\"https:\/\/zonales.quito.gob.ec\/?p=106023\" class=\"_self pt-cv-readmore btn btn-success\" target=\"_self\">No hay m\u00e1s inscripciones\/ M\u00e1s Informaci\u00f3n<\/a><\/div><\/div><\/div><\/div>\n<div class=\"col-md-4 col-sm-6 col-xs-12 pt-cv-content-item pt-cv-1-col\" ><div class='pt-cv-ifield'><a href=\"https:\/\/zonales.quito.gob.ec\/?p=77949\" class=\"_self pt-cv-href-thumbnail pt-cv-thumb-default\" target=\"_self\" ><img loading=\"lazy\" decoding=\"async\" width=\"450\" height=\"250\" src=\"https:\/\/zonales.quito.gob.ec\/wp-content\/uploads\/imagen-portada-segundo-plan-450x250.jpeg\" class=\"pt-cv-thumbnail\" alt=\"\" \/><\/a>\n<h3 class=\"pt-cv-title\"><a href=\"https:\/\/zonales.quito.gob.ec\/?p=77949\" class=\"_self\" target=\"_self\" >Capacitaciones Gobierno Abierto &#8211; Compromiso 1<\/a><\/h3>\n<div class=\"pt-cv-content\">Taller de Participaci\u00f3n Ciudadana Temario: Democracia, Dirigencias Sociales, Liderazgo y &#8230;<br \/><div class=\"pt-cv-rmwrap\"><a href=\"https:\/\/zonales.quito.gob.ec\/?p=77949\" class=\"_self pt-cv-readmore btn btn-success\" target=\"_self\">No hay m\u00e1s inscripciones\/ M\u00e1s Informaci\u00f3n<\/a><\/div><\/div><\/div><\/div>\n<div class=\"col-md-4 col-sm-6 col-xs-12 pt-cv-content-item pt-cv-1-col\" ><div class='pt-cv-ifield'><a href=\"https:\/\/zonales.quito.gob.ec\/?p=77042\" class=\"_self pt-cv-href-thumbnail pt-cv-thumb-default\" target=\"_self\" ><img loading=\"lazy\" decoding=\"async\" width=\"450\" height=\"250\" src=\"https:\/\/zonales.quito.gob.ec\/wp-content\/uploads\/EI-1200-X-1000-450x250.jpg\" class=\"pt-cv-thumbnail\" alt=\"\" \/><\/a>\n<h3 class=\"pt-cv-title\"><a href=\"https:\/\/zonales.quito.gob.ec\/?p=77042\" class=\"_self\" target=\"_self\" >Capacitaci\u00f3n en Proyectos Sociales para Presupuestos Participativos<\/a><\/h3>\n<div class=\"pt-cv-content\">\u00bf Qu\u00e9 son los presupuestos participativos? Es el proceso a &#8230;<br \/><div class=\"pt-cv-rmwrap\"><a href=\"https:\/\/zonales.quito.gob.ec\/?p=77042\" class=\"_self pt-cv-readmore btn btn-success\" target=\"_self\">No hay m\u00e1s inscripciones\/ M\u00e1s Informaci\u00f3n<\/a><\/div><\/div><\/div><\/div>\n<div class=\"col-md-4 col-sm-6 col-xs-12 pt-cv-content-item pt-cv-1-col\" ><div class='pt-cv-ifield'><a href=\"https:\/\/zonales.quito.gob.ec\/?p=77006\" class=\"_self pt-cv-href-thumbnail pt-cv-thumb-default\" target=\"_self\" ><img loading=\"lazy\" decoding=\"async\" width=\"450\" height=\"250\" src=\"https:\/\/zonales.quito.gob.ec\/wp-content\/uploads\/capacitacion-450x250.png\" class=\"pt-cv-thumbnail\" alt=\"\" \/><\/a>\n<h3 class=\"pt-cv-title\"><a href=\"https:\/\/zonales.quito.gob.ec\/?p=77006\" class=\"_self\" target=\"_self\" >Formaci\u00f3n de Gestores Comunitarios<\/a><\/h3>\n<div class=\"pt-cv-content\">PARTICIPACI\u00d3N CIUDADANA FORMACI\u00d3N DE GESTORES COMUNITARIOS \u00bfQuieres ser parte de &#8230;<br \/><div class=\"pt-cv-rmwrap\"><a href=\"https:\/\/zonales.quito.gob.ec\/?p=77006\" class=\"_self pt-cv-readmore btn btn-success\" target=\"_self\">No hay m\u00e1s inscripciones\/ M\u00e1s Informaci\u00f3n<\/a><\/div><\/div><\/div><\/div><\/div><\/div><\/div><\/p><\/div>\n\t\t\t\t\t\t\t<\/div>\n\t\t<\/div>\n\t\t\t\t\t\t<\/div>\n\t\t\t\t<\/div>\n\t\t\t\t\t<\/div>\n\t\t<\/div>\n\t\t\t\t\t<\/div>\n\t\t<\/section>\n\t\t\t\t<section class=\"elementor-section elementor-top-section elementor-element elementor-element-d4ca543 elementor-hidden-desktop elementor-hidden-mobile elementor-section-boxed elementor-section-height-default elementor-section-height-default\" data-id=\"d4ca543\" data-element_type=\"section\">\n\t\t\t\t\t\t<div class=\"elementor-container elementor-column-gap-no\">\n\t\t\t\t\t<div class=\"elementor-column elementor-col-100 elementor-top-column elementor-element elementor-element-22fbcca\" data-id=\"22fbcca\" data-element_type=\"column\">\n\t\t\t<div class=\"elementor-widget-wrap elementor-element-populated\">\n\t\t\t\t\t\t<div class=\"elementor-element elementor-element-ac7912b elementor-widget elementor-widget-heading\" data-id=\"ac7912b\" data-element_type=\"widget\" data-widget_type=\"heading.default\">\n\t\t\t\t<div class=\"elementor-widget-container\">\n\t\t\t\t\t<h5 class=\"elementor-heading-title elementor-size-default\">As Featured On<\/h5>\t\t\t\t<\/div>\n\t\t\t\t<\/div>\n\t\t\t\t<div class=\"elementor-element elementor-element-acbc144 elementor-widget elementor-widget-image-carousel\" data-id=\"acbc144\" data-element_type=\"widget\" data-settings=\"{&quot;slides_to_show&quot;:&quot;5&quot;,&quot;slides_to_show_tablet&quot;:&quot;5&quot;,&quot;slides_to_show_mobile&quot;:&quot;3&quot;,&quot;slides_to_scroll&quot;:&quot;1&quot;,&quot;navigation&quot;:&quot;none&quot;,&quot;infinite&quot;:&quot;no&quot;,&quot;autoplay&quot;:&quot;yes&quot;,&quot;pause_on_hover&quot;:&quot;yes&quot;,&quot;pause_on_interaction&quot;:&quot;yes&quot;,&quot;autoplay_speed&quot;:5000,&quot;speed&quot;:500}\" data-widget_type=\"image-carousel.default\">\n\t\t\t\t<div class=\"elementor-widget-container\">\n\t\t\t\t\t\t\t<div class=\"elementor-image-carousel-wrapper swiper\" role=\"region\" aria-roledescription=\"carousel\" aria-label=\"Carrusel de im\u00e1genes\" dir=\"ltr\">\n\t\t\t<div class=\"elementor-image-carousel swiper-wrapper\" aria-live=\"off\">\n\t\t\t\t\t\t\t\t<div class=\"swiper-slide\" role=\"group\" aria-roledescription=\"slide\" aria-label=\"1 de 5\"><figure class=\"swiper-slide-inner\"><img decoding=\"async\" class=\"swiper-slide-image\" src=\"https:\/\/zonales.quito.gob.ec\/wp-content\/uploads\/2022\/04\/featured-logo3.svg\" alt=\"featured-logo3.svg\" \/><\/figure><\/div><div class=\"swiper-slide\" role=\"group\" aria-roledescription=\"slide\" aria-label=\"2 de 5\"><figure class=\"swiper-slide-inner\"><img decoding=\"async\" class=\"swiper-slide-image\" src=\"https:\/\/zonales.quito.gob.ec\/wp-content\/uploads\/2022\/04\/featured-logo4.svg\" alt=\"featured-logo4.svg\" \/><\/figure><\/div><div class=\"swiper-slide\" role=\"group\" aria-roledescription=\"slide\" aria-label=\"3 de 5\"><figure class=\"swiper-slide-inner\"><img decoding=\"async\" class=\"swiper-slide-image\" src=\"https:\/\/zonales.quito.gob.ec\/wp-content\/uploads\/2022\/04\/featured-logo5.svg\" alt=\"featured-logo5.svg\" \/><\/figure><\/div><div class=\"swiper-slide\" role=\"group\" aria-roledescription=\"slide\" aria-label=\"4 de 5\"><figure class=\"swiper-slide-inner\"><img decoding=\"async\" class=\"swiper-slide-image\" src=\"https:\/\/zonales.quito.gob.ec\/wp-content\/uploads\/2022\/04\/featured-logo1.svg\" alt=\"featured-logo1.svg\" \/><\/figure><\/div><div class=\"swiper-slide\" role=\"group\" aria-roledescription=\"slide\" aria-label=\"5 de 5\"><figure class=\"swiper-slide-inner\"><img decoding=\"async\" class=\"swiper-slide-image\" src=\"https:\/\/zonales.quito.gob.ec\/wp-content\/uploads\/2022\/04\/featured-logo2.svg\" alt=\"featured-logo2.svg\" \/><\/figure><\/div>\t\t\t<\/div>\n\t\t\t\t\t\t\t\n\t\t\t\t\t\t\t\t\t<\/div>\n\t\t\t\t\t\t<\/div>\n\t\t\t\t<\/div>\n\t\t\t\t\t<\/div>\n\t\t<\/div>\n\t\t\t\t\t<\/div>\n\t\t<\/section>\n\t\t\t\t<\/div>\n\t\t","protected":false},"excerpt":{"rendered":"<p>PARTICIPACI\u00d3N CIUDADANA CAPACITACIONES La Secretar\u00eda General de Coordinaci\u00f3n Territorial busca fortalecer las capacitaciones referentes a participaci\u00f3n ciudadana en untrabajo articulado con otras organizaciones, fundaciones y empresas\u00a0 \u00a1Construye la ciudad que quieres! Inscr\u00edbete y participa Capacitaciones Abiertas Capacitaciones Finalizadas Capacitaciones Abiertas No se han encontrado entradas. Capacitaciones Finalizadas Capacitaciones Gobierno Abierto &#8211; Hito 3 WEBINAR Fortalecimiento [&hellip;]<\/p>\n","protected":false},"author":1,"featured_media":0,"parent":0,"menu_order":0,"comment_status":"closed","ping_status":"closed","template":"elementor_header_footer","meta":{"_monsterinsights_skip_tracking":false,"_monsterinsights_sitenote_active":false,"_monsterinsights_sitenote_note":"","_monsterinsights_sitenote_category":0,"footnotes":""},"class_list":["post-29157","page","type-page","status-publish","hentry"],"_links":{"self":[{"href":"https:\/\/zonales.quito.gob.ec\/index.php?rest_route=\/wp\/v2\/pages\/29157","targetHints":{"allow":["GET"]}}],"collection":[{"href":"https:\/\/zonales.quito.gob.ec\/index.php?rest_route=\/wp\/v2\/pages"}],"about":[{"href":"https:\/\/zonales.quito.gob.ec\/index.php?rest_route=\/wp\/v2\/types\/page"}],"author":[{"embeddable":true,"href":"https:\/\/zonales.quito.gob.ec\/index.php?rest_route=\/wp\/v2\/users\/1"}],"replies":[{"embeddable":true,"href":"https:\/\/zonales.quito.gob.ec\/index.php?rest_route=%2Fwp%2Fv2%2Fcomments&post=29157"}],"version-history":[{"count":175,"href":"https:\/\/zonales.quito.gob.ec\/index.php?rest_route=\/wp\/v2\/pages\/29157\/revisions"}],"predecessor-version":[{"id":118888,"href":"https:\/\/zonales.quito.gob.ec\/index.php?rest_route=\/wp\/v2\/pages\/29157\/revisions\/118888"}],"wp:attachment":[{"href":"https:\/\/zonales.quito.gob.ec\/index.php?rest_route=%2Fwp%2Fv2%2Fmedia&parent=29157"}],"curies":[{"name":"wp","href":"https:\/\/api.w.org\/{rel}","templated":true}]}}