{"id":357368,"date":"2026-03-09T08:07:01","date_gmt":"2026-03-09T13:07:01","guid":{"rendered":"https:\/\/zonales.quito.gob.ec\/?page_id=357368"},"modified":"2026-03-09T08:21:13","modified_gmt":"2026-03-09T13:21:13","slug":"rdc-2025-autoridades-electas","status":"publish","type":"page","link":"https:\/\/zonales.quito.gob.ec\/?page_id=357368","title":{"rendered":"RDC 2025 Autoridades Electas"},"content":{"rendered":"\t\t<div data-elementor-type=\"wp-page\" data-elementor-id=\"357368\" class=\"elementor elementor-357368\" data-elementor-post-type=\"page\">\n\t\t\t\t<div class=\"elementor-element elementor-element-dbdf7a8 e-flex e-con-boxed e-con e-parent\" data-id=\"dbdf7a8\" data-element_type=\"container\" data-settings=\"{&quot;background_background&quot;:&quot;classic&quot;}\">\n\t\t\t\t\t<div class=\"e-con-inner\">\n\t\t\t\t<div class=\"elementor-element elementor-element-d5e8734 elementor-widget elementor-widget-image\" data-id=\"d5e8734\" data-element_type=\"widget\" data-widget_type=\"image.default\">\n\t\t\t\t<div class=\"elementor-widget-container\">\n\t\t\t\t\t\t\t\t\t\t\t\t\t\t\t<img fetchpriority=\"high\" decoding=\"async\" width=\"601\" height=\"96\" src=\"https:\/\/zonales.quito.gob.ec\/wp-content\/uploads\/autoridades.png\" class=\"attachment-2048x2048 size-2048x2048 wp-image-277083\" alt=\"\" \/>\t\t\t\t\t\t\t\t\t\t\t\t\t\t\t<\/div>\n\t\t\t\t<\/div>\n\t\t\t\t<div class=\"elementor-element elementor-element-3b36b86 elementor-widget elementor-widget-text-editor\" data-id=\"3b36b86\" data-element_type=\"widget\" data-widget_type=\"text-editor.default\">\n\t\t\t\t<div class=\"elementor-widget-container\">\n\t\t\t\t\t\t\t\t\t<div class=\"flex-shrink-0 flex flex-col relative items-end\"><div class=\"pt-0\"><div class=\"gizmo-bot-avatar flex h-8 w-8 items-center justify-center overflow-hidden rounded-full\"><div class=\"relative p-1 rounded-sm flex items-center justify-center bg-token-main-surface-primary text-token-text-primary h-8 w-8\"><p>El Consejo de Participaci\u00f3n Ciudadana y Control Social, a trav\u00e9s de la Resoluci\u00f3n No. CPCCS-PLE-SG-069-2021-476 en el Art. 13 establece: <em>\u201c(&#8230;) Para las autoridades de elecci\u00f3n popular: de los Gobiernos Aut\u00f3nomos Descentralizados de los niveles de provincial, cantonal y parroquial, de la Asamblea Nacional, del Parlamento Andino, del Consejo de Participaci\u00f3n Ciudadana y Control Social y de todas las instituciones p\u00fablicas en las que existan autoridades de elecci\u00f3n popular, esta obligaci\u00f3n se cumplir\u00e1 en los tiempos y de acuerdo al proceso metodol\u00f3gico dispuesto para la instituci\u00f3n a la que pertenece (&#8230;)\u201d.<\/em><\/p><p>Conforme al cronograma aprobado por el CPCCS, a trav\u00e9s del Bolet\u00edn Nro. 814 del 28 de febrero de 2025 para la implementaci\u00f3n del proceso de rendici\u00f3n de cuentas del periodo 2024, las autoridades de elecci\u00f3n popular del GADDMQ deber\u00e1n cumplir con las siguientes fases:<\/p><\/div><\/div><\/div><\/div>\t\t\t\t\t\t\t\t<\/div>\n\t\t\t\t<\/div>\n\t\t\t\t<div class=\"elementor-element elementor-element-464a614 elementor-widget elementor-widget-text-editor\" data-id=\"464a614\" data-element_type=\"widget\" data-widget_type=\"text-editor.default\">\n\t\t\t\t<div class=\"elementor-widget-container\">\n\t\t\t\t\t\t\t\t\t<div class=\"flex-shrink-0 flex flex-col relative items-end\"><div class=\"pt-0\"><div class=\"gizmo-bot-avatar flex h-8 w-8 items-center justify-center overflow-hidden rounded-full\"><div class=\"relative p-1 rounded-sm flex items-center justify-center bg-token-main-surface-primary text-token-text-primary h-8 w-8\"><p>Para m\u00e1s informaci\u00f3n de su proceso de rendici\u00f3n de cuentas<\/p><\/div><\/div><\/div><\/div>\t\t\t\t\t\t\t\t<\/div>\n\t\t\t\t<\/div>\n\t\t\t\t<div class=\"elementor-element elementor-element-abd7e7e elementor-align-center elementor-widget elementor-widget-button\" data-id=\"abd7e7e\" data-element_type=\"widget\" data-widget_type=\"button.default\">\n\t\t\t\t<div class=\"elementor-widget-container\">\n\t\t\t\t\t\t\t\t\t<div class=\"elementor-button-wrapper\">\n\t\t\t\t\t<a class=\"elementor-button elementor-button-link elementor-size-sm\" href=\"https:\/\/gobiernoabierto.quito.gob.ec\/estructura-concejo-metropolitano\">\n\t\t\t\t\t\t<span class=\"elementor-button-content-wrapper\">\n\t\t\t\t\t\t\t\t\t<span class=\"elementor-button-text\">Clic aqu\u00ed<\/span>\n\t\t\t\t\t<\/span>\n\t\t\t\t\t<\/a>\n\t\t\t\t<\/div>\n\t\t\t\t\t\t\t\t<\/div>\n\t\t\t\t<\/div>\n\t\t\t\t<div class=\"elementor-element elementor-element-ee300cd elementor-widget elementor-widget-text-editor\" data-id=\"ee300cd\" data-element_type=\"widget\" data-widget_type=\"text-editor.default\">\n\t\t\t\t<div class=\"elementor-widget-container\">\n\t\t\t\t\t\t\t\t\t<table width=\"924\"><tbody><tr><td style=\"text-align: center;\" width=\"154\"><strong>Autoridad electa<\/strong><\/td><td style=\"text-align: center;\" width=\"196\"><strong>Fecha<\/strong><\/td><td style=\"text-align: center;\" width=\"39\"><strong>Hora<\/strong><\/td><td style=\"text-align: center;\" width=\"535\"><strong>Lugar<\/strong><\/td><\/tr><tr><td>Mar\u00eda Fernanda Racines<\/td><td>s\u00e1bado, junio 14, 2025<\/td><td>9:30<\/td><td>Coliseo Germ\u00e1n Medrano Baca<\/td><\/tr><tr><td>Joselyn Mayorga<\/td><td>s\u00e1bado, junio 21, 2025<\/td><td>9:30<\/td><td>Conquito<\/td><\/tr><tr><td>\u00c1ngel Vega<\/td><td>s\u00e1bado, junio 21, 2025<\/td><td>9:30<\/td><td>Auditorio GAD Parroquial de Tumbaco<\/td><\/tr><tr><td>Andr\u00e9s Campa\u00f1a<\/td><td>mi\u00e9rcoles, junio 25, 2025<\/td><td>17:00<\/td><td>Asamblea Nacional Sal\u00f3n Jos\u00e9 Mej\u00eda Lequerica<\/td><\/tr><tr><td>Cristina L\u00f3pez<\/td><td>jueves, junio 26, 2025<\/td><td>18:00<\/td><td>Casa Somos Conocoto<\/td><\/tr><tr><td>Blanca Paucar<\/td><td>viernes, junio 27, 2025<\/td><td>16:00<\/td><td>Coliseo El Carmen, sur de Quito<\/td><\/tr><tr><td>Dar\u00edo Cahue\u00f1as<\/td><td>viernes, junio 27, 2025<\/td><td>17:00<\/td><td>Teatro del Centro Cultural Mama cuchara<\/td><\/tr><tr><td>Sandra Hidalgo<\/td><td>viernes, junio 27, 2025<\/td><td>17:00<\/td><td>Auditorio Hugo Alem\u00e1n Centro Cultural Metropolitano<\/td><\/tr><tr><td>Fidel Chamba<\/td><td>s\u00e1bado, junio 28, 2025<\/td><td>10:00<\/td><td>Sal\u00f3n de la Ciudad<\/td><\/tr><tr><td>Julio Noro\u00f1a<\/td><td>s\u00e1bado, junio 28, 2025<\/td><td>10:00<\/td><td>P\u00edntag Ubillus &#8211; Sal\u00f3n de Uso M\u00faltiple<\/td><\/tr><tr><td>Diego Garrido<\/td><td>s\u00e1bado, junio 28, 2025<\/td><td>11:00<\/td><td>Estadio de la Federaci\u00f3n de las Ligas de Quito<\/td><\/tr><tr><td>Michael Aulestia<\/td><td>s\u00e1bado, junio 28, 2025<\/td><td>10:00<\/td><td>Parque Central de Tababela<\/td><\/tr><tr><td>Diana Cruz<\/td><td>lunes, junio 30, 2025<\/td><td>16:30<\/td><td>Centro Cultural Metropolitano\u00a0<\/td><\/tr><tr><td>Juan B\u00e1ez<\/td><td>mi\u00e9rcoles, julio 02, 2025<\/td><td>14:00<\/td><td>Sal\u00f3n Auditorio de la EPMAPS<\/td><\/tr><tr><td>Estefan\u00eda Grunauer<\/td><td>jueves, julio 03, 2025<\/td><td>16:00<\/td><td>Auditorio del Cuerpo de Bomberos de Quito<\/td><\/tr><tr><td>Emilio Uzc\u00e1tegui<\/td><td>jueves, julio 03, 2025<\/td><td>17:00<\/td><td>Conquito<\/td><\/tr><tr><td>Bernardo Abad<\/td><td>viernes, julio 04, 2025<\/td><td>10:00<\/td><td width=\"535\">Auditorio del Jard\u00edn Bot\u00e1nico, ubicado en la Av. Rumipamba y Av. De los Shirys.<\/td><\/tr><tr><td>Adri\u00e1n Ibarra<\/td><td>viernes, julio 04, 2025<\/td><td>16:30<\/td><td>Calle Manuel Enr\u00edquez y Jos\u00e9 Mar\u00eda de la Torres<\/td><\/tr><tr><td>Wilson Merino<\/td><td>s\u00e1bado, julio 05, 2025<\/td><td>10:00<\/td><td>Casa Comunal Ciudadela Los Arrayanes<\/td><\/tr><tr><td>Anal\u00eda Ledesma<\/td><td>lunes, julio 07, 2025<\/td><td>18:00<\/td><td width=\"535\">Auditorio CBFC Zona Sur, calles Encomenderos 349 y Pasaje 1 Reino de Quito<\/td><\/tr><tr><td>Pabel Mu\u00f1oz<\/td><td>jueves, julio 10, 2025<\/td><td>17:00<\/td><td>Sal\u00f3n de la Ciudad<\/td><\/tr><tr><td>H\u00e9ctor Cueva<\/td><td>viernes, julio 11, 2025<\/td><td>15:00<\/td><td>Estaci\u00f3n de ferrocarril Chimbacalle<\/td><\/tr><\/tbody><\/table>\t\t\t\t\t\t\t\t<\/div>\n\t\t\t\t<\/div>\n\t\t\t\t\t<\/div>\n\t\t\t\t<\/div>\n\t\t\t\t<\/div>\n\t\t","protected":false},"excerpt":{"rendered":"<p>El Consejo de Participaci\u00f3n Ciudadana y Control Social, a trav\u00e9s de la Resoluci\u00f3n No. CPCCS-PLE-SG-069-2021-476 en el Art. 13 establece: \u201c(&#8230;) Para las autoridades de elecci\u00f3n popular: de los Gobiernos Aut\u00f3nomos Descentralizados de los niveles de provincial, cantonal y parroquial, de la Asamblea Nacional, del Parlamento Andino, del Consejo de Participaci\u00f3n Ciudadana y Control Social [&hellip;]<\/p>\n","protected":false},"author":1,"featured_media":0,"parent":0,"menu_order":0,"comment_status":"closed","ping_status":"closed","template":"elementor_header_footer","meta":{"_monsterinsights_skip_tracking":false,"_monsterinsights_sitenote_active":false,"_monsterinsights_sitenote_note":"","_monsterinsights_sitenote_category":0,"footnotes":""},"class_list":["post-357368","page","type-page","status-publish","hentry"],"_links":{"self":[{"href":"https:\/\/zonales.quito.gob.ec\/index.php?rest_route=\/wp\/v2\/pages\/357368","targetHints":{"allow":["GET"]}}],"collection":[{"href":"https:\/\/zonales.quito.gob.ec\/index.php?rest_route=\/wp\/v2\/pages"}],"about":[{"href":"https:\/\/zonales.quito.gob.ec\/index.php?rest_route=\/wp\/v2\/types\/page"}],"author":[{"embeddable":true,"href":"https:\/\/zonales.quito.gob.ec\/index.php?rest_route=\/wp\/v2\/users\/1"}],"replies":[{"embeddable":true,"href":"https:\/\/zonales.quito.gob.ec\/index.php?rest_route=%2Fwp%2Fv2%2Fcomments&post=357368"}],"version-history":[{"count":4,"href":"https:\/\/zonales.quito.gob.ec\/index.php?rest_route=\/wp\/v2\/pages\/357368\/revisions"}],"predecessor-version":[{"id":357380,"href":"https:\/\/zonales.quito.gob.ec\/index.php?rest_route=\/wp\/v2\/pages\/357368\/revisions\/357380"}],"wp:attachment":[{"href":"https:\/\/zonales.quito.gob.ec\/index.php?rest_route=%2Fwp%2Fv2%2Fmedia&parent=357368"}],"curies":[{"name":"wp","href":"https:\/\/api.w.org\/{rel}","templated":true}]}}