{"id":52605,"date":"2022-11-02T09:23:58","date_gmt":"2022-11-02T14:23:58","guid":{"rendered":"https:\/\/zonales.quito.gob.ec\/?page_id=52605"},"modified":"2022-11-05T21:25:47","modified_gmt":"2022-11-06T02:25:47","slug":"arranca-proceso-de-conformacion-de-los-consejos-consultivos-de-derechos-del-dmq","status":"publish","type":"page","link":"https:\/\/zonales.quito.gob.ec\/?page_id=52605","title":{"rendered":"Arranca proceso de conformaci\u00f3n de los Consejos Consultivos de Derechos del DMQ"},"content":{"rendered":"\t\t<div data-elementor-type=\"wp-page\" data-elementor-id=\"52605\" class=\"elementor elementor-52605\" data-elementor-post-type=\"page\">\n\t\t\t\t\t\t<section class=\"elementor-section elementor-top-section elementor-element elementor-element-7y3l1np elementor-section-content-top elementor-section-boxed elementor-section-height-default elementor-section-height-default\" data-id=\"7y3l1np\" data-element_type=\"section\" data-settings=\"{&quot;background_background&quot;:&quot;classic&quot;}\">\n\t\t\t\t\t\t<div class=\"elementor-container elementor-column-gap-no\">\n\t\t\t\t\t<div class=\"elementor-column elementor-col-50 elementor-top-column elementor-element elementor-element-8373266\" data-id=\"8373266\" data-element_type=\"column\">\n\t\t\t<div class=\"elementor-widget-wrap elementor-element-populated\">\n\t\t\t\t\t\t<div class=\"elementor-element elementor-element-f10974c elementor-icon-list--layout-traditional elementor-list-item-link-full_width elementor-widget elementor-widget-icon-list\" data-id=\"f10974c\" data-element_type=\"widget\" data-widget_type=\"icon-list.default\">\n\t\t\t\t<div class=\"elementor-widget-container\">\n\t\t\t\t\t\t\t<ul class=\"elementor-icon-list-items\">\n\t\t\t\t\t\t\t<li class=\"elementor-icon-list-item\">\n\t\t\t\t\t\t\t\t\t\t\t<span class=\"elementor-icon-list-icon\">\n\t\t\t\t\t\t\t<svg aria-hidden=\"true\" class=\"e-font-icon-svg e-fas-circle\" viewBox=\"0 0 512 512\" xmlns=\"http:\/\/www.w3.org\/2000\/svg\"><path d=\"M256 8C119 8 8 119 8 256s111 248 248 248 248-111 248-248S393 8 256 8z\"><\/path><\/svg>\t\t\t\t\t\t<\/span>\n\t\t\t\t\t\t\t\t\t\t<span class=\"elementor-icon-list-text\">CONVOCATORIA<\/span>\n\t\t\t\t\t\t\t\t\t<\/li>\n\t\t\t\t\t\t<\/ul>\n\t\t\t\t\t\t<\/div>\n\t\t\t\t<\/div>\n\t\t\t\t<div class=\"elementor-element elementor-element-149c512 elementor-widget elementor-widget-heading\" data-id=\"149c512\" data-element_type=\"widget\" data-widget_type=\"heading.default\">\n\t\t\t\t<div class=\"elementor-widget-container\">\n\t\t\t\t\t<h1 class=\"elementor-heading-title elementor-size-default\">Arranca proceso de conformaci\u00f3n de los Consejos Consultivos de Derechos del DMQ\n<\/h1>\t\t\t\t<\/div>\n\t\t\t\t<\/div>\n\t\t\t\t<div class=\"elementor-element elementor-element-0937eaf elementor-widget elementor-widget-text-editor\" data-id=\"0937eaf\" data-element_type=\"widget\" data-widget_type=\"text-editor.default\">\n\t\t\t\t<div class=\"elementor-widget-container\">\n\t\t\t\t\t\t\t\t\t<p>Se CONVOCA a las personas titulares de derechos, a personas defensoras de la naturaleza y animales, as\u00ed como a las organizaciones debidamente conformadas que trabajan con relaci\u00f3n a la protecci\u00f3n de los derechos de los grupos de atenci\u00f3n prioritaria y de aquellos que se encuentran en situaci\u00f3n de exclusi\u00f3n y\/o vulnerabilidad, a participar del proceso de conformaci\u00f3n de los Consejos Consultivos del Derechos del Distrito Metropolitano de Quito<br \/>2022 \u2013 2024.<\/p>\t\t\t\t\t\t\t\t<\/div>\n\t\t\t\t<\/div>\n\t\t\t\t\t<\/div>\n\t\t<\/div>\n\t\t\t\t<div class=\"elementor-column elementor-col-50 elementor-top-column elementor-element elementor-element-112c62a\" data-id=\"112c62a\" data-element_type=\"column\">\n\t\t\t<div class=\"elementor-widget-wrap elementor-element-populated\">\n\t\t\t\t\t\t<div class=\"elementor-element elementor-element-04b59af elementor-widget elementor-widget-image\" data-id=\"04b59af\" data-element_type=\"widget\" data-widget_type=\"image.default\">\n\t\t\t\t<div class=\"elementor-widget-container\">\n\t\t\t\t\t\t\t\t\t\t\t\t\t\t\t<img fetchpriority=\"high\" decoding=\"async\" width=\"640\" height=\"428\" src=\"https:\/\/zonales.quito.gob.ec\/wp-content\/uploads\/LOGO-CPD-1024x685.png\" class=\"attachment-large size-large wp-image-52796\" alt=\"\" srcset=\"https:\/\/zonales.quito.gob.ec\/wp-content\/uploads\/LOGO-CPD-1024x685.png 1024w, https:\/\/zonales.quito.gob.ec\/wp-content\/uploads\/LOGO-CPD-300x201.png 300w, https:\/\/zonales.quito.gob.ec\/wp-content\/uploads\/LOGO-CPD-768x514.png 768w, https:\/\/zonales.quito.gob.ec\/wp-content\/uploads\/LOGO-CPD-1536x1028.png 1536w, https:\/\/zonales.quito.gob.ec\/wp-content\/uploads\/LOGO-CPD-2048x1370.png 2048w\" sizes=\"(max-width: 640px) 100vw, 640px\" \/>\t\t\t\t\t\t\t\t\t\t\t\t\t\t\t<\/div>\n\t\t\t\t<\/div>\n\t\t\t\t\t<\/div>\n\t\t<\/div>\n\t\t\t\t\t<\/div>\n\t\t<\/section>\n\t\t\t\t<section class=\"elementor-section elementor-top-section elementor-element elementor-element-d2c6d18 elementor-section-boxed elementor-section-height-default elementor-section-height-default\" data-id=\"d2c6d18\" data-element_type=\"section\" id=\"elemento\" data-settings=\"{&quot;background_background&quot;:&quot;classic&quot;,&quot;shape_divider_bottom&quot;:&quot;curve&quot;,&quot;shape_divider_bottom_negative&quot;:&quot;yes&quot;}\">\n\t\t\t\t\t\t\t<div class=\"elementor-background-overlay\"><\/div>\n\t\t\t\t\t\t<div class=\"elementor-shape elementor-shape-bottom\" aria-hidden=\"true\" data-negative=\"true\">\n\t\t\t<svg xmlns=\"http:\/\/www.w3.org\/2000\/svg\" viewBox=\"0 0 1000 100\" preserveAspectRatio=\"none\">\n\t<path class=\"elementor-shape-fill\" d=\"M500,97C126.7,96.3,0.8,19.8,0,0v100l1000,0V1C1000,19.4,873.3,97.8,500,97z\"\/>\n<\/svg>\t\t<\/div>\n\t\t\t\t\t<div class=\"elementor-container elementor-column-gap-no\">\n\t\t\t\t\t<div class=\"elementor-column elementor-col-100 elementor-top-column elementor-element elementor-element-8dac46b\" data-id=\"8dac46b\" data-element_type=\"column\">\n\t\t\t<div class=\"elementor-widget-wrap elementor-element-populated\">\n\t\t\t\t\t\t<div class=\"elementor-element elementor-element-5eb98c0 elementor-widget elementor-widget-heading\" data-id=\"5eb98c0\" data-element_type=\"widget\" data-widget_type=\"heading.default\">\n\t\t\t\t<div class=\"elementor-widget-container\">\n\t\t\t\t\t<h1 class=\"elementor-heading-title elementor-size-default\">Informaci\u00f3n Adicional <\/h1>\t\t\t\t<\/div>\n\t\t\t\t<\/div>\n\t\t\t\t<div class=\"elementor-element elementor-element-c46e82f elementor-widget elementor-widget-text-editor\" data-id=\"c46e82f\" data-element_type=\"widget\" data-widget_type=\"text-editor.default\">\n\t\t\t\t<div class=\"elementor-widget-container\">\n\t\t\t\t\t\t\t\t\t<p>Los Consejos Consultivos de Derechos son instancias de car\u00e1cter voluntario, participativo y consultivo, integrados por los titulares de derechos y\/u organizaciones que los representen; tienen entre sus objetivos principales designar de entre sus miembros a los representantes al Pleno del Consejo de Protecci\u00f3n de Derechos del DMQ, asesorar a este Consejo, crear espacios participativos de car\u00e1cter local, e incidir en la construcci\u00f3n de pol\u00edticas p\u00fablicas para la protecci\u00f3n de los derechos de los grupos de atenci\u00f3n prioritaria, personas en situaci\u00f3n de vulnerabilidad y\/o riesgo, y de naturaleza y animales.<\/p><p><br \/>En el Distrito Metropolitano de Quito, se conformar\u00e1n 10 Consejos Consultivos de Derechos de los siguientes grupos de atenci\u00f3n prioritaria y\/o personas en situaci\u00f3n de vulnerabilidad<\/p><p>\u2022 Consejo Consultivo de ni\u00f1as, ni\u00f1os y adolescentes<br \/>\u2022 Consejo Consultivo de j\u00f3venes<br \/>\u2022 Consejo Consultivo de personas adultas mayores<br \/>\u2022 Consejo Consultivo de mujeres<br \/>\u2022 Consejo Consultivo de personas de diversidades sexo gen\u00e9ricas<br \/>\u2022 Consejo Consultivo de personas con discapacidad<br \/>\u2022 Consejo Consultivo de personas en situaci\u00f3n de movilidad humana<br \/>\u2022 Consejo Consultivo de pueblos y nacionalidades ind\u00edgenas<br \/>\u2022 Consejo Consultivo de pueblos afrodescendientes y montubios<br \/>\u2022 Consejo Consultivo de defensoras\/es de naturaleza y animales<\/p>\t\t\t\t\t\t\t\t<\/div>\n\t\t\t\t<\/div>\n\t\t\t\t<section class=\"elementor-section elementor-inner-section elementor-element elementor-element-e5d52da elementor-section-full_width elementor-section-height-default elementor-section-height-default\" data-id=\"e5d52da\" data-element_type=\"section\" data-settings=\"{&quot;background_background&quot;:&quot;classic&quot;}\">\n\t\t\t\t\t\t\t<div class=\"elementor-background-overlay\"><\/div>\n\t\t\t\t\t\t\t<div class=\"elementor-container elementor-column-gap-no\">\n\t\t\t\t\t<div class=\"elementor-column elementor-col-100 elementor-inner-column elementor-element elementor-element-05e53e4\" data-id=\"05e53e4\" data-element_type=\"column\" data-settings=\"{&quot;background_background&quot;:&quot;classic&quot;}\">\n\t\t\t<div class=\"elementor-widget-wrap elementor-element-populated\">\n\t\t\t\t\t\t<div class=\"elementor-element elementor-element-e80e721 elementor-widget elementor-widget-testimonial\" data-id=\"e80e721\" data-element_type=\"widget\" data-widget_type=\"testimonial.default\">\n\t\t\t\t<div class=\"elementor-widget-container\">\n\t\t\t\t\t\t\t<div class=\"elementor-testimonial-wrapper\">\n\t\t\t\t\t\t\t<div class=\"elementor-testimonial-content\">Cabe recordar que, cada Consejo Consultivo estar\u00e1 integrado por 16 representantes titulares del\nGrupo de Atenci\u00f3n Prioritaria (GAP), elegidos por el nivel territorial, dos por cada administraci\u00f3n\nzonal, de forma paritaria; y 9 nueve representantes por las organizaciones que trabajan por los\nderechos de las personas del GAP y que se encuentren debidamente constituidas.\nPara participar del proceso se deben cumplir con varios requisitos, como por ejemplo no estar\nen mora en el pago de pensiones alimenticias a favor de cualquier persona beneficiaria de este\nderecho, no haber sido sentenciado por delitos contra la integridad sexual y\/o violencia, no\ntener suspendidos sus derechos pol\u00edticos, entre otros.\nDesde el Consejo de Protecci\u00f3n de Derechos del DMQ, hacemos un llamado para que las\npersonas interesadas en la protecci\u00f3n de los derechos humanos, de la naturaleza y animales,\nejerzan su derecho a la participaci\u00f3n y formen parte de los Consejos Consultivos de Derechos.\n\n<\/div>\n\t\t\t\n\t\t\t\t\t\t<div class=\"elementor-testimonial-meta elementor-has-image elementor-testimonial-image-position-aside\">\n\t\t\t\t<div class=\"elementor-testimonial-meta-inner\">\n\t\t\t\t\t\t\t\t\t\t\t<div class=\"elementor-testimonial-image\">\n\t\t\t\t\t\t\t<img decoding=\"async\" width=\"150\" height=\"150\" src=\"https:\/\/zonales.quito.gob.ec\/wp-content\/uploads\/2022\/05\/logo_colores-01-150x150.png\" class=\"attachment-thumbnail size-thumbnail wp-image-8291\" alt=\"\" \/>\t\t\t\t\t\t<\/div>\n\t\t\t\t\t\n\t\t\t\t\t\t\t\t\t\t<div class=\"elementor-testimonial-details\">\n\t\t\t\t\t\t\t\t\t\t\t\t\t\t<div class=\"elementor-testimonial-name\">Arranca proceso de conformaci\u00f3n de los Consejos Consultivos de Derechos del DMQ<\/div>\n\t\t\t\t\t\t\t\t\t\t\t\t\t\t\t\t\t\t\t\t\t\t<div class=\"elementor-testimonial-job\">te 11 de octubre de 2022; la fase de inscripciones culmina el 7 de noviembre<\/div>\n\t\t\t\t\t\t\t\t\t\t\t\t\t<\/div>\n\t\t\t\t\t\t\t\t\t<\/div>\n\t\t\t<\/div>\n\t\t\t\t\t<\/div>\n\t\t\t\t\t\t<\/div>\n\t\t\t\t<\/div>\n\t\t\t\t\t<\/div>\n\t\t<\/div>\n\t\t\t\t\t<\/div>\n\t\t<\/section>\n\t\t\t\t\t<\/div>\n\t\t<\/div>\n\t\t\t\t\t<\/div>\n\t\t<\/section>\n\t\t\t\t<section class=\"elementor-section elementor-top-section elementor-element elementor-element-1fdba0a elementor-section-boxed elementor-section-height-default elementor-section-height-default\" data-id=\"1fdba0a\" data-element_type=\"section\" data-settings=\"{&quot;background_background&quot;:&quot;classic&quot;}\">\n\t\t\t\t\t\t<div class=\"elementor-container elementor-column-gap-default\">\n\t\t\t\t\t<div class=\"elementor-column elementor-col-100 elementor-top-column elementor-element elementor-element-d2c8d79\" data-id=\"d2c8d79\" data-element_type=\"column\">\n\t\t\t<div class=\"elementor-widget-wrap elementor-element-populated\">\n\t\t\t\t\t\t<div class=\"elementor-element elementor-element-7ed6836 elementor-align-center elementor-mobile-align-center elementor-widget elementor-widget-button\" data-id=\"7ed6836\" data-element_type=\"widget\" data-widget_type=\"button.default\">\n\t\t\t\t<div class=\"elementor-widget-container\">\n\t\t\t\t\t\t\t\t\t<div class=\"elementor-button-wrapper\">\n\t\t\t\t\t<a class=\"elementor-button elementor-button-link elementor-size-sm elementor-animation-grow\" href=\"#\" id=\"boton\">\n\t\t\t\t\t\t<span class=\"elementor-button-content-wrapper\">\n\t\t\t\t\t\t\t\t\t<span class=\"elementor-button-text\">M\u00c1S  Informaci\u00f3n del proceso<\/span>\n\t\t\t\t\t<\/span>\n\t\t\t\t\t<\/a>\n\t\t\t\t<\/div>\n\t\t\t\t\t\t\t\t<\/div>\n\t\t\t\t<\/div>\n\t\t\t\t<div class=\"elementor-element elementor-element-da5d08e elementor-widget elementor-widget-html\" data-id=\"da5d08e\" data-element_type=\"widget\" data-widget_type=\"html.default\">\n\t\t\t\t<div class=\"elementor-widget-container\">\n\t\t\t\t\t<script>\/*OCULTAR ACORDEON ACTIVO*\/\r\nseeMoreOpened=false;\r\njQuery(document).ready(function($) {\r\nvar delay = 100; setTimeout(function() {\r\n$('.elementor-tab-title').removeClass('elementor-active');\r\n $('.elementor-tab-content').css('display', 'none'); }, delay);\r\n\r\n  \/*Mostrar\/ocultar contenido*\/\r\n $('#elemento').hide();\r\n\r\n $('#boton').click(function(event){\r\n\r\n\r\n     event.preventDefault();\r\n\r\n     $('#elemento').slideToggle('slow',function() {\r\n\r\n         if(!seeMoreOpened){\r\n              $('#boton').text('MINIMIZAR')\r\n\r\n\r\n         }else{\r\n              $('#boton').text('M\u00c1SINFORMACI\u00d3N DEL PROCESO DE CONFORMACI\u00d3N')\r\n\r\n         }\r\n         seeMoreOpened=!seeMoreOpened;\r\n\r\n  });\r\n\r\n\r\n })\r\n\r\n});<\/script>\t\t\t\t<\/div>\n\t\t\t\t<\/div>\n\t\t\t\t\t<\/div>\n\t\t<\/div>\n\t\t\t\t\t<\/div>\n\t\t<\/section>\n\t\t\t\t<section class=\"elementor-section elementor-top-section elementor-element elementor-element-1b15da6 elementor-section-boxed elementor-section-height-default elementor-section-height-default\" data-id=\"1b15da6\" data-element_type=\"section\" data-settings=\"{&quot;background_background&quot;:&quot;classic&quot;}\">\n\t\t\t\t\t\t<div class=\"elementor-container elementor-column-gap-default\">\n\t\t\t\t\t<div class=\"elementor-column elementor-col-100 elementor-top-column elementor-element elementor-element-9d3e5f9\" data-id=\"9d3e5f9\" data-element_type=\"column\">\n\t\t\t<div class=\"elementor-widget-wrap elementor-element-populated\">\n\t\t\t\t\t\t<div class=\"elementor-element elementor-element-1c0805a elementor-widget elementor-widget-heading\" data-id=\"1c0805a\" data-element_type=\"widget\" data-widget_type=\"heading.default\">\n\t\t\t\t<div class=\"elementor-widget-container\">\n\t\t\t\t\t<h1 class=\"elementor-heading-title elementor-size-default\">Descarga los formulario respectivos<\/h1>\t\t\t\t<\/div>\n\t\t\t\t<\/div>\n\t\t\t\t<div class=\"elementor-element elementor-element-299f270 elementor-align-center elementor-widget elementor-widget-button\" data-id=\"299f270\" data-element_type=\"widget\" data-widget_type=\"button.default\">\n\t\t\t\t<div class=\"elementor-widget-container\">\n\t\t\t\t\t\t\t\t\t<div class=\"elementor-button-wrapper\">\n\t\t\t\t\t<a class=\"elementor-button elementor-button-link elementor-size-sm\" href=\"https:\/\/proteccionderechosquito.gob.ec\/ccd-2022\/\">\n\t\t\t\t\t\t<span class=\"elementor-button-content-wrapper\">\n\t\t\t\t\t\t<span class=\"elementor-button-icon\">\n\t\t\t\t<svg aria-hidden=\"true\" class=\"e-font-icon-svg e-fas-file-download\" viewBox=\"0 0 384 512\" xmlns=\"http:\/\/www.w3.org\/2000\/svg\"><path d=\"M224 136V0H24C10.7 0 0 10.7 0 24v464c0 13.3 10.7 24 24 24h336c13.3 0 24-10.7 24-24V160H248c-13.2 0-24-10.8-24-24zm76.45 211.36l-96.42 95.7c-6.65 6.61-17.39 6.61-24.04 0l-96.42-95.7C73.42 337.29 80.54 320 94.82 320H160v-80c0-8.84 7.16-16 16-16h32c8.84 0 16 7.16 16 16v80h65.18c14.28 0 21.4 17.29 11.27 27.36zM377 105L279.1 7c-4.5-4.5-10.6-7-17-7H256v128h128v-6.1c0-6.3-2.5-12.4-7-16.9z\"><\/path><\/svg>\t\t\t<\/span>\n\t\t\t\t\t\t\t\t\t<span class=\"elementor-button-text\">Haz clic aqu\u00ed<\/span>\n\t\t\t\t\t<\/span>\n\t\t\t\t\t<\/a>\n\t\t\t\t<\/div>\n\t\t\t\t\t\t\t\t<\/div>\n\t\t\t\t<\/div>\n\t\t\t\t<div class=\"elementor-element elementor-element-2974a4c elementor-widget elementor-widget-heading\" data-id=\"2974a4c\" data-element_type=\"widget\" data-widget_type=\"heading.default\">\n\t\t\t\t<div class=\"elementor-widget-container\">\n\t\t\t\t\t<h1 class=\"elementor-heading-title elementor-size-default\">CONVOCATORIA CONFORMACI\u00d3N DE LOS CONSEJOS CONSULTIVOS DE\nDERECHOS DEL DISTRITO METROPOLITANO DE QUITO <\/h1>\t\t\t\t<\/div>\n\t\t\t\t<\/div>\n\t\t\t\t<div class=\"elementor-element elementor-element-46df6a9 elementor-align-center elementor-widget elementor-widget-button\" data-id=\"46df6a9\" data-element_type=\"widget\" data-widget_type=\"button.default\">\n\t\t\t\t<div class=\"elementor-widget-container\">\n\t\t\t\t\t\t\t\t\t<div class=\"elementor-button-wrapper\">\n\t\t\t\t\t<a class=\"elementor-button elementor-button-link elementor-size-sm\" href=\"https:\/\/zonales.quito.gob.ec\/wp-content\/uploads\/2022-10-11-Convocatoria-conformacion-CCD-signed.pdf\">\n\t\t\t\t\t\t<span class=\"elementor-button-content-wrapper\">\n\t\t\t\t\t\t<span class=\"elementor-button-icon\">\n\t\t\t\t<svg aria-hidden=\"true\" class=\"e-font-icon-svg e-fas-file-download\" viewBox=\"0 0 384 512\" xmlns=\"http:\/\/www.w3.org\/2000\/svg\"><path d=\"M224 136V0H24C10.7 0 0 10.7 0 24v464c0 13.3 10.7 24 24 24h336c13.3 0 24-10.7 24-24V160H248c-13.2 0-24-10.8-24-24zm76.45 211.36l-96.42 95.7c-6.65 6.61-17.39 6.61-24.04 0l-96.42-95.7C73.42 337.29 80.54 320 94.82 320H160v-80c0-8.84 7.16-16 16-16h32c8.84 0 16 7.16 16 16v80h65.18c14.28 0 21.4 17.29 11.27 27.36zM377 105L279.1 7c-4.5-4.5-10.6-7-17-7H256v128h128v-6.1c0-6.3-2.5-12.4-7-16.9z\"><\/path><\/svg>\t\t\t<\/span>\n\t\t\t\t\t\t\t\t\t<span class=\"elementor-button-text\">DESCARGA LA CONVOCATORIA<\/span>\n\t\t\t\t\t<\/span>\n\t\t\t\t\t<\/a>\n\t\t\t\t<\/div>\n\t\t\t\t\t\t\t\t<\/div>\n\t\t\t\t<\/div>\n\t\t\t\t<div class=\"elementor-element elementor-element-cd932b0 elementor-widget elementor-widget-text-editor\" data-id=\"cd932b0\" data-element_type=\"widget\" data-widget_type=\"text-editor.default\">\n\t\t\t\t<div class=\"elementor-widget-container\">\n\t\t\t\t\t\t\t\t\t<p><strong>Dato para tomar en cuenta<\/strong><\/p><p>El proceso de conformaci\u00f3n de los CCD cuenta con el apoyo de las Secretar\u00edas de Inclusi\u00f3n y de Participaci\u00f3n Ciudadana del MDMQ, en tal sentido para la inscripci\u00f3n en cada territorio los y las interesados del proceso lo pueden tomar contacto con los siguientes delegados:<\/p>\t\t\t\t\t\t\t\t<\/div>\n\t\t\t\t<\/div>\n\t\t\t\t<div class=\"elementor-element elementor-element-d00e646 elementor-widget elementor-widget-image\" data-id=\"d00e646\" data-element_type=\"widget\" data-widget_type=\"image.default\">\n\t\t\t\t<div class=\"elementor-widget-container\">\n\t\t\t\t\t\t\t\t\t\t\t\t\t\t\t<img decoding=\"async\" width=\"709\" height=\"362\" src=\"https:\/\/zonales.quito.gob.ec\/wp-content\/uploads\/BOLETIN-CONVOCATORIA-CON-CUADRO-1.jpg\" class=\"attachment-full size-full wp-image-52630\" alt=\"\" srcset=\"https:\/\/zonales.quito.gob.ec\/wp-content\/uploads\/BOLETIN-CONVOCATORIA-CON-CUADRO-1.jpg 709w, https:\/\/zonales.quito.gob.ec\/wp-content\/uploads\/BOLETIN-CONVOCATORIA-CON-CUADRO-1-300x153.jpg 300w\" sizes=\"(max-width: 709px) 100vw, 709px\" \/>\t\t\t\t\t\t\t\t\t\t\t\t\t\t\t<\/div>\n\t\t\t\t<\/div>\n\t\t\t\t<div class=\"elementor-element elementor-element-8ecaab8 elementor-widget elementor-widget-image\" data-id=\"8ecaab8\" data-element_type=\"widget\" data-widget_type=\"image.default\">\n\t\t\t\t<div class=\"elementor-widget-container\">\n\t\t\t\t\t\t\t\t\t\t\t\t\t\t\t<img loading=\"lazy\" decoding=\"async\" width=\"714\" height=\"318\" src=\"https:\/\/zonales.quito.gob.ec\/wp-content\/uploads\/BOLETIN-CONVOCATORIA-CON-CUADRO-2.jpg\" class=\"attachment-full size-full wp-image-52629\" alt=\"\" srcset=\"https:\/\/zonales.quito.gob.ec\/wp-content\/uploads\/BOLETIN-CONVOCATORIA-CON-CUADRO-2.jpg 714w, https:\/\/zonales.quito.gob.ec\/wp-content\/uploads\/BOLETIN-CONVOCATORIA-CON-CUADRO-2-300x134.jpg 300w\" sizes=\"(max-width: 714px) 100vw, 714px\" \/>\t\t\t\t\t\t\t\t\t\t\t\t\t\t\t<\/div>\n\t\t\t\t<\/div>\n\t\t\t\t<div class=\"elementor-element elementor-element-5c74d87 elementor-widget elementor-widget-text-editor\" data-id=\"5c74d87\" data-element_type=\"widget\" data-widget_type=\"text-editor.default\">\n\t\t\t\t<div class=\"elementor-widget-container\">\n\t\t\t\t\t\t\t\t\t<ul><li>\u00a0En caso de dudas comun\u00edquese a los tel\u00e9fonos 022551-995, ext. 110, al tel\u00e9fono: 0939055873 con Giovanny Pazmi\u00f1o; o env\u00ede un correo a: <a href=\"mailto:edgar.andrade@derechosquito.gob.ec\">edgar.andrade@derechosquito.gob.ec<\/a><\/li><li>Cu\u00f1a Radial: <a href=\"https:\/\/soundcloud.com\/cpd-quito\/cuna-consejos-consultivos-1\">Clic Aqu\u00ed<\/a><\/li><\/ul>\t\t\t\t\t\t\t\t<\/div>\n\t\t\t\t<\/div>\n\t\t\t\t\t<\/div>\n\t\t<\/div>\n\t\t\t\t\t<\/div>\n\t\t<\/section>\n\t\t\t\t<\/div>\n\t\t","protected":false},"excerpt":{"rendered":"<p>CONVOCATORIA Arranca proceso de conformaci\u00f3n de los Consejos Consultivos de Derechos del DMQ Se CONVOCA a las personas titulares de derechos, a personas defensoras de la naturaleza y animales, as\u00ed como a las organizaciones debidamente conformadas que trabajan con relaci\u00f3n a la protecci\u00f3n de los derechos de los grupos de atenci\u00f3n prioritaria y de aquellos [&hellip;]<\/p>\n","protected":false},"author":1,"featured_media":0,"parent":0,"menu_order":0,"comment_status":"closed","ping_status":"closed","template":"elementor_header_footer","meta":{"_monsterinsights_skip_tracking":false,"_monsterinsights_sitenote_active":false,"_monsterinsights_sitenote_note":"","_monsterinsights_sitenote_category":0,"footnotes":""},"class_list":["post-52605","page","type-page","status-publish","hentry"],"_links":{"self":[{"href":"https:\/\/zonales.quito.gob.ec\/index.php?rest_route=\/wp\/v2\/pages\/52605","targetHints":{"allow":["GET"]}}],"collection":[{"href":"https:\/\/zonales.quito.gob.ec\/index.php?rest_route=\/wp\/v2\/pages"}],"about":[{"href":"https:\/\/zonales.quito.gob.ec\/index.php?rest_route=\/wp\/v2\/types\/page"}],"author":[{"embeddable":true,"href":"https:\/\/zonales.quito.gob.ec\/index.php?rest_route=\/wp\/v2\/users\/1"}],"replies":[{"embeddable":true,"href":"https:\/\/zonales.quito.gob.ec\/index.php?rest_route=%2Fwp%2Fv2%2Fcomments&post=52605"}],"version-history":[{"count":47,"href":"https:\/\/zonales.quito.gob.ec\/index.php?rest_route=\/wp\/v2\/pages\/52605\/revisions"}],"predecessor-version":[{"id":52800,"href":"https:\/\/zonales.quito.gob.ec\/index.php?rest_route=\/wp\/v2\/pages\/52605\/revisions\/52800"}],"wp:attachment":[{"href":"https:\/\/zonales.quito.gob.ec\/index.php?rest_route=%2Fwp%2Fv2%2Fmedia&parent=52605"}],"curies":[{"name":"wp","href":"https:\/\/api.w.org\/{rel}","templated":true}]}}