{"id":55337,"date":"2022-12-16T08:59:23","date_gmt":"2022-12-16T13:59:23","guid":{"rendered":"https:\/\/zonales.quito.gob.ec\/?page_id=55337"},"modified":"2025-03-26T10:43:32","modified_gmt":"2025-03-26T15:43:32","slug":"audiencias-publicas","status":"publish","type":"page","link":"https:\/\/zonales.quito.gob.ec\/?page_id=55337","title":{"rendered":"Audiencias P\u00fablicas"},"content":{"rendered":"\t\t<div data-elementor-type=\"wp-page\" data-elementor-id=\"55337\" class=\"elementor elementor-55337\" data-elementor-post-type=\"page\">\n\t\t\t\t\t\t<section class=\"elementor-section elementor-top-section elementor-element elementor-element-7fofi76 elementor-section-height-min-height elementor-reverse-mobile elementor-section-boxed elementor-section-height-default elementor-section-items-middle\" data-id=\"7fofi76\" data-element_type=\"section\" data-settings=\"{&quot;background_background&quot;:&quot;classic&quot;}\">\n\t\t\t\t\t\t\t<div class=\"elementor-background-overlay\"><\/div>\n\t\t\t\t\t\t\t<div class=\"elementor-container elementor-column-gap-no\">\n\t\t\t\t\t<div class=\"elementor-column elementor-col-33 elementor-top-column elementor-element elementor-element-b9719c7\" data-id=\"b9719c7\" data-element_type=\"column\">\n\t\t\t<div class=\"elementor-widget-wrap elementor-element-populated\">\n\t\t\t\t\t\t<div class=\"elementor-element elementor-element-c0b3cbd elementor-widget elementor-widget-heading\" data-id=\"c0b3cbd\" data-element_type=\"widget\" data-widget_type=\"heading.default\">\n\t\t\t\t<div class=\"elementor-widget-container\">\n\t\t\t\t\t<h6 class=\"elementor-heading-title elementor-size-default\">Mecanismo de participaci\u00f3n ciudadana<\/h6>\t\t\t\t<\/div>\n\t\t\t\t<\/div>\n\t\t\t\t<div class=\"elementor-element elementor-element-46cf36b elementor-widget-divider--view-line elementor-widget elementor-widget-divider\" data-id=\"46cf36b\" data-element_type=\"widget\" data-widget_type=\"divider.default\">\n\t\t\t\t<div class=\"elementor-widget-container\">\n\t\t\t\t\t\t\t<div class=\"elementor-divider\">\n\t\t\t<span class=\"elementor-divider-separator\">\n\t\t\t\t\t\t<\/span>\n\t\t<\/div>\n\t\t\t\t\t\t<\/div>\n\t\t\t\t<\/div>\n\t\t\t\t<div class=\"elementor-element elementor-element-3ef9672 elementor-widget elementor-widget-heading\" data-id=\"3ef9672\" data-element_type=\"widget\" data-widget_type=\"heading.default\">\n\t\t\t\t<div class=\"elementor-widget-container\">\n\t\t\t\t\t<h1 class=\"elementor-heading-title elementor-size-default\">Audiencias P\u00fablicas<\/h1>\t\t\t\t<\/div>\n\t\t\t\t<\/div>\n\t\t\t\t<div class=\"elementor-element elementor-element-336cd8c elementor-widget elementor-widget-text-editor\" data-id=\"336cd8c\" data-element_type=\"widget\" data-widget_type=\"text-editor.default\">\n\t\t\t\t<div class=\"elementor-widget-container\">\n\t\t\t\t\t\t\t\t\t<p>Son instancias de participaci\u00f3n habilitadas por pedido ciudadano, con el objetivo de informar, fundamentar o consultar respecto decisiones de pol\u00edtica p\u00fablica o acciones municipales. Este tipo de espacios de participaci\u00f3n podr\u00e1n efectuarse en todos los niveles decisorios de las entidades pertenecientes al Municipio del Distrito Metropolitano de Quito.<\/p>\t\t\t\t\t\t\t\t<\/div>\n\t\t\t\t<\/div>\n\t\t\t\t\t<\/div>\n\t\t<\/div>\n\t\t\t\t<div class=\"elementor-column elementor-col-33 elementor-top-column elementor-element elementor-element-58e5929\" data-id=\"58e5929\" data-element_type=\"column\">\n\t\t\t<div class=\"elementor-widget-wrap\">\n\t\t\t\t\t\t\t<\/div>\n\t\t<\/div>\n\t\t\t\t<div class=\"elementor-column elementor-col-33 elementor-top-column elementor-element elementor-element-c26d6a1\" data-id=\"c26d6a1\" data-element_type=\"column\">\n\t\t\t<div class=\"elementor-widget-wrap elementor-element-populated\">\n\t\t\t\t\t\t<div class=\"elementor-element elementor-element-c89ec5c elementor-widget elementor-widget-image\" data-id=\"c89ec5c\" data-element_type=\"widget\" data-widget_type=\"image.default\">\n\t\t\t\t<div class=\"elementor-widget-container\">\n\t\t\t\t\t\t\t\t\t\t\t\t\t\t\t<img fetchpriority=\"high\" decoding=\"async\" width=\"1024\" height=\"571\" src=\"https:\/\/zonales.quito.gob.ec\/wp-content\/uploads\/Audiencias-Publicas.png\" class=\"attachment-full size-full wp-image-55349\" alt=\"\" srcset=\"https:\/\/zonales.quito.gob.ec\/wp-content\/uploads\/Audiencias-Publicas.png 1024w, https:\/\/zonales.quito.gob.ec\/wp-content\/uploads\/Audiencias-Publicas-300x167.png 300w, https:\/\/zonales.quito.gob.ec\/wp-content\/uploads\/Audiencias-Publicas-450x250.png 450w, https:\/\/zonales.quito.gob.ec\/wp-content\/uploads\/Audiencias-Publicas-768x428.png 768w\" sizes=\"(max-width: 1024px) 100vw, 1024px\" \/>\t\t\t\t\t\t\t\t\t\t\t\t\t\t\t<\/div>\n\t\t\t\t<\/div>\n\t\t\t\t\t<\/div>\n\t\t<\/div>\n\t\t\t\t\t<\/div>\n\t\t<\/section>\n\t\t\t\t<section class=\"elementor-section elementor-top-section elementor-element elementor-element-d37s830 elementor-section-height-min-height elementor-section-boxed elementor-section-height-default elementor-section-items-middle\" data-id=\"d37s830\" data-element_type=\"section\" data-settings=\"{&quot;background_background&quot;:&quot;classic&quot;}\">\n\t\t\t\t\t\t\t<div class=\"elementor-background-overlay\"><\/div>\n\t\t\t\t\t\t\t<div class=\"elementor-container elementor-column-gap-no\">\n\t\t\t\t\t<div class=\"elementor-column elementor-col-100 elementor-top-column elementor-element elementor-element-b75f240\" data-id=\"b75f240\" data-element_type=\"column\">\n\t\t\t<div class=\"elementor-widget-wrap elementor-element-populated\">\n\t\t\t\t\t\t<section class=\"elementor-section elementor-inner-section elementor-element elementor-element-d88458a elementor-section-boxed elementor-section-height-default elementor-section-height-default\" data-id=\"d88458a\" data-element_type=\"section\" data-settings=\"{&quot;background_background&quot;:&quot;classic&quot;}\">\n\t\t\t\t\t\t\t<div class=\"elementor-background-overlay\"><\/div>\n\t\t\t\t\t\t\t<div class=\"elementor-container elementor-column-gap-no\">\n\t\t\t\t\t<div class=\"elementor-column elementor-col-100 elementor-inner-column elementor-element elementor-element-f8b4065\" data-id=\"f8b4065\" data-element_type=\"column\" data-settings=\"{&quot;background_background&quot;:&quot;classic&quot;}\">\n\t\t\t<div class=\"elementor-widget-wrap elementor-element-populated\">\n\t\t\t\t\t<div class=\"elementor-background-overlay\"><\/div>\n\t\t\t\t\t\t<div class=\"elementor-element elementor-element-efff473 elementor-widget elementor-widget-heading\" data-id=\"efff473\" data-element_type=\"widget\" data-widget_type=\"heading.default\">\n\t\t\t\t<div class=\"elementor-widget-container\">\n\t\t\t\t\t<h2 class=\"elementor-heading-title elementor-size-default\">Actas de Audiencias P\u00fablicas<\/h2>\t\t\t\t<\/div>\n\t\t\t\t<\/div>\n\t\t\t\t<div class=\"elementor-element elementor-element-fe0600e elementor-position-top elementor-widget elementor-widget-image-box\" data-id=\"fe0600e\" data-element_type=\"widget\" data-widget_type=\"image-box.default\">\n\t\t\t\t<div class=\"elementor-widget-container\">\n\t\t\t\t\t<div class=\"elementor-image-box-wrapper\"><figure class=\"elementor-image-box-img\"><a href=\"https:\/\/proyectos.quito.gob.ec\/asambleasga\/audiencias_publicas.php\" tabindex=\"-1\"><img fetchpriority=\"high\" decoding=\"async\" width=\"1024\" height=\"571\" src=\"https:\/\/zonales.quito.gob.ec\/wp-content\/uploads\/Audiencias-Publicas.png\" class=\"attachment-full size-full wp-image-55349\" alt=\"\" srcset=\"https:\/\/zonales.quito.gob.ec\/wp-content\/uploads\/Audiencias-Publicas.png 1024w, https:\/\/zonales.quito.gob.ec\/wp-content\/uploads\/Audiencias-Publicas-300x167.png 300w, https:\/\/zonales.quito.gob.ec\/wp-content\/uploads\/Audiencias-Publicas-450x250.png 450w, https:\/\/zonales.quito.gob.ec\/wp-content\/uploads\/Audiencias-Publicas-768x428.png 768w\" sizes=\"(max-width: 1024px) 100vw, 1024px\" \/><\/a><\/figure><div class=\"elementor-image-box-content\"><h3 class=\"elementor-image-box-title\"><a href=\"https:\/\/proyectos.quito.gob.ec\/asambleasga\/audiencias_publicas.php\">Clic aqu\u00ed<\/a><\/h3><p class=\"elementor-image-box-description\">Visualiza descarga las actas y Resultados de las Audiencias P\u00fablicas<\/p><\/div><\/div>\t\t\t\t<\/div>\n\t\t\t\t<\/div>\n\t\t\t\t\t<\/div>\n\t\t<\/div>\n\t\t\t\t\t<\/div>\n\t\t<\/section>\n\t\t\t\t\t<\/div>\n\t\t<\/div>\n\t\t\t\t\t<\/div>\n\t\t<\/section>\n\t\t\t\t<section class=\"elementor-section elementor-top-section elementor-element elementor-element-6d8d7a3 elementor-section-boxed elementor-section-height-default elementor-section-height-default\" data-id=\"6d8d7a3\" data-element_type=\"section\" data-settings=\"{&quot;background_background&quot;:&quot;classic&quot;}\">\n\t\t\t\t\t\t<div class=\"elementor-container elementor-column-gap-default\">\n\t\t\t\t\t<div class=\"elementor-column elementor-col-100 elementor-top-column elementor-element elementor-element-6ada46b\" data-id=\"6ada46b\" data-element_type=\"column\">\n\t\t\t<div class=\"elementor-widget-wrap elementor-element-populated\">\n\t\t\t\t\t\t<div class=\"elementor-element elementor-element-8886427 elementor-widget elementor-widget-heading\" data-id=\"8886427\" data-element_type=\"widget\" data-widget_type=\"heading.default\">\n\t\t\t\t<div class=\"elementor-widget-container\">\n\t\t\t\t\t<h2 class=\"elementor-heading-title elementor-size-default\">DESCARGA AQU\u00cd EL FORMATO PARA SOLICITAR UNA AUDENCIA P\u00daBLICA EN LAS ADMINISTRACIONES ZONALES<\/h2>\t\t\t\t<\/div>\n\t\t\t\t<\/div>\n\t\t\t\t\t<\/div>\n\t\t<\/div>\n\t\t\t\t\t<\/div>\n\t\t<\/section>\n\t\t\t\t<section class=\"elementor-section elementor-top-section elementor-element elementor-element-dab3eea elementor-section-boxed elementor-section-height-default elementor-section-height-default\" data-id=\"dab3eea\" data-element_type=\"section\" data-settings=\"{&quot;background_background&quot;:&quot;classic&quot;}\">\n\t\t\t\t\t\t<div class=\"elementor-container elementor-column-gap-default\">\n\t\t\t\t\t<div class=\"elementor-column elementor-col-50 elementor-top-column elementor-element elementor-element-4cf5d71\" data-id=\"4cf5d71\" data-element_type=\"column\">\n\t\t\t<div class=\"elementor-widget-wrap elementor-element-populated\">\n\t\t\t\t\t\t<div class=\"elementor-element elementor-element-239eb56 elementor-widget elementor-widget-image\" data-id=\"239eb56\" data-element_type=\"widget\" data-widget_type=\"image.default\">\n\t\t\t\t<div class=\"elementor-widget-container\">\n\t\t\t\t\t\t\t\t\t\t\t\t\t\t\t\t<a href=\"https:\/\/zonales.quito.gob.ec\/wp-content\/uploads\/Anexo-1-Ficha-de-Solicitud-Audiencia-Publica-1.docx\">\n\t\t\t\t\t\t\t<img decoding=\"async\" width=\"128\" height=\"128\" src=\"https:\/\/zonales.quito.gob.ec\/wp-content\/uploads\/2022\/03\/1-OFICIO.png\" class=\"attachment-thumbnail size-thumbnail wp-image-6430\" alt=\"\" \/>\t\t\t\t\t\t\t\t<\/a>\n\t\t\t\t\t\t\t\t\t\t\t\t\t\t\t<\/div>\n\t\t\t\t<\/div>\n\t\t\t\t\t<\/div>\n\t\t<\/div>\n\t\t\t\t<div class=\"elementor-column elementor-col-50 elementor-top-column elementor-element elementor-element-58da346\" data-id=\"58da346\" data-element_type=\"column\">\n\t\t\t<div class=\"elementor-widget-wrap elementor-element-populated\">\n\t\t\t\t\t\t<div class=\"elementor-element elementor-element-50c9305 elementor-widget elementor-widget-text-editor\" data-id=\"50c9305\" data-element_type=\"widget\" data-widget_type=\"text-editor.default\">\n\t\t\t\t<div class=\"elementor-widget-container\">\n\t\t\t\t\t\t\t\t\t<p><a href=\"https:\/\/zonales.quito.gob.ec\/wp-content\/uploads\/Anexo-1-Ficha-de-Solicitud-Audiencia-Publica-1.docx\"><span style=\"color: #008080;\"><span style=\"text-decoration: underline;\"><strong>1. Solicitud de audiencias p\u00fablicas<\/strong><\/span><\/span><\/a><\/p><h5>\u00a0<\/h5>\t\t\t\t\t\t\t\t<\/div>\n\t\t\t\t<\/div>\n\t\t\t\t\t<\/div>\n\t\t<\/div>\n\t\t\t\t\t<\/div>\n\t\t<\/section>\n\t\t\t\t<\/div>\n\t\t","protected":false},"excerpt":{"rendered":"<p>Mecanismo de participaci\u00f3n ciudadana Audiencias P\u00fablicas Son instancias de participaci\u00f3n habilitadas por pedido ciudadano, con el objetivo de informar, fundamentar o consultar respecto decisiones de pol\u00edtica p\u00fablica o acciones municipales. Este tipo de espacios de participaci\u00f3n podr\u00e1n efectuarse en todos los niveles decisorios de las entidades pertenecientes al Municipio del Distrito Metropolitano de Quito. Actas [&hellip;]<\/p>\n","protected":false},"author":1,"featured_media":0,"parent":0,"menu_order":0,"comment_status":"closed","ping_status":"closed","template":"elementor_header_footer","meta":{"_monsterinsights_skip_tracking":false,"_monsterinsights_sitenote_active":false,"_monsterinsights_sitenote_note":"","_monsterinsights_sitenote_category":0,"footnotes":""},"class_list":["post-55337","page","type-page","status-publish","hentry"],"_links":{"self":[{"href":"https:\/\/zonales.quito.gob.ec\/index.php?rest_route=\/wp\/v2\/pages\/55337","targetHints":{"allow":["GET"]}}],"collection":[{"href":"https:\/\/zonales.quito.gob.ec\/index.php?rest_route=\/wp\/v2\/pages"}],"about":[{"href":"https:\/\/zonales.quito.gob.ec\/index.php?rest_route=\/wp\/v2\/types\/page"}],"author":[{"embeddable":true,"href":"https:\/\/zonales.quito.gob.ec\/index.php?rest_route=\/wp\/v2\/users\/1"}],"replies":[{"embeddable":true,"href":"https:\/\/zonales.quito.gob.ec\/index.php?rest_route=%2Fwp%2Fv2%2Fcomments&post=55337"}],"version-history":[{"count":49,"href":"https:\/\/zonales.quito.gob.ec\/index.php?rest_route=\/wp\/v2\/pages\/55337\/revisions"}],"predecessor-version":[{"id":255572,"href":"https:\/\/zonales.quito.gob.ec\/index.php?rest_route=\/wp\/v2\/pages\/55337\/revisions\/255572"}],"wp:attachment":[{"href":"https:\/\/zonales.quito.gob.ec\/index.php?rest_route=%2Fwp%2Fv2%2Fmedia&parent=55337"}],"curies":[{"name":"wp","href":"https:\/\/api.w.org\/{rel}","templated":true}]}}