{"id":75660,"date":"2023-01-26T11:08:00","date_gmt":"2023-01-26T16:08:00","guid":{"rendered":"https:\/\/zonales.quito.gob.ec\/?page_id=75660"},"modified":"2023-05-08T08:33:20","modified_gmt":"2023-05-08T13:33:20","slug":"gobierno-abierto-hito-2","status":"publish","type":"page","link":"https:\/\/zonales.quito.gob.ec\/?page_id=75660","title":{"rendered":"Encuesta &#8211; Gobierno Abierto Hito 2"},"content":{"rendered":"\t\t<div data-elementor-type=\"wp-page\" data-elementor-id=\"75660\" class=\"elementor elementor-75660\" data-elementor-post-type=\"page\">\n\t\t\t\t\t\t<section class=\"elementor-section elementor-top-section elementor-element elementor-element-d6071b9 elementor-section-height-min-height elementor-section-boxed elementor-section-height-default elementor-section-items-middle\" data-id=\"d6071b9\" data-element_type=\"section\" data-settings=\"{&quot;background_background&quot;:&quot;classic&quot;}\">\n\t\t\t\t\t\t\t<div class=\"elementor-background-overlay\"><\/div>\n\t\t\t\t\t\t\t<div class=\"elementor-container elementor-column-gap-default\">\n\t\t\t\t\t<div class=\"elementor-column elementor-col-100 elementor-top-column elementor-element elementor-element-60d6dc4\" data-id=\"60d6dc4\" data-element_type=\"column\">\n\t\t\t<div class=\"elementor-widget-wrap elementor-element-populated\">\n\t\t\t\t\t\t<div class=\"elementor-element elementor-element-4bb5833 elementor-widget elementor-widget-heading\" data-id=\"4bb5833\" data-element_type=\"widget\" data-widget_type=\"heading.default\">\n\t\t\t\t<div class=\"elementor-widget-container\">\n\t\t\t\t\t<h2 class=\"elementor-heading-title elementor-size-default\">ENCUESTA  DE SATISFACCI\u00d3N<\/h2>\t\t\t\t<\/div>\n\t\t\t\t<\/div>\n\t\t\t\t<div class=\"elementor-element elementor-element-f85a380 elementor-widget elementor-widget-heading\" data-id=\"f85a380\" data-element_type=\"widget\" data-widget_type=\"heading.default\">\n\t\t\t\t<div class=\"elementor-widget-container\">\n\t\t\t\t\t<h2 class=\"elementor-heading-title elementor-size-default\">HITO 2<\/h2>\t\t\t\t<\/div>\n\t\t\t\t<\/div>\n\t\t\t\t<div class=\"elementor-element elementor-element-1b5d6b8 elementor-hidden-mobile elementor-widget elementor-widget-text-editor\" data-id=\"1b5d6b8\" data-element_type=\"widget\" data-widget_type=\"text-editor.default\">\n\t\t\t\t<div class=\"elementor-widget-container\">\n\t\t\t\t\t\t\t\t\t<p>Conceptualizaci\u00f3n, desarrollo e implementaci\u00f3n de los planes de capacitaci\u00f3n y evaluaci\u00f3n para formaci\u00f3n en participaci\u00f3n ciudadana en el Distrito Metropolitana de Quito a trav\u00e9s de las 8 Administraciones Zonales y la Administraci\u00f3n Zonal Especial Tur\u00edstica La Mariscal.<\/p>\t\t\t\t\t\t\t\t<\/div>\n\t\t\t\t<\/div>\n\t\t\t\t\t<\/div>\n\t\t<\/div>\n\t\t\t\t\t<\/div>\n\t\t<\/section>\n\t\t\t\t<section class=\"elementor-section elementor-top-section elementor-element elementor-element-1e0e43d elementor-section-content-top elementor-section-boxed elementor-section-height-default elementor-section-height-default\" data-id=\"1e0e43d\" data-element_type=\"section\" data-settings=\"{&quot;background_background&quot;:&quot;classic&quot;}\">\n\t\t\t\t\t\t<div class=\"elementor-container elementor-column-gap-default\">\n\t\t\t\t\t<div class=\"elementor-column elementor-col-100 elementor-top-column elementor-element elementor-element-f15af52\" data-id=\"f15af52\" data-element_type=\"column\">\n\t\t\t<div class=\"elementor-widget-wrap elementor-element-populated\">\n\t\t\t\t\t\t<div class=\"elementor-element elementor-element-a1b5ba2 elementor-widget elementor-widget-image-carousel\" data-id=\"a1b5ba2\" data-element_type=\"widget\" data-settings=\"{&quot;slides_to_show&quot;:&quot;2&quot;,&quot;slides_to_show_tablet&quot;:&quot;2&quot;,&quot;slides_to_show_mobile&quot;:&quot;2&quot;,&quot;slides_to_scroll&quot;:&quot;1&quot;,&quot;navigation&quot;:&quot;none&quot;,&quot;infinite&quot;:&quot;no&quot;,&quot;image_spacing_custom&quot;:{&quot;unit&quot;:&quot;px&quot;,&quot;size&quot;:54,&quot;sizes&quot;:[]},&quot;autoplay&quot;:&quot;yes&quot;,&quot;pause_on_hover&quot;:&quot;yes&quot;,&quot;pause_on_interaction&quot;:&quot;yes&quot;,&quot;autoplay_speed&quot;:5000,&quot;speed&quot;:500,&quot;image_spacing_custom_tablet&quot;:{&quot;unit&quot;:&quot;px&quot;,&quot;size&quot;:&quot;&quot;,&quot;sizes&quot;:[]},&quot;image_spacing_custom_mobile&quot;:{&quot;unit&quot;:&quot;px&quot;,&quot;size&quot;:&quot;&quot;,&quot;sizes&quot;:[]}}\" data-widget_type=\"image-carousel.default\">\n\t\t\t\t<div class=\"elementor-widget-container\">\n\t\t\t\t\t\t\t<div class=\"elementor-image-carousel-wrapper swiper\" role=\"region\" aria-roledescription=\"carousel\" aria-label=\"Carrusel de im\u00e1genes\" dir=\"ltr\">\n\t\t\t<div class=\"elementor-image-carousel swiper-wrapper\" aria-live=\"off\">\n\t\t\t\t\t\t\t\t<div class=\"swiper-slide\" role=\"group\" aria-roledescription=\"slide\" aria-label=\"1 de 2\"><figure class=\"swiper-slide-inner\"><img decoding=\"async\" class=\"swiper-slide-image\" src=\"https:\/\/zonales.quito.gob.ec\/wp-content\/uploads\/LOGO-SEC-TERRITORIAL.png\" alt=\"LOGO SEC TERRITORIAL\" \/><\/figure><\/div><div class=\"swiper-slide\" role=\"group\" aria-roledescription=\"slide\" aria-label=\"2 de 2\"><figure class=\"swiper-slide-inner\"><img decoding=\"async\" class=\"swiper-slide-image\" src=\"https:\/\/zonales.quito.gob.ec\/wp-content\/uploads\/U-HEMISFERIOS.png\" alt=\"U HEMISFERIOS\" \/><\/figure><\/div>\t\t\t<\/div>\n\t\t\t\t\t\t\t\n\t\t\t\t\t\t\t\t\t<\/div>\n\t\t\t\t\t\t<\/div>\n\t\t\t\t<\/div>\n\t\t\t\t\t<\/div>\n\t\t<\/div>\n\t\t\t\t\t<\/div>\n\t\t<\/section>\n\t\t\t\t<section class=\"elementor-section elementor-top-section elementor-element elementor-element-b043f4c elementor-section-boxed elementor-section-height-default elementor-section-height-default\" data-id=\"b043f4c\" data-element_type=\"section\" data-settings=\"{&quot;background_background&quot;:&quot;classic&quot;}\">\n\t\t\t\t\t\t<div class=\"elementor-container elementor-column-gap-default\">\n\t\t\t\t\t<div class=\"elementor-column elementor-col-100 elementor-top-column elementor-element elementor-element-90e967d\" data-id=\"90e967d\" data-element_type=\"column\">\n\t\t\t<div class=\"elementor-widget-wrap elementor-element-populated\">\n\t\t\t\t\t\t<div class=\"elementor-element elementor-element-de132cc elementor-widget elementor-widget-heading\" data-id=\"de132cc\" data-element_type=\"widget\" data-widget_type=\"heading.default\">\n\t\t\t\t<div class=\"elementor-widget-container\">\n\t\t\t\t\t<h2 class=\"elementor-heading-title elementor-size-default\">ENCUESTA DE SATISFACCI\u00d3N\n\n<\/h2>\t\t\t\t<\/div>\n\t\t\t\t<\/div>\n\t\t\t\t<div class=\"elementor-element elementor-element-fe323b8 elementor-widget elementor-widget-heading\" data-id=\"fe323b8\" data-element_type=\"widget\" data-widget_type=\"heading.default\">\n\t\t\t\t<div class=\"elementor-widget-container\">\n\t\t\t\t\t<h2 class=\"elementor-heading-title elementor-size-default\">Capacitaci\u00f3n Ciudadana \n\n<\/h2>\t\t\t\t<\/div>\n\t\t\t\t<\/div>\n\t\t\t\t<div class=\"elementor-element elementor-element-1abca42 elementor-widget elementor-widget-text-editor\" data-id=\"1abca42\" data-element_type=\"widget\" data-widget_type=\"text-editor.default\">\n\t\t\t\t<div class=\"elementor-widget-container\">\n\t\t\t\t\t\t\t\t\t<p>El presente formulario tiene como objetivo conocer su apreciaci\u00f3n sobre la capacitaci\u00f3n brindada. No olvide que la calidad y objetividad de sus respuestas y comentarios son esenciales para contribuir al mejoramiento continuo de nuestros servicios.<\/p><p>Lea cuidadosamente cada uno de los enunciados y marque la respuesta que mejor describa su opini\u00f3n.<\/p>\t\t\t\t\t\t\t\t<\/div>\n\t\t\t\t<\/div>\n\t\t\t\t\t<\/div>\n\t\t<\/div>\n\t\t\t\t\t<\/div>\n\t\t<\/section>\n\t\t\t\t<section class=\"elementor-section elementor-top-section elementor-element elementor-element-1688504 elementor-section-boxed elementor-section-height-default elementor-section-height-default\" data-id=\"1688504\" data-element_type=\"section\" data-settings=\"{&quot;background_background&quot;:&quot;classic&quot;}\">\n\t\t\t\t\t\t<div class=\"elementor-container elementor-column-gap-default\">\n\t\t\t\t\t<div class=\"elementor-column elementor-col-100 elementor-top-column elementor-element elementor-element-a0282e2\" data-id=\"a0282e2\" data-element_type=\"column\">\n\t\t\t<div class=\"elementor-widget-wrap elementor-element-populated\">\n\t\t\t\t\t\t<div class=\"elementor-element elementor-element-1b4abc3 elementor-tabs-view-horizontal elementor-widget elementor-widget-tabs\" data-id=\"1b4abc3\" data-element_type=\"widget\" data-widget_type=\"tabs.default\">\n\t\t\t\t<div class=\"elementor-widget-container\">\n\t\t\t\t\t\t\t<div class=\"elementor-tabs\">\n\t\t\t<div class=\"elementor-tabs-wrapper\" role=\"tablist\" >\n\t\t\t\t\t\t\t\t\t<div id=\"elementor-tab-title-2861\" class=\"elementor-tab-title elementor-tab-desktop-title\" aria-selected=\"true\" data-tab=\"1\" role=\"tab\" tabindex=\"0\" aria-controls=\"elementor-tab-content-2861\" aria-expanded=\"false\">Compromiso Actual<\/div>\n\t\t\t\t\t\t\t\t\t<div id=\"elementor-tab-title-2862\" class=\"elementor-tab-title elementor-tab-desktop-title\" aria-selected=\"false\" data-tab=\"2\" role=\"tab\" tabindex=\"-1\" aria-controls=\"elementor-tab-content-2862\" aria-expanded=\"false\">Informaci\u00f3n del Compromiso<\/div>\n\t\t\t\t\t\t\t\t\t<div id=\"elementor-tab-title-2863\" class=\"elementor-tab-title elementor-tab-desktop-title\" aria-selected=\"false\" data-tab=\"3\" role=\"tab\" tabindex=\"-1\" aria-controls=\"elementor-tab-content-2863\" aria-expanded=\"false\">Hito 1<\/div>\n\t\t\t\t\t\t\t\t\t<div id=\"elementor-tab-title-2864\" class=\"elementor-tab-title elementor-tab-desktop-title\" aria-selected=\"false\" data-tab=\"4\" role=\"tab\" tabindex=\"-1\" aria-controls=\"elementor-tab-content-2864\" aria-expanded=\"false\">Hito 2<\/div>\n\t\t\t\t\t\t\t\t\t<div id=\"elementor-tab-title-2865\" class=\"elementor-tab-title elementor-tab-desktop-title\" aria-selected=\"false\" data-tab=\"5\" role=\"tab\" tabindex=\"-1\" aria-controls=\"elementor-tab-content-2865\" aria-expanded=\"false\"> Hito 3<\/div>\n\t\t\t\t\t\t\t<\/div>\n\t\t\t<div class=\"elementor-tabs-content-wrapper\" role=\"tablist\" aria-orientation=\"vertical\">\n\t\t\t\t\t\t\t\t\t<div class=\"elementor-tab-title elementor-tab-mobile-title\" aria-selected=\"true\" data-tab=\"1\" role=\"tab\" tabindex=\"0\" aria-controls=\"elementor-tab-content-2861\" aria-expanded=\"false\">Compromiso Actual<\/div>\n\t\t\t\t\t<div id=\"elementor-tab-content-2861\" class=\"elementor-tab-content elementor-clearfix\" data-tab=\"1\" role=\"tabpanel\" aria-labelledby=\"elementor-tab-title-2861\" tabindex=\"0\" hidden=\"false\"><p>La Secretar\u00eda General de Coordinaci\u00f3n Territorial y Participaci\u00f3n Ciudadana actualmente esta trabajando\u00a0 conjuntamente con la Universidad Hemisferios en el\u00a0 cumplimiento del siguiente compromiso:<\/p><p><strong>Desarrollar procesos de capacitaci\u00f3n y formaci\u00f3n en participaci\u00f3n ciudadana efectiva en el Distrito Metropolitano de Quito a trav\u00e9s de sus Administraciones Zonales, en colaboraci\u00f3n con OSC y\/o academia para potenciar los \u00edndices de participaci\u00f3n e incidencia en la toma de decisiones locales, como una estrategia continua.<\/strong><\/p><\/div>\n\t\t\t\t\t\t\t\t\t<div class=\"elementor-tab-title elementor-tab-mobile-title\" aria-selected=\"false\" data-tab=\"2\" role=\"tab\" tabindex=\"-1\" aria-controls=\"elementor-tab-content-2862\" aria-expanded=\"false\">Informaci\u00f3n del Compromiso<\/div>\n\t\t\t\t\t<div id=\"elementor-tab-content-2862\" class=\"elementor-tab-content elementor-clearfix\" data-tab=\"2\" role=\"tabpanel\" aria-labelledby=\"elementor-tab-title-2862\" tabindex=\"0\" hidden=\"hidden\"><p><strong>Objetivo principal:<\/strong><\/p><p>El objetivo central del compromiso es crear, junto cona los actores municipales, de gobierno, academia y OSC, espacios reiterativos, plurales e informativos con mayor fuerza sobre temas de participaci\u00f3n ciudadana e involucramiento ciudadano, en aquellos grupos porciones ciudadanas que no tienen acceso al tema, o que se han visto alejados del mismo, debido a varios desincentivos como, la falta de espacios o la no renovaci\u00f3n de liderazgos;, esto a trav\u00e9s de una efectiva cooperaci\u00f3n interinstitucional entre las distintas entidades involucradas, con una fuerte participaci\u00f3n de la academia en el desarrollo de la socializaci\u00f3n y capacitaci\u00f3n en participaci\u00f3n ciudadana y sus efectos para el bienestar de las comunidades.<\/p><p><strong>Breve descripci\u00f3n del compromiso:<\/strong><\/p><p>La co-creaci\u00f3n de nuevas estrategias de participaci\u00f3n y capacitaci\u00f3n que est\u00e9n enfocadas en las poblaciones que no conocen respecto de la participaci\u00f3n ciudadana contribuir\u00e1 a tener un mayor n\u00famero de ciudadanos, organizaciones y actores involucrados en los procesos de participaci\u00f3n ciudadana sobre toma de decisiones que les afectan. El programa incluir\u00e1 acciones para fortalecer la disponibilidad de informaci\u00f3n sobre participaci\u00f3n ciudadana, desde los \u00e1mbitos te\u00f3ricos y pr\u00e1cticos que se crean pertinentes para el desarrollo de una especie de \u201cescuela en participaci\u00f3n ciudadana\u201d, que pueda a su vez fortalecer las bases en las que influye el MDMQ, y que sus decisiones puedan estar alimentadas de las opiniones de buena parte del 66% de quite\u00f1os restantes que no se involucran en procesos participativos.<\/p><\/div>\n\t\t\t\t\t\t\t\t\t<div class=\"elementor-tab-title elementor-tab-mobile-title\" aria-selected=\"false\" data-tab=\"3\" role=\"tab\" tabindex=\"-1\" aria-controls=\"elementor-tab-content-2863\" aria-expanded=\"false\">Hito 1<\/div>\n\t\t\t\t\t<div id=\"elementor-tab-content-2863\" class=\"elementor-tab-content elementor-clearfix\" data-tab=\"3\" role=\"tabpanel\" aria-labelledby=\"elementor-tab-title-2863\" tabindex=\"0\" hidden=\"hidden\"><p>Generaci\u00f3n de un mapeo de los actores integrados en este a\u00f1o 2022, en el Sistema Metropolitano de Participaci\u00f3n Ciudadana.<\/p><\/div>\n\t\t\t\t\t\t\t\t\t<div class=\"elementor-tab-title elementor-tab-mobile-title\" aria-selected=\"false\" data-tab=\"4\" role=\"tab\" tabindex=\"-1\" aria-controls=\"elementor-tab-content-2864\" aria-expanded=\"false\">Hito 2<\/div>\n\t\t\t\t\t<div id=\"elementor-tab-content-2864\" class=\"elementor-tab-content elementor-clearfix\" data-tab=\"4\" role=\"tabpanel\" aria-labelledby=\"elementor-tab-title-2864\" tabindex=\"0\" hidden=\"hidden\"><p>Conceptualizaci\u00f3n, desarrollo e implementaci\u00f3n de los planes de capacitaci\u00f3n y evaluaci\u00f3n para formaci\u00f3n en participaci\u00f3n ciudadana en el Distrito Metropolitana de Quito a trav\u00e9s de las 8 Administraciones Zonales y la Administraci\u00f3n Zonal Especial Tur\u00edstica La Mariscal.<\/p><\/div>\n\t\t\t\t\t\t\t\t\t<div class=\"elementor-tab-title elementor-tab-mobile-title\" aria-selected=\"false\" data-tab=\"5\" role=\"tab\" tabindex=\"-1\" aria-controls=\"elementor-tab-content-2865\" aria-expanded=\"false\"> Hito 3<\/div>\n\t\t\t\t\t<div id=\"elementor-tab-content-2865\" class=\"elementor-tab-content elementor-clearfix\" data-tab=\"5\" role=\"tabpanel\" aria-labelledby=\"elementor-tab-title-2865\" tabindex=\"0\" hidden=\"hidden\"><p>Implementaci\u00f3n de una secci\u00f3n sobre participaci\u00f3n ciudadana (Quito Decide) en el sitio web de las Administraciones Zonales que unifique las plataformas de participaci\u00f3n existentes en el MDMQ y facilite y refuerce las l\u00edneas de di\u00e1logo y participaci\u00f3n con la ciudadan\u00eda.<\/p><\/div>\n\t\t\t\t\t\t\t<\/div>\n\t\t<\/div>\n\t\t\t\t\t\t<\/div>\n\t\t\t\t<\/div>\n\t\t\t\t<div class=\"elementor-element elementor-element-806c119 elementor-widget elementor-widget-heading\" data-id=\"806c119\" data-element_type=\"widget\" data-widget_type=\"heading.default\">\n\t\t\t\t<div class=\"elementor-widget-container\">\n\t\t\t\t\t<h2 class=\"elementor-heading-title elementor-size-default\">Llene la siguiente encuesta<\/h2>\t\t\t\t<\/div>\n\t\t\t\t<\/div>\n\t\t\t\t\t<\/div>\n\t\t<\/div>\n\t\t\t\t\t<\/div>\n\t\t<\/section>\n\t\t\t\t<section class=\"elementor-section elementor-top-section elementor-element elementor-element-30114d6 elementor-section-boxed elementor-section-height-default elementor-section-height-default\" data-id=\"30114d6\" data-element_type=\"section\" data-settings=\"{&quot;background_background&quot;:&quot;classic&quot;}\">\n\t\t\t\t\t\t<div class=\"elementor-container elementor-column-gap-default\">\n\t\t\t\t\t<div class=\"elementor-column elementor-col-100 elementor-top-column elementor-element elementor-element-8c78329\" data-id=\"8c78329\" data-element_type=\"column\">\n\t\t\t<div class=\"elementor-widget-wrap elementor-element-populated\">\n\t\t\t\t\t\t<div class=\"elementor-element elementor-element-bca0f7d elementor-widget elementor-widget-shortcode\" data-id=\"bca0f7d\" data-element_type=\"widget\" data-widget_type=\"shortcode.default\">\n\t\t\t\t<div class=\"elementor-widget-container\">\n\t\t\t\t\t\t\t<div class=\"elementor-shortcode\"><\/div>\n\t\t\t\t\t\t<\/div>\n\t\t\t\t<\/div>\n\t\t\t\t\t<\/div>\n\t\t<\/div>\n\t\t\t\t\t<\/div>\n\t\t<\/section>\n\t\t\t\t<\/div>\n\t\t","protected":false},"excerpt":{"rendered":"<p>ENCUESTA DE SATISFACCI\u00d3N HITO 2 Conceptualizaci\u00f3n, desarrollo e implementaci\u00f3n de los planes de capacitaci\u00f3n y evaluaci\u00f3n para formaci\u00f3n en participaci\u00f3n ciudadana en el Distrito Metropolitana de Quito a trav\u00e9s de las 8 Administraciones Zonales y la Administraci\u00f3n Zonal Especial Tur\u00edstica La Mariscal. ENCUESTA DE SATISFACCI\u00d3N Capacitaci\u00f3n Ciudadana El presente formulario tiene como objetivo conocer su [&hellip;]<\/p>\n","protected":false},"author":1,"featured_media":0,"parent":0,"menu_order":0,"comment_status":"closed","ping_status":"closed","template":"elementor_header_footer","meta":{"_monsterinsights_skip_tracking":false,"_monsterinsights_sitenote_active":false,"_monsterinsights_sitenote_note":"","_monsterinsights_sitenote_category":0,"footnotes":""},"class_list":["post-75660","page","type-page","status-publish","hentry"],"_links":{"self":[{"href":"https:\/\/zonales.quito.gob.ec\/index.php?rest_route=\/wp\/v2\/pages\/75660","targetHints":{"allow":["GET"]}}],"collection":[{"href":"https:\/\/zonales.quito.gob.ec\/index.php?rest_route=\/wp\/v2\/pages"}],"about":[{"href":"https:\/\/zonales.quito.gob.ec\/index.php?rest_route=\/wp\/v2\/types\/page"}],"author":[{"embeddable":true,"href":"https:\/\/zonales.quito.gob.ec\/index.php?rest_route=\/wp\/v2\/users\/1"}],"replies":[{"embeddable":true,"href":"https:\/\/zonales.quito.gob.ec\/index.php?rest_route=%2Fwp%2Fv2%2Fcomments&post=75660"}],"version-history":[{"count":44,"href":"https:\/\/zonales.quito.gob.ec\/index.php?rest_route=\/wp\/v2\/pages\/75660\/revisions"}],"predecessor-version":[{"id":106107,"href":"https:\/\/zonales.quito.gob.ec\/index.php?rest_route=\/wp\/v2\/pages\/75660\/revisions\/106107"}],"wp:attachment":[{"href":"https:\/\/zonales.quito.gob.ec\/index.php?rest_route=%2Fwp%2Fv2%2Fmedia&parent=75660"}],"curies":[{"name":"wp","href":"https:\/\/api.w.org\/{rel}","templated":true}]}}