{"id":8137,"date":"2022-04-25T12:40:19","date_gmt":"2022-04-25T17:40:19","guid":{"rendered":"https:\/\/zonales.quito.gob.ec\/?page_id=8137"},"modified":"2024-02-20T10:48:00","modified_gmt":"2024-02-20T15:48:00","slug":"rdc-2021-az-tumbaco","status":"publish","type":"page","link":"https:\/\/zonales.quito.gob.ec\/?page_id=8137","title":{"rendered":"Rendici\u00f3n de Cuentas AZ Tumbaco"},"content":{"rendered":"\t\t<div data-elementor-type=\"wp-page\" data-elementor-id=\"8137\" class=\"elementor elementor-8137\" data-elementor-post-type=\"page\">\n\t\t\t\t\t\t<section class=\"elementor-section elementor-top-section elementor-element elementor-element-d788fdb elementor-section-boxed elementor-section-height-default elementor-section-height-default\" data-id=\"d788fdb\" data-element_type=\"section\" data-settings=\"{&quot;background_background&quot;:&quot;classic&quot;}\">\n\t\t\t\t\t\t\t<div class=\"elementor-background-overlay\"><\/div>\n\t\t\t\t\t\t\t<div class=\"elementor-container elementor-column-gap-default\">\n\t\t\t\t\t<div class=\"elementor-column elementor-col-100 elementor-top-column elementor-element elementor-element-f8edc59\" data-id=\"f8edc59\" data-element_type=\"column\">\n\t\t\t<div class=\"elementor-widget-wrap elementor-element-populated\">\n\t\t\t\t\t\t<section class=\"elementor-section elementor-inner-section elementor-element elementor-element-2443b01 elementor-section-boxed elementor-section-height-default elementor-section-height-default\" data-id=\"2443b01\" data-element_type=\"section\">\n\t\t\t\t\t\t<div class=\"elementor-container elementor-column-gap-default\">\n\t\t\t\t\t<div class=\"elementor-column elementor-col-100 elementor-inner-column elementor-element elementor-element-29a377e\" data-id=\"29a377e\" data-element_type=\"column\">\n\t\t\t<div class=\"elementor-widget-wrap elementor-element-populated\">\n\t\t\t\t\t\t<div class=\"elementor-element elementor-element-f8849de elementor-widget elementor-widget-heading\" data-id=\"f8849de\" data-element_type=\"widget\" data-widget_type=\"heading.default\">\n\t\t\t\t<div class=\"elementor-widget-container\">\n\t\t\t\t\t<h4 class=\"elementor-heading-title elementor-size-default\">RENDICI\u00d3N DE CUENTAS<\/h4>\t\t\t\t<\/div>\n\t\t\t\t<\/div>\n\t\t\t\t<div class=\"elementor-element elementor-element-91900a8 elementor-view-default elementor-widget elementor-widget-icon\" data-id=\"91900a8\" data-element_type=\"widget\" data-widget_type=\"icon.default\">\n\t\t\t\t<div class=\"elementor-widget-container\">\n\t\t\t\t\t\t\t<div class=\"elementor-icon-wrapper\">\n\t\t\t<div class=\"elementor-icon\">\n\t\t\t<svg aria-hidden=\"true\" class=\"e-font-icon-svg e-fas-users\" viewBox=\"0 0 640 512\" xmlns=\"http:\/\/www.w3.org\/2000\/svg\"><path d=\"M96 224c35.3 0 64-28.7 64-64s-28.7-64-64-64-64 28.7-64 64 28.7 64 64 64zm448 0c35.3 0 64-28.7 64-64s-28.7-64-64-64-64 28.7-64 64 28.7 64 64 64zm32 32h-64c-17.6 0-33.5 7.1-45.1 18.6 40.3 22.1 68.9 62 75.1 109.4h66c17.7 0 32-14.3 32-32v-32c0-35.3-28.7-64-64-64zm-256 0c61.9 0 112-50.1 112-112S381.9 32 320 32 208 82.1 208 144s50.1 112 112 112zm76.8 32h-8.3c-20.8 10-43.9 16-68.5 16s-47.6-6-68.5-16h-8.3C179.6 288 128 339.6 128 403.2V432c0 26.5 21.5 48 48 48h288c26.5 0 48-21.5 48-48v-28.8c0-63.6-51.6-115.2-115.2-115.2zm-223.7-13.4C161.5 263.1 145.6 256 128 256H64c-35.3 0-64 28.7-64 64v32c0 17.7 14.3 32 32 32h65.9c6.3-47.4 34.9-87.3 75.2-109.4z\"><\/path><\/svg>\t\t\t<\/div>\n\t\t<\/div>\n\t\t\t\t\t\t<\/div>\n\t\t\t\t<\/div>\n\t\t\t\t\t<\/div>\n\t\t<\/div>\n\t\t\t\t\t<\/div>\n\t\t<\/section>\n\t\t\t\t<div class=\"elementor-element elementor-element-f1e7473 elementor-widget elementor-widget-heading\" data-id=\"f1e7473\" data-element_type=\"widget\" data-widget_type=\"heading.default\">\n\t\t\t\t<div class=\"elementor-widget-container\">\n\t\t\t\t\t<h1 class=\"elementor-heading-title elementor-size-default\">Administraci\u00f3n Zonal Tumbaco<\/h1>\t\t\t\t<\/div>\n\t\t\t\t<\/div>\n\t\t\t\t\t<\/div>\n\t\t<\/div>\n\t\t\t\t\t<\/div>\n\t\t<\/section>\n\t\t\t\t<section class=\"elementor-section elementor-top-section elementor-element elementor-element-463a44b elementor-section-boxed elementor-section-height-default elementor-section-height-default\" data-id=\"463a44b\" data-element_type=\"section\" data-settings=\"{&quot;background_background&quot;:&quot;classic&quot;}\">\n\t\t\t\t\t\t<div class=\"elementor-container elementor-column-gap-default\">\n\t\t\t\t\t<div class=\"elementor-column elementor-col-100 elementor-top-column elementor-element elementor-element-7fa0dfc\" data-id=\"7fa0dfc\" data-element_type=\"column\">\n\t\t\t<div class=\"elementor-widget-wrap elementor-element-populated\">\n\t\t\t\t\t\t<div class=\"elementor-element elementor-element-b6d0e66 elementor-widget elementor-widget-accordion\" data-id=\"b6d0e66\" data-element_type=\"widget\" data-widget_type=\"accordion.default\">\n\t\t\t\t<div class=\"elementor-widget-container\">\n\t\t\t\t\t\t\t<div class=\"elementor-accordion\">\n\t\t\t\t\t\t\t<div class=\"elementor-accordion-item\">\n\t\t\t\t\t<div id=\"elementor-tab-title-1911\" class=\"elementor-tab-title\" data-tab=\"1\" role=\"button\" aria-controls=\"elementor-tab-content-1911\" aria-expanded=\"false\">\n\t\t\t\t\t\t\t\t\t\t\t\t\t<span class=\"elementor-accordion-icon elementor-accordion-icon-left\" aria-hidden=\"true\">\n\t\t\t\t\t\t\t\t\t\t\t\t\t\t\t<span class=\"elementor-accordion-icon-closed\"><svg class=\"e-font-icon-svg e-fas-plus\" viewBox=\"0 0 448 512\" xmlns=\"http:\/\/www.w3.org\/2000\/svg\"><path d=\"M416 208H272V64c0-17.67-14.33-32-32-32h-32c-17.67 0-32 14.33-32 32v144H32c-17.67 0-32 14.33-32 32v32c0 17.67 14.33 32 32 32h144v144c0 17.67 14.33 32 32 32h32c17.67 0 32-14.33 32-32V304h144c17.67 0 32-14.33 32-32v-32c0-17.67-14.33-32-32-32z\"><\/path><\/svg><\/span>\n\t\t\t\t\t\t\t\t<span class=\"elementor-accordion-icon-opened\"><svg class=\"e-font-icon-svg e-fas-minus\" viewBox=\"0 0 448 512\" xmlns=\"http:\/\/www.w3.org\/2000\/svg\"><path d=\"M416 208H32c-17.67 0-32 14.33-32 32v32c0 17.67 14.33 32 32 32h384c17.67 0 32-14.33 32-32v-32c0-17.67-14.33-32-32-32z\"><\/path><\/svg><\/span>\n\t\t\t\t\t\t\t\t\t\t\t\t\t\t<\/span>\n\t\t\t\t\t\t\t\t\t\t\t\t<a class=\"elementor-accordion-title\" tabindex=\"0\">2023<\/a>\n\t\t\t\t\t<\/div>\n\t\t\t\t\t<div id=\"elementor-tab-content-1911\" class=\"elementor-tab-content elementor-clearfix\" data-tab=\"1\" role=\"region\" aria-labelledby=\"elementor-tab-title-1911\"><p><strong>Informe de rendici\u00f3n de cuentas de Alcald\u00eda (GAD MDMQ)<\/strong><\/p><ul><li><u>Plan Metropolitano de Desarrollo y Ordenamiento territorial (PMDOT) 2021 \u2013 2033, con sus respectivos ap\u00e9ndices, aprobado mediante Ordenanza PMDOT-PUGS No. 001 \u2013 2021<\/u><\/li><li><u>Presupuesto institucional 2023<\/u><\/li><li><u>Plan Operativo Anual (POA) 2023<\/u><\/li><li><u>Plan de Gobierno &#8211; Campa\u00f1a Alcald\u00eda 2023 &#8211; 2027<\/u><\/li><li>Rendici\u00f3n de cuentas 2022 del GAD MDMQ<\/li><li><u>Catastro Municipal 2023<\/u><\/li><\/ul><p><strong>Informe de rendici\u00f3n de cuentas de la Administraci\u00f3n Zonal Tumbaco (GAD MDMQ)<\/strong><\/p><ul><li><span style=\"text-decoration: underline;\">Presupuesto institucional 2023<\/span><\/li><li><span style=\"text-decoration: underline;\">Plan Operativo Anual (POA) 2023<\/span><\/li><li><span style=\"text-decoration: underline;\">Informe Narrativo de Rendici\u00f3n de Cuentas\u00a0 2023<\/span><\/li><li><u>Convocatoria (invitaci\u00f3n) a la deliberaci\u00f3n p\u00fablica de rendici\u00f3n de cuentas 2023<\/u><\/li><li><span style=\"text-decoration: underline;\">Evento deliberaci\u00f3n p\u00fablica rendici\u00f3n de cuentas 2023<\/span><\/li><li><span style=\"text-decoration: underline;\">Informe de Rendici\u00f3n de Cuentas\u00a0 2023 registrado en la plataforma virtual del Consejo de Participaci\u00f3n Ciudadana y Control Social (CPCCS)<\/span><\/li><li><span style=\"text-decoration: underline;\">Correo de confirmaci\u00f3n de finalizaci\u00f3n del proceso de rendici\u00f3n de cuentas 2023 en la plataforma del CPCCS<\/span><\/li><li><span style=\"text-decoration: underline;\">Plan de trabajo acciones de mejora<\/span><\/li><li><span style=\"text-decoration: underline;\">Constancia de entrega de Plan de trabajo a representantes ciudadanos (Asamblea de Quito)<\/span><\/li><li><span style=\"text-decoration: underline;\">Orden del d\u00eda y Metodolog\u00eda evento de RDC comisi\u00f3n 2<\/span><\/li><\/ul><p><strong>Formulario de rendici\u00f3n de cuentas 2023<\/strong><\/p><ul><li><span style=\"text-decoration: underline;\">Equipo Rendici\u00f3n de Cuentas\u00a0<\/span><\/li><li><span style=\"text-decoration: underline;\">Hoja de ruta Rendici\u00f3n de Cuentas 2023<\/span><\/li><li><span style=\"text-decoration: underline;\">Conformaci\u00f3n de las dos comisiones mixtas (instituci\u00f3n y ciudadan\u00eda)<\/span><\/li><li><span style=\"text-decoration: underline;\">Aprobaci\u00f3n del formulario e informe narrativo del Proceso de Rendici\u00f3n de Cuentas 2023<\/span><\/li><li><span style=\"text-decoration: underline;\">Formulario de Rendici\u00f3n de Cuentas base 2023<\/span><\/li><li><u>Procesos de contrataci\u00f3n p\u00fablica 2023<\/u><\/li><li><span style=\"text-decoration: underline;\">Incorporaci\u00f3n de recomendaciones y dict\u00e1menes por parte de las entidades de la Funci\u00f3n de Transparencia y Control Social, la Procuradur\u00eda General del Estado y CEAACES<\/span><\/li><li><span style=\"text-decoration: underline;\">Mecanismos de Control Social (no se ha realizado ning\u00fan mecanismo de control)<\/span><\/li><\/ul><\/div>\n\t\t\t\t<\/div>\n\t\t\t\t\t\t\t<div class=\"elementor-accordion-item\">\n\t\t\t\t\t<div id=\"elementor-tab-title-1912\" class=\"elementor-tab-title\" data-tab=\"2\" role=\"button\" aria-controls=\"elementor-tab-content-1912\" aria-expanded=\"false\">\n\t\t\t\t\t\t\t\t\t\t\t\t\t<span class=\"elementor-accordion-icon elementor-accordion-icon-left\" aria-hidden=\"true\">\n\t\t\t\t\t\t\t\t\t\t\t\t\t\t\t<span class=\"elementor-accordion-icon-closed\"><svg class=\"e-font-icon-svg e-fas-plus\" viewBox=\"0 0 448 512\" xmlns=\"http:\/\/www.w3.org\/2000\/svg\"><path d=\"M416 208H272V64c0-17.67-14.33-32-32-32h-32c-17.67 0-32 14.33-32 32v144H32c-17.67 0-32 14.33-32 32v32c0 17.67 14.33 32 32 32h144v144c0 17.67 14.33 32 32 32h32c17.67 0 32-14.33 32-32V304h144c17.67 0 32-14.33 32-32v-32c0-17.67-14.33-32-32-32z\"><\/path><\/svg><\/span>\n\t\t\t\t\t\t\t\t<span class=\"elementor-accordion-icon-opened\"><svg class=\"e-font-icon-svg e-fas-minus\" viewBox=\"0 0 448 512\" xmlns=\"http:\/\/www.w3.org\/2000\/svg\"><path d=\"M416 208H32c-17.67 0-32 14.33-32 32v32c0 17.67 14.33 32 32 32h384c17.67 0 32-14.33 32-32v-32c0-17.67-14.33-32-32-32z\"><\/path><\/svg><\/span>\n\t\t\t\t\t\t\t\t\t\t\t\t\t\t<\/span>\n\t\t\t\t\t\t\t\t\t\t\t\t<a class=\"elementor-accordion-title\" tabindex=\"0\">2022<\/a>\n\t\t\t\t\t<\/div>\n\t\t\t\t\t<div id=\"elementor-tab-content-1912\" class=\"elementor-tab-content elementor-clearfix\" data-tab=\"2\" role=\"region\" aria-labelledby=\"elementor-tab-title-1912\"><p><strong>Informe de rendici\u00f3n de cuentas de Alcald\u00eda (GAD MDMQ)<\/strong><\/p><ul><li><a href=\"https:\/\/quito.gob.ec\/documents\/rendicion_cuentas\/2022\/PMDOT_2021-2033.pdf\"><u>Plan Metropolitano de Desarrollo y Ordenamiento territorial (PMDOT) 2021 \u2013 2033, con sus respectivos ap\u00e9ndices, aprobado mediante Ordenanza PMDOT-PUGS No. 001 \u2013 2021<\/u><\/a><\/li><li><u>Presupuesto institucional 2022<\/u><\/li><li><a href=\"https:\/\/quito.gob.ec\/documents\/rendicion_cuentas\/2022\/anexo_4._plan_operativo_anual_2022_del_mdmq_f.pdf\"><u>Plan Operativo Anual (POA) 2022<\/u><\/a><\/li><li><a href=\"https:\/\/quito.gob.ec\/documents\/rendicion_cuentas\/2021\/PGA_Alcalde_SGuarderas.pdf\"><u>Plan de Gobierno &#8211; Campa\u00f1a Alcald\u00eda 2021-2023<\/u><\/a><\/li><li>Rendici\u00f3n de cuentas 2022 del GAD MDMQ<\/li><li><a href=\"https:\/\/quito.gob.ec\/documents\/rendicion_cuentas\/2022\/Informe_tecnico_No_CMLCC-DPC-2023-056.pdf\"><u>Catastro Municipal 2022<\/u><\/a><\/li><\/ul><p><strong>Informe de rendici\u00f3n de cuentas de la Administraci\u00f3n Zonal Tumbaco (GAD MDMQ)<\/strong><\/p><ul><li><span style=\"text-decoration: underline;\"><a href=\"https:\/\/zonales.quito.gob.ec\/wp-content\/uploads\/ORD-006-2021-PMU-PRESUPUESTO-2022.pdf\">Presupuesto institucional 2022<\/a><\/span>\u00a0<\/li><li><a href=\"https:\/\/zonales.quito.gob.ec\/wp-content\/uploads\/POA-2022-AZT-con-reforma.pdf\"><span style=\"text-decoration: underline;\">Plan Operativo Anual (POA) 2022\u00a0<\/span><\/a><\/li><li><a href=\"https:\/\/zonales.quito.gob.ec\/wp-content\/uploads\/informe-narrativo2022_administracio\u0301n-zonal-tumbaco-.pdf\"><span style=\"text-decoration: underline;\">Informe Narrativo de Rendici\u00f3n de Cuentas\u00a0 2022<\/span><\/a><\/li><li><a href=\"https:\/\/zonales.quito.gob.ec\/wp-content\/uploads\/CONVOCATORIA-RDC-2022-AMZT.pdf\"><span style=\"text-decoration: underline;\">Convocatoria (invitaci\u00f3n) a la deliberaci\u00f3n p\u00fablica de rendici\u00f3n de cuentas 2022<\/span><\/a><\/li><li><a href=\"https:\/\/zonales.quito.gob.ec\/wp-content\/uploads\/Evento-Deliberacion-Links-de-respaldo-rendicion-de-cuentas.pdf\"><span style=\"text-decoration: underline;\">Evento deliberaci\u00f3n p\u00fablica rendici\u00f3n de cuentas 2022<\/span><\/a><\/li><li><a href=\"https:\/\/zonales.quito.gob.ec\/wp-content\/uploads\/informe-narrativo2022_administracio\u0301n-zonal-tumbaco-.pdf\"><span style=\"text-decoration: underline;\">Informe de Rendici\u00f3n de Cuentas\u00a0 2022 registrado en la plataforma virtual del Consejo de Participaci\u00f3n Ciudadana y Control Social (CPCCS)<\/span><\/a><\/li><li><a href=\"https:\/\/zonales.quito.gob.ec\/wp-content\/uploads\/CORREO-CONFIRMACION-FINALIZ-RDC-AZT-2022.pdf\"><span style=\"text-decoration: underline;\">Correo de confirmaci\u00f3n de finalizaci\u00f3n del proceso de rendici\u00f3n de cuentas 2022 en la plataforma del CPCCS<\/span><\/a><\/li><li><a href=\"https:\/\/zonales.quito.gob.ec\/wp-content\/uploads\/Plan_de_trabajo_2023-RDC-AZT-signed.pdf\"><span style=\"text-decoration: underline;\">Plan de trabajo acciones de mejora<\/span><\/a><\/li><li><a href=\"https:\/\/zonales.quito.gob.ec\/wp-content\/uploads\/GADDMQ-AZT-2023-1123-O-constancia-entrega-de-plan-de-trabajo.pdf\"><span style=\"text-decoration: underline;\">Constancia de entrega de Plan de trabajo a representantes ciudadanos (Asamblea de Quito)<\/span><\/a><\/li><li><a href=\"https:\/\/zonales.quito.gob.ec\/wp-content\/uploads\/PPT-Metodologia-evento-de-RDC-para-la-comision-mixta-2.pptx\"><u>Orden del d\u00eda y Metodolog\u00eda evento de RDC comisi\u00f3n 2<\/u><\/a><\/li><\/ul><p><strong>Formulario de rendici\u00f3n de cuentas 2022<\/strong><\/p><ul><li>Equipo Rendici\u00f3n de Cuentas\u00a0<\/li><li><a href=\"https:\/\/zonales.quito.gob.ec\/wp-content\/uploads\/hoja_de_ruta_validada-AMZT.pdf\"><span style=\"text-decoration: underline;\">Hoja de ruta Rendici\u00f3n de Cuentas 2022<\/span><\/a><\/li><li><a href=\"https:\/\/zonales.quito.gob.ec\/wp-content\/uploads\/Conformacion-de-las-dos-comisiones-mixtas-institucion-y-ciudadania.pdf\"><span style=\"text-decoration: underline;\">Conformaci\u00f3n de las dos comisiones mixtas (instituci\u00f3n y ciudadan\u00eda)<\/span><\/a><\/li><li>Aprobaci\u00f3n del formulario e informe narrativo del Proceso de Rendici\u00f3n de Cuentas 2022<\/li><li>Formulario de Rendici\u00f3n de Cuentas base 2022<\/li><li>Procesos de contrataci\u00f3n p\u00fablica 2022<\/li><li><a href=\"https:\/\/zonales.quito.gob.ec\/wp-content\/uploads\/anexo_3._incorporacion_de_recomendaciones_y_dictamenes_-aztumbaco.pdf\"><span style=\"text-decoration: underline;\">Incorporaci\u00f3n de recomendaciones y dict\u00e1menes por parte de las entidades de la Funci\u00f3n de Transparencia y Control Social, la Procuradur\u00eda General del Estado y CEAACES<\/span><\/a><\/li><li>Mecanismos de Control Social<\/li><\/ul><\/div>\n\t\t\t\t<\/div>\n\t\t\t\t\t\t\t<div class=\"elementor-accordion-item\">\n\t\t\t\t\t<div id=\"elementor-tab-title-1913\" class=\"elementor-tab-title\" data-tab=\"3\" role=\"button\" aria-controls=\"elementor-tab-content-1913\" aria-expanded=\"false\">\n\t\t\t\t\t\t\t\t\t\t\t\t\t<span class=\"elementor-accordion-icon elementor-accordion-icon-left\" aria-hidden=\"true\">\n\t\t\t\t\t\t\t\t\t\t\t\t\t\t\t<span class=\"elementor-accordion-icon-closed\"><svg class=\"e-font-icon-svg e-fas-plus\" viewBox=\"0 0 448 512\" xmlns=\"http:\/\/www.w3.org\/2000\/svg\"><path d=\"M416 208H272V64c0-17.67-14.33-32-32-32h-32c-17.67 0-32 14.33-32 32v144H32c-17.67 0-32 14.33-32 32v32c0 17.67 14.33 32 32 32h144v144c0 17.67 14.33 32 32 32h32c17.67 0 32-14.33 32-32V304h144c17.67 0 32-14.33 32-32v-32c0-17.67-14.33-32-32-32z\"><\/path><\/svg><\/span>\n\t\t\t\t\t\t\t\t<span class=\"elementor-accordion-icon-opened\"><svg class=\"e-font-icon-svg e-fas-minus\" viewBox=\"0 0 448 512\" xmlns=\"http:\/\/www.w3.org\/2000\/svg\"><path d=\"M416 208H32c-17.67 0-32 14.33-32 32v32c0 17.67 14.33 32 32 32h384c17.67 0 32-14.33 32-32v-32c0-17.67-14.33-32-32-32z\"><\/path><\/svg><\/span>\n\t\t\t\t\t\t\t\t\t\t\t\t\t\t<\/span>\n\t\t\t\t\t\t\t\t\t\t\t\t<a class=\"elementor-accordion-title\" tabindex=\"0\">2021<\/a>\n\t\t\t\t\t<\/div>\n\t\t\t\t\t<div id=\"elementor-tab-content-1913\" class=\"elementor-tab-content elementor-clearfix\" data-tab=\"3\" role=\"region\" aria-labelledby=\"elementor-tab-title-1913\"><p><strong>Informe de rendici\u00f3n de cuentas de Alcald\u00eda (GAD MDMQ)<\/strong><\/p><ul><li><u><a href=\"https:\/\/gobiernoabierto.quito.gob.ec\/plan-pmdot\">Plan Metropolitano de Desarrollo y Ordenamiento territorial (PMDOT) 2021 \u2013 2033, con sus respectivos ap\u00e9ndices, aprobado mediante Ordenanza PMDOT-PUGS No. 001 \u2013 2021<\/a><\/u><\/li><li><u><a href=\"https:\/\/quito.gob.ec\/documents\/rendicion_cuentas\/2021\/Presupuesto-institucional.pdf\">Presupuesto institucional y participativo, que corresponde a la Ordenanza PMU No. 005-2021 mediante la cual, se reform\u00f3 el presupuesto general del 2021<\/a><\/u><\/li><li><u><a href=\"https:\/\/quito.gob.ec\/documents\/rendicion_cuentas\/2021\/POA_2021_provisional.pdf\">Plan Operativo Anual (POA) 2021<\/a><\/u><\/li><li><u><a href=\"https:\/\/quito.gob.ec\/documents\/rendicion_cuentas\/2021\/PGA_Alcalde_SGuarderas.pdf\">Plan de Gobierno &#8211; Campa\u00f1a Alcald\u00eda 2021-2023<\/a><\/u><\/li><li><u><a href=\"https:\/\/quito.gob.ec\/documents\/rendicion_cuentas\/2021\/catastro2021.pdf\">Catastro Municipal 2021<\/a><\/u><\/li><\/ul><p><strong>Informe de rendici\u00f3n de cuentas de la Administraci\u00f3n Zonal Tumbaco (GAD MDMQ)<\/strong><\/p><ul><li><a href=\"https:\/\/zonales.quito.gob.ec\/wp-content\/uploads\/2022\/05\/Presupuesto-institucional.pdf\">Presupuesto institucional 2021\u00a0<\/a><\/li><li><a href=\"https:\/\/zonales.quito.gob.ec\/wp-content\/uploads\/2022\/05\/POA2021_TUMBACO.pdf\">Plan Operativo Anual (POA) 2021\u00a0<\/a><\/li><li><a href=\"https:\/\/zonales.quito.gob.ec\/wp-content\/uploads\/2022\/05\/RENDICION-DE-CUENTAS-TUMBACO-2021-signed-1.pdf\">Informe Narrativo de Rendici\u00f3n de Cuentas\u00a0 2021<\/a><\/li><li><a href=\"https:\/\/docs.google.com\/spreadsheets\/d\/1b6f-EfZwceWfwBnFrEh4UpJXXr8nolxVHmsKz6nc68k\/edit#gid=1105377780\">Convocatoria (invitaci\u00f3n) a la deliberaci\u00f3n p\u00fablica de rendici\u00f3n de cuentas 2021<\/a><\/li><li><a href=\"https:\/\/fb.watch\/cUXYouMLgR\/\">Evento deliberaci\u00f3n p\u00fablica rendici\u00f3n de cuentas 2021<\/a><\/li><li><a href=\"https:\/\/zonales.quito.gob.ec\/wp-content\/uploads\/2022\/05\/FORMUL1.pdf\">Informe de Rendici\u00f3n de Cuentas\u00a0 2021 registrado en la plataforma virtual del Consejo de Participaci\u00f3n Ciudadana y Control Social (CPCCS)<\/a><\/li><li><u><a href=\"https:\/\/zonales.quito.gob.ec\/wp-content\/uploads\/2022\/05\/ReporteInformeGad-Administracion-Zonal-Tumbaco.pdf\">Correo de confirmaci\u00f3n de finalizaci\u00f3n del proceso de rendici\u00f3n de cuentas 2021 en la plataforma del CPCCS<\/a><\/u><\/li><li><a href=\"https:\/\/zonales.quito.gob.ec\/wp-content\/uploads\/2022\/05\/PLAN-TUMBACO.pdf\">Plan de trabajo acciones de mejora<\/a><\/li><li><a href=\"https:\/\/zonales.quito.gob.ec\/wp-content\/uploads\/2022\/05\/Constancia-de-entrega-de-Plan-de-trabajo-a-representantes-ciudadanos-Asamblea-de-Quito.pdf\">Constancia de entrega de Plan de trabajo a representantes ciudadanos (Asamblea de Quito)<\/a><\/li><li><u><a href=\"https:\/\/zonales.quito.gob.ec\/wp-content\/uploads\/2022\/07\/Metodologia-evento-de-RDC-comision-2.pdf\">Orden del d\u00eda y Metodolog\u00eda evento de RDC comisi\u00f3n 2<\/a><\/u><\/li><\/ul><p><strong>Formulario de rendici\u00f3n de cuentas 2021<\/strong><\/p><ul><li><a href=\"https:\/\/zonales.quito.gob.ec\/wp-content\/uploads\/2022\/05\/EQUIPO-RDC-POR-ZONAL-.pdf\">Equipo Rendici\u00f3n de Cuentas\u00a0<\/a><\/li><li><a href=\"https:\/\/zonales.quito.gob.ec\/wp-content\/uploads\/2022\/05\/hoja_de_ruta_validada_RC2021.pdf\">Hoja de ruta Rendici\u00f3n de Cuentas 2021<\/a><\/li><li><a href=\"https:\/\/zonales.quito.gob.ec\/wp-content\/uploads\/2022\/05\/ACTA-DE-CONFORMACION.pdf\">Conformaci\u00f3n de las dos comisiones mixtas (instituci\u00f3n y ciudadan\u00eda)<\/a><\/li><li><a href=\"https:\/\/zonales.quito.gob.ec\/wp-content\/uploads\/2022\/05\/APROBA2.pdf\">Aprobaci\u00f3n del formulario e informe narrativo del Proceso de Rendici\u00f3n de Cuentas 2021\u00a0<\/a><\/li><li><a href=\"https:\/\/zonales.quito.gob.ec\/wp-content\/uploads\/2022\/05\/FORMUL1-1.pdf\">Formulario de Rendici\u00f3n de Cuentas base 2021<\/a><\/li><li><a href=\"https:\/\/gobiernoabierto.quito.gob.ec\/Archivos\/quitoparticipa\/RDC2021\/AZTumbaco\/ComPub\/\">Procesos de contrataci\u00f3n p\u00fablica 2021<\/a><\/li><li>Incorporaci\u00f3n de recomendaciones y dict\u00e1menes por parte de las entidades de la Funci\u00f3n de Transparencia y Control Social, la Procuradur\u00eda General del Estado y CEAACES<\/li><li>Mecanismos de Control Social<\/li><\/ul><\/div>\n\t\t\t\t<\/div>\n\t\t\t\t\t\t\t\t<\/div>\n\t\t\t\t\t\t<\/div>\n\t\t\t\t<\/div>\n\t\t\t\t\t<\/div>\n\t\t<\/div>\n\t\t\t\t\t<\/div>\n\t\t<\/section>\n\t\t\t\t<\/div>\n\t\t","protected":false},"excerpt":{"rendered":"<p>RENDICI\u00d3N DE CUENTAS Administraci\u00f3n Zonal Tumbaco 2023 Informe de rendici\u00f3n de cuentas de Alcald\u00eda (GAD MDMQ) Plan Metropolitano de Desarrollo y Ordenamiento territorial (PMDOT) 2021 \u2013 2033, con sus respectivos ap\u00e9ndices, aprobado mediante Ordenanza PMDOT-PUGS No. 001 \u2013 2021 Presupuesto institucional 2023 Plan Operativo Anual (POA) 2023 Plan de Gobierno &#8211; Campa\u00f1a Alcald\u00eda 2023 &#8211; [&hellip;]<\/p>\n","protected":false},"author":1,"featured_media":0,"parent":0,"menu_order":0,"comment_status":"closed","ping_status":"closed","template":"elementor_header_footer","meta":{"_monsterinsights_skip_tracking":false,"_monsterinsights_sitenote_active":false,"_monsterinsights_sitenote_note":"","_monsterinsights_sitenote_category":0,"footnotes":""},"class_list":["post-8137","page","type-page","status-publish","hentry"],"_links":{"self":[{"href":"https:\/\/zonales.quito.gob.ec\/index.php?rest_route=\/wp\/v2\/pages\/8137","targetHints":{"allow":["GET"]}}],"collection":[{"href":"https:\/\/zonales.quito.gob.ec\/index.php?rest_route=\/wp\/v2\/pages"}],"about":[{"href":"https:\/\/zonales.quito.gob.ec\/index.php?rest_route=\/wp\/v2\/types\/page"}],"author":[{"embeddable":true,"href":"https:\/\/zonales.quito.gob.ec\/index.php?rest_route=\/wp\/v2\/users\/1"}],"replies":[{"embeddable":true,"href":"https:\/\/zonales.quito.gob.ec\/index.php?rest_route=%2Fwp%2Fv2%2Fcomments&post=8137"}],"version-history":[{"count":125,"href":"https:\/\/zonales.quito.gob.ec\/index.php?rest_route=\/wp\/v2\/pages\/8137\/revisions"}],"predecessor-version":[{"id":161316,"href":"https:\/\/zonales.quito.gob.ec\/index.php?rest_route=\/wp\/v2\/pages\/8137\/revisions\/161316"}],"wp:attachment":[{"href":"https:\/\/zonales.quito.gob.ec\/index.php?rest_route=%2Fwp%2Fv2%2Fmedia&parent=8137"}],"curies":[{"name":"wp","href":"https:\/\/api.w.org\/{rel}","templated":true}]}}